{"id":6619,"date":"2021-05-14T10:02:14","date_gmt":"2021-05-14T10:02:14","guid":{"rendered":"https:\/\/dev.aceitesunicos.com\/producto\/aceite-de-oliva-virgen-extra-botella-dorica-750ml-2\/"},"modified":"2021-05-14T10:02:14","modified_gmt":"2021-05-14T10:02:14","slug":"aceite-de-oliva-virgen-extra-botella-dorica-750ml-2","status":"publish","type":"product","link":"https:\/\/aceitesunicos.com\/zh-hant\/producto\/aceite-de-oliva-virgen-extra-botella-dorica-750ml-2\/","title":{"rendered":"Aceite de oliva Virgen Extra botella d\u00f3rica 750ml"},"content":{"rendered":"","protected":false},"excerpt":{"rendered":"<p>Aceite de oliva de\u00a0categor\u00eda superior, obtenido directamente de aceitunas y s\u00f3lo mediante procedimientos mec\u00e1nicos. Sus propiedades y cualidades, tanto biol\u00f3gicas como organol\u00e9pticas, permanecen inalterables, as\u00ed como su intenso sabor y aroma. El grado de\u00a0acidez m\u00e1xima\u00a0es igual o inferior a\u00a00,8\u00a0y su\u00a0nota de cata\u00a0calificada de\u00a06,5\u00a0como m\u00ednimo.<\/p>\n","protected":false},"featured_media":6426,"template":"","meta":{"_joinchat":[]},"product_brand":[],"product_cat":[75,105],"product_tag":[],"class_list":{"0":"post-6619","1":"product","2":"type-product","3":"status-publish","4":"has-post-thumbnail","6":"product_cat-aceites-unicos-zh-hant","7":"product_cat-vidrio-zh-hant","9":"first","10":"instock","11":"shipping-taxable","12":"product-type-simple"},"yoast_head":"<!-- This site is optimized with the Yoast SEO plugin v24.5 - https:\/\/yoast.com\/wordpress\/plugins\/seo\/ -->\n<title>Aceite de oliva Virgen Extra botella d\u00f3rica 750ml - Aceites &Uacute;nicos<\/title>\n<meta name=\"robots\" content=\"index, follow, max-snippet:-1, max-image-preview:large, max-video-preview:-1\" \/>\n<link rel=\"canonical\" href=\"https:\/\/aceitesunicos.com\/zh-hant\/producto\/aceite-de-oliva-virgen-extra-botella-dorica-750ml-2\/\" \/>\n<meta property=\"og:locale\" content=\"zh_TW\" \/>\n<meta property=\"og:type\" content=\"article\" \/>\n<meta property=\"og:title\" content=\"Aceite de oliva Virgen Extra botella d\u00f3rica 750ml - Aceites &Uacute;nicos\" \/>\n<meta property=\"og:description\" content=\"Aceite de oliva de\u00a0categor\u00eda superior, obtenido directamente de aceitunas y s\u00f3lo mediante procedimientos mec\u00e1nicos. Sus propiedades y cualidades, tanto biol\u00f3gicas como organol\u00e9pticas, permanecen inalterables, as\u00ed como su intenso sabor y aroma. El grado de\u00a0acidez m\u00e1xima\u00a0es igual o inferior a\u00a00,8\u00a0y su\u00a0nota de cata\u00a0calificada de\u00a06,5\u00a0como m\u00ednimo.\" \/>\n<meta property=\"og:url\" content=\"https:\/\/aceitesunicos.com\/zh-hant\/producto\/aceite-de-oliva-virgen-extra-botella-dorica-750ml-2\/\" \/>\n<meta property=\"og:site_name\" content=\"Aceites &Uacute;nicos\" \/>\n<meta property=\"og:image\" content=\"https:\/\/aceitesunicos.com\/wp-content\/uploads\/2021\/05\/ACEITE_750.jpg\" \/>\n\t<meta property=\"og:image:width\" content=\"1024\" \/>\n\t<meta property=\"og:image:height\" content=\"1024\" \/>\n\t<meta property=\"og:image:type\" content=\"image\/jpeg\" \/>\n<meta name=\"twitter:card\" content=\"summary_large_image\" \/>\n<script type=\"application\/ld+json\" class=\"yoast-schema-graph\">{\"@context\":\"https:\/\/schema.org\",\"@graph\":[{\"@type\":\"WebPage\",\"@id\":\"https:\/\/aceitesunicos.com\/zh-hant\/producto\/aceite-de-oliva-virgen-extra-botella-dorica-750ml-2\/\",\"url\":\"https:\/\/aceitesunicos.com\/zh-hant\/producto\/aceite-de-oliva-virgen-extra-botella-dorica-750ml-2\/\",\"name\":\"Aceite de oliva Virgen Extra botella d\u00f3rica 750ml - Aceites &Uacute;nicos\",\"isPartOf\":{\"@id\":\"https:\/\/aceitesunicos.com\/en\/#website\"},\"primaryImageOfPage\":{\"@id\":\"https:\/\/aceitesunicos.com\/zh-hant\/producto\/aceite-de-oliva-virgen-extra-botella-dorica-750ml-2\/#primaryimage\"},\"image\":{\"@id\":\"https:\/\/aceitesunicos.com\/zh-hant\/producto\/aceite-de-oliva-virgen-extra-botella-dorica-750ml-2\/#primaryimage\"},\"thumbnailUrl\":\"https:\/\/aceitesunicos.com\/wp-content\/uploads\/2021\/05\/ACEITE_750.jpg\",\"datePublished\":\"2021-05-14T10:02:14+00:00\",\"breadcrumb\":{\"@id\":\"https:\/\/aceitesunicos.com\/zh-hant\/producto\/aceite-de-oliva-virgen-extra-botella-dorica-750ml-2\/#breadcrumb\"},\"inLanguage\":\"zh-TW\",\"potentialAction\":[{\"@type\":\"ReadAction\",\"target\":[\"https:\/\/aceitesunicos.com\/zh-hant\/producto\/aceite-de-oliva-virgen-extra-botella-dorica-750ml-2\/\"]}]},{\"@type\":\"ImageObject\",\"inLanguage\":\"zh-TW\",\"@id\":\"https:\/\/aceitesunicos.com\/zh-hant\/producto\/aceite-de-oliva-virgen-extra-botella-dorica-750ml-2\/#primaryimage\",\"url\":\"https:\/\/aceitesunicos.com\/wp-content\/uploads\/2021\/05\/ACEITE_750.jpg\",\"contentUrl\":\"https:\/\/aceitesunicos.com\/wp-content\/uploads\/2021\/05\/ACEITE_750.jpg\",\"width\":1024,\"height\":1024,\"caption\":\"Botella de cristal de aceite de oliva de 750 ml\"},{\"@type\":\"BreadcrumbList\",\"@id\":\"https:\/\/aceitesunicos.com\/zh-hant\/producto\/aceite-de-oliva-virgen-extra-botella-dorica-750ml-2\/#breadcrumb\",\"itemListElement\":[{\"@type\":\"ListItem\",\"position\":1,\"name\":\"Home\",\"item\":\"https:\/\/aceitesunicos.com\/zh-hant\/\"},{\"@type\":\"ListItem\",\"position\":2,\"name\":\"\u5546\u5e97\",\"item\":\"https:\/\/aceitesunicos.com\/zh-hant\/%e5%95%86%e5%ba%97\/\"},{\"@type\":\"ListItem\",\"position\":3,\"name\":\"Aceite de oliva Virgen Extra botella d\u00f3rica 750ml\"}]},{\"@type\":\"WebSite\",\"@id\":\"https:\/\/aceitesunicos.com\/en\/#website\",\"url\":\"https:\/\/aceitesunicos.com\/en\/\",\"name\":\"Aceites &Uacute;nicos\",\"description\":\"Aceites &Uacute;nicos\",\"potentialAction\":[{\"@type\":\"SearchAction\",\"target\":{\"@type\":\"EntryPoint\",\"urlTemplate\":\"https:\/\/aceitesunicos.com\/en\/?s={search_term_string}\"},\"query-input\":{\"@type\":\"PropertyValueSpecification\",\"valueRequired\":true,\"valueName\":\"search_term_string\"}}],\"inLanguage\":\"zh-TW\"}]}<\/script>\n<!-- \/ Yoast SEO plugin. -->","yoast_head_json":{"title":"Aceite de oliva Virgen Extra botella d\u00f3rica 750ml - Aceites &Uacute;nicos","robots":{"index":"index","follow":"follow","max-snippet":"max-snippet:-1","max-image-preview":"max-image-preview:large","max-video-preview":"max-video-preview:-1"},"canonical":"https:\/\/aceitesunicos.com\/zh-hant\/producto\/aceite-de-oliva-virgen-extra-botella-dorica-750ml-2\/","og_locale":"zh_TW","og_type":"article","og_title":"Aceite de oliva Virgen Extra botella d\u00f3rica 750ml - Aceites &Uacute;nicos","og_description":"Aceite de oliva de\u00a0categor\u00eda superior, obtenido directamente de aceitunas y s\u00f3lo mediante procedimientos mec\u00e1nicos. Sus propiedades y cualidades, tanto biol\u00f3gicas como organol\u00e9pticas, permanecen inalterables, as\u00ed como su intenso sabor y aroma. El grado de\u00a0acidez m\u00e1xima\u00a0es igual o inferior a\u00a00,8\u00a0y su\u00a0nota de cata\u00a0calificada de\u00a06,5\u00a0como m\u00ednimo.","og_url":"https:\/\/aceitesunicos.com\/zh-hant\/producto\/aceite-de-oliva-virgen-extra-botella-dorica-750ml-2\/","og_site_name":"Aceites &Uacute;nicos","og_image":[{"width":1024,"height":1024,"url":"https:\/\/aceitesunicos.com\/wp-content\/uploads\/2021\/05\/ACEITE_750.jpg","type":"image\/jpeg"}],"twitter_card":"summary_large_image","schema":{"@context":"https:\/\/schema.org","@graph":[{"@type":"WebPage","@id":"https:\/\/aceitesunicos.com\/zh-hant\/producto\/aceite-de-oliva-virgen-extra-botella-dorica-750ml-2\/","url":"https:\/\/aceitesunicos.com\/zh-hant\/producto\/aceite-de-oliva-virgen-extra-botella-dorica-750ml-2\/","name":"Aceite de oliva Virgen Extra botella d\u00f3rica 750ml - Aceites &Uacute;nicos","isPartOf":{"@id":"https:\/\/aceitesunicos.com\/en\/#website"},"primaryImageOfPage":{"@id":"https:\/\/aceitesunicos.com\/zh-hant\/producto\/aceite-de-oliva-virgen-extra-botella-dorica-750ml-2\/#primaryimage"},"image":{"@id":"https:\/\/aceitesunicos.com\/zh-hant\/producto\/aceite-de-oliva-virgen-extra-botella-dorica-750ml-2\/#primaryimage"},"thumbnailUrl":"https:\/\/aceitesunicos.com\/wp-content\/uploads\/2021\/05\/ACEITE_750.jpg","datePublished":"2021-05-14T10:02:14+00:00","breadcrumb":{"@id":"https:\/\/aceitesunicos.com\/zh-hant\/producto\/aceite-de-oliva-virgen-extra-botella-dorica-750ml-2\/#breadcrumb"},"inLanguage":"zh-TW","potentialAction":[{"@type":"ReadAction","target":["https:\/\/aceitesunicos.com\/zh-hant\/producto\/aceite-de-oliva-virgen-extra-botella-dorica-750ml-2\/"]}]},{"@type":"ImageObject","inLanguage":"zh-TW","@id":"https:\/\/aceitesunicos.com\/zh-hant\/producto\/aceite-de-oliva-virgen-extra-botella-dorica-750ml-2\/#primaryimage","url":"https:\/\/aceitesunicos.com\/wp-content\/uploads\/2021\/05\/ACEITE_750.jpg","contentUrl":"https:\/\/aceitesunicos.com\/wp-content\/uploads\/2021\/05\/ACEITE_750.jpg","width":1024,"height":1024,"caption":"Botella de cristal de aceite de oliva de 750 ml"},{"@type":"BreadcrumbList","@id":"https:\/\/aceitesunicos.com\/zh-hant\/producto\/aceite-de-oliva-virgen-extra-botella-dorica-750ml-2\/#breadcrumb","itemListElement":[{"@type":"ListItem","position":1,"name":"Home","item":"https:\/\/aceitesunicos.com\/zh-hant\/"},{"@type":"ListItem","position":2,"name":"\u5546\u5e97","item":"https:\/\/aceitesunicos.com\/zh-hant\/%e5%95%86%e5%ba%97\/"},{"@type":"ListItem","position":3,"name":"Aceite de oliva Virgen Extra botella d\u00f3rica 750ml"}]},{"@type":"WebSite","@id":"https:\/\/aceitesunicos.com\/en\/#website","url":"https:\/\/aceitesunicos.com\/en\/","name":"Aceites &Uacute;nicos","description":"Aceites &Uacute;nicos","potentialAction":[{"@type":"SearchAction","target":{"@type":"EntryPoint","urlTemplate":"https:\/\/aceitesunicos.com\/en\/?s={search_term_string}"},"query-input":{"@type":"PropertyValueSpecification","valueRequired":true,"valueName":"search_term_string"}}],"inLanguage":"zh-TW"}]}},"_links":{"self":[{"href":"https:\/\/aceitesunicos.com\/zh-hant\/wp-json\/wp\/v2\/product\/6619","targetHints":{"allow":["GET"]}}],"collection":[{"href":"https:\/\/aceitesunicos.com\/zh-hant\/wp-json\/wp\/v2\/product"}],"about":[{"href":"https:\/\/aceitesunicos.com\/zh-hant\/wp-json\/wp\/v2\/types\/product"}],"wp:featuredmedia":[{"embeddable":true,"href":"https:\/\/aceitesunicos.com\/zh-hant\/wp-json\/wp\/v2\/media\/6426"}],"wp:attachment":[{"href":"https:\/\/aceitesunicos.com\/zh-hant\/wp-json\/wp\/v2\/media?parent=6619"}],"wp:term":[{"taxonomy":"product_brand","embeddable":true,"href":"https:\/\/aceitesunicos.com\/zh-hant\/wp-json\/wp\/v2\/product_brand?post=6619"},{"taxonomy":"product_cat","embeddable":true,"href":"https:\/\/aceitesunicos.com\/zh-hant\/wp-json\/wp\/v2\/product_cat?post=6619"},{"taxonomy":"product_tag","embeddable":true,"href":"https:\/\/aceitesunicos.com\/zh-hant\/wp-json\/wp\/v2\/product_tag?post=6619"}],"curies":[{"name":"wp","href":"https:\/\/api.w.org\/{rel}","templated":true}]}}