{"id":6565,"date":"2021-05-20T09:27:29","date_gmt":"2021-05-20T09:27:29","guid":{"rendered":"https:\/\/dev.aceitesunicos.com\/producto\/estuche-aceite-de-oliva-virgen-extra\/"},"modified":"2021-05-28T10:41:25","modified_gmt":"2021-05-28T10:41:25","slug":"estuche-aceite-de-oliva-virgen-extra","status":"publish","type":"product","link":"https:\/\/aceitesunicos.com\/zh-hant\/producto\/estuche-aceite-de-oliva-virgen-extra\/","title":{"rendered":"Estuche de Aceite de oliva virgen extra de calidad premium"},"content":{"rendered":"","protected":false},"excerpt":{"rendered":"<p>\u91c7\u7528\u78a7\u6302\u6a44\u6984\u7cbe\u69a8\u800c\u6210\u7684\u9ad8\u54c1\u8d28\u7279\u7ea7\u521d\u69a8\u6a44\u6984\u6cb9\uff0c500 ml\u542c\u88c5\uff08\u6cb9\u7f50\u5448\u91d1\u952d\u5f62\uff09\u3002<\/p>\n<p>\u4f18\u8d28\u521d\u69a8\u6a44\u6984\u6cb9\uff0c<b>\u9996\u69a8<\/b>\u800c\u6210\uff0c\u5176\u539f\u6599\u53ea\u9009\u7528\u91c7\u81ea11\u6708\u548c12\u6708\u4e4b\u95f4\u6700\u4f73\u679c\u5b9e\u6210\u719f\u70b9\u7684\u78a7\u6302\u6a44\u6984\u3002<\/p>\n<p>\u8be5\u6a44\u6984\u6cb9\u5177\u6709\u6781\u9ad8\u7684\u7a33\u5b9a\u6027\uff0c\u5448\u72ec\u7279\u7684\u679c\u7eff\u8272\uff0c\u53e3\u611f<b>\u6e05\u9999<\/b>\uff0c\u6709\u6de1\u6de1\u7684<b>\u82f9\u679c\u548c\u6728\u6750<\/b>\u5473\uff0c\u5177\u6709\u4e2d\u7b49\u82e6\u5473\u5e76\u7565\u5e26\u8f9b\u8fa3\u5473\u3002\u8be5\u6a44\u6984\u6cb9\u8d28\u4f53\u6781\u4f73\uff0c\u53e3\u611f\u5f3a\u70c8\u3002<\/p>\n<p>\u8be5\u6a44\u6984\u6cb9\u7684\u5305\u88c5\u7f50\u91c7\u7528<b>\u91d1\u952d<\/b>\u5f62\uff0c\u4f7f\u5176\u53ef\u514d\u4e8e\u88ab\u66b4\u9732\u5728\u5149\u7ebf\u4e2d\uff0c\u907f\u514d\u5176\u8fc7\u65e9\u53d7\u5230\u6c27\u5316\u3002\u65b9\u4fbf\u7684\u6cb9\u53e3\u76d6\u5141\u8bb8\u60a8\u968f\u5fc3\u6240\u6b32\uff0c\u60f3\u5012\u591a\u5c11\u5c31\u5012\u591a\u5c11\u800c\u6beb\u65e0\u6ea2\u6e85\u4e4b\u5fe7\u3002<\/p>\n","protected":false},"featured_media":6491,"template":"","meta":{"_joinchat":[]},"product_brand":[],"product_cat":[147,63],"product_tag":[],"class_list":{"0":"post-6565","1":"product","2":"type-product","3":"status-publish","4":"has-post-thumbnail","6":"product_cat-au-estuches-zh-hant","7":"product_cat-au-zh-hant","9":"first","10":"instock","11":"shipping-taxable","12":"product-type-simple"},"yoast_head":"<!-- This site is optimized with the Yoast SEO plugin v24.5 - https:\/\/yoast.com\/wordpress\/plugins\/seo\/ -->\n<title>Estuche de Aceite de oliva virgen extra de calidad premium - Aceites &Uacute;nicos<\/title>\n<meta name=\"robots\" content=\"index, follow, max-snippet:-1, max-image-preview:large, max-video-preview:-1\" \/>\n<link rel=\"canonical\" href=\"https:\/\/aceitesunicos.com\/zh-hant\/producto\/estuche-aceite-de-oliva-virgen-extra\/\" \/>\n<meta property=\"og:locale\" content=\"zh_TW\" \/>\n<meta property=\"og:type\" content=\"article\" \/>\n<meta property=\"og:title\" content=\"Estuche de Aceite de oliva virgen extra de calidad premium - Aceites &Uacute;nicos\" \/>\n<meta property=\"og:description\" content=\"\u91c7\u7528\u78a7\u6302\u6a44\u6984\u7cbe\u69a8\u800c\u6210\u7684\u9ad8\u54c1\u8d28\u7279\u7ea7\u521d\u69a8\u6a44\u6984\u6cb9\uff0c500 ml\u542c\u88c5\uff08\u6cb9\u7f50\u5448\u91d1\u952d\u5f62\uff09\u3002  \u4f18\u8d28\u521d\u69a8\u6a44\u6984\u6cb9\uff0c\u9996\u69a8\u800c\u6210\uff0c\u5176\u539f\u6599\u53ea\u9009\u7528\u91c7\u81ea11\u6708\u548c12\u6708\u4e4b\u95f4\u6700\u4f73\u679c\u5b9e\u6210\u719f\u70b9\u7684\u78a7\u6302\u6a44\u6984\u3002  \u8be5\u6a44\u6984\u6cb9\u5177\u6709\u6781\u9ad8\u7684\u7a33\u5b9a\u6027\uff0c\u5448\u72ec\u7279\u7684\u679c\u7eff\u8272\uff0c\u53e3\u611f\u6e05\u9999\uff0c\u6709\u6de1\u6de1\u7684\u82f9\u679c\u548c\u6728\u6750\u5473\uff0c\u5177\u6709\u4e2d\u7b49\u82e6\u5473\u5e76\u7565\u5e26\u8f9b\u8fa3\u5473\u3002\u8be5\u6a44\u6984\u6cb9\u8d28\u4f53\u6781\u4f73\uff0c\u53e3\u611f\u5f3a\u70c8\u3002  \u8be5\u6a44\u6984\u6cb9\u7684\u5305\u88c5\u7f50\u91c7\u7528\u91d1\u952d\u5f62\uff0c\u4f7f\u5176\u53ef\u514d\u4e8e\u88ab\u66b4\u9732\u5728\u5149\u7ebf\u4e2d\uff0c\u907f\u514d\u5176\u8fc7\u65e9\u53d7\u5230\u6c27\u5316\u3002\u65b9\u4fbf\u7684\u6cb9\u53e3\u76d6\u5141\u8bb8\u60a8\u968f\u5fc3\u6240\u6b32\uff0c\u60f3\u5012\u591a\u5c11\u5c31\u5012\u591a\u5c11\u800c\u6beb\u65e0\u6ea2\u6e85\u4e4b\u5fe7\u3002\" \/>\n<meta property=\"og:url\" content=\"https:\/\/aceitesunicos.com\/zh-hant\/producto\/estuche-aceite-de-oliva-virgen-extra\/\" \/>\n<meta property=\"og:site_name\" content=\"Aceites &Uacute;nicos\" \/>\n<meta property=\"article:modified_time\" content=\"2021-05-28T10:41:25+00:00\" \/>\n<meta property=\"og:image\" content=\"https:\/\/aceitesunicos.com\/wp-content\/uploads\/2021\/05\/estuche-dorado.jpg\" \/>\n\t<meta property=\"og:image:width\" content=\"600\" \/>\n\t<meta property=\"og:image:height\" content=\"600\" \/>\n\t<meta property=\"og:image:type\" content=\"image\/jpeg\" \/>\n<meta name=\"twitter:card\" content=\"summary_large_image\" \/>\n<script type=\"application\/ld+json\" class=\"yoast-schema-graph\">{\"@context\":\"https:\/\/schema.org\",\"@graph\":[{\"@type\":\"WebPage\",\"@id\":\"https:\/\/aceitesunicos.com\/zh-hant\/producto\/estuche-aceite-de-oliva-virgen-extra\/\",\"url\":\"https:\/\/aceitesunicos.com\/zh-hant\/producto\/estuche-aceite-de-oliva-virgen-extra\/\",\"name\":\"Estuche de Aceite de oliva virgen extra de calidad premium - Aceites &Uacute;nicos\",\"isPartOf\":{\"@id\":\"https:\/\/aceitesunicos.com\/en\/#website\"},\"primaryImageOfPage\":{\"@id\":\"https:\/\/aceitesunicos.com\/zh-hant\/producto\/estuche-aceite-de-oliva-virgen-extra\/#primaryimage\"},\"image\":{\"@id\":\"https:\/\/aceitesunicos.com\/zh-hant\/producto\/estuche-aceite-de-oliva-virgen-extra\/#primaryimage\"},\"thumbnailUrl\":\"https:\/\/aceitesunicos.com\/wp-content\/uploads\/2021\/05\/estuche-dorado.jpg\",\"datePublished\":\"2021-05-20T09:27:29+00:00\",\"dateModified\":\"2021-05-28T10:41:25+00:00\",\"breadcrumb\":{\"@id\":\"https:\/\/aceitesunicos.com\/zh-hant\/producto\/estuche-aceite-de-oliva-virgen-extra\/#breadcrumb\"},\"inLanguage\":\"zh-TW\",\"potentialAction\":[{\"@type\":\"ReadAction\",\"target\":[\"https:\/\/aceitesunicos.com\/zh-hant\/producto\/estuche-aceite-de-oliva-virgen-extra\/\"]}]},{\"@type\":\"ImageObject\",\"inLanguage\":\"zh-TW\",\"@id\":\"https:\/\/aceitesunicos.com\/zh-hant\/producto\/estuche-aceite-de-oliva-virgen-extra\/#primaryimage\",\"url\":\"https:\/\/aceitesunicos.com\/wp-content\/uploads\/2021\/05\/estuche-dorado.jpg\",\"contentUrl\":\"https:\/\/aceitesunicos.com\/wp-content\/uploads\/2021\/05\/estuche-dorado.jpg\",\"width\":600,\"height\":600,\"caption\":\"estuche de lata de aceite en color dorado es una presentaci\u00f3n sofisticada y funcional que realza el valor del productos. Este acabado met\u00e1lico no solo aporta elegancia y distinci\u00f3n, sino que tambi\u00e9n protege el aceite de la luz y el aire, preservando su frescura y calidad. Ideal para aceites.\"},{\"@type\":\"BreadcrumbList\",\"@id\":\"https:\/\/aceitesunicos.com\/zh-hant\/producto\/estuche-aceite-de-oliva-virgen-extra\/#breadcrumb\",\"itemListElement\":[{\"@type\":\"ListItem\",\"position\":1,\"name\":\"Home\",\"item\":\"https:\/\/aceitesunicos.com\/zh-hant\/\"},{\"@type\":\"ListItem\",\"position\":2,\"name\":\"\u5546\u5e97\",\"item\":\"https:\/\/aceitesunicos.com\/zh-hant\/%e5%95%86%e5%ba%97\/\"},{\"@type\":\"ListItem\",\"position\":3,\"name\":\"Estuche de Aceite de oliva virgen extra de calidad premium\"}]},{\"@type\":\"WebSite\",\"@id\":\"https:\/\/aceitesunicos.com\/en\/#website\",\"url\":\"https:\/\/aceitesunicos.com\/en\/\",\"name\":\"Aceites &Uacute;nicos\",\"description\":\"Aceites &Uacute;nicos\",\"potentialAction\":[{\"@type\":\"SearchAction\",\"target\":{\"@type\":\"EntryPoint\",\"urlTemplate\":\"https:\/\/aceitesunicos.com\/en\/?s={search_term_string}\"},\"query-input\":{\"@type\":\"PropertyValueSpecification\",\"valueRequired\":true,\"valueName\":\"search_term_string\"}}],\"inLanguage\":\"zh-TW\"}]}<\/script>\n<!-- \/ Yoast SEO plugin. -->","yoast_head_json":{"title":"Estuche de Aceite de oliva virgen extra de calidad premium - Aceites &Uacute;nicos","robots":{"index":"index","follow":"follow","max-snippet":"max-snippet:-1","max-image-preview":"max-image-preview:large","max-video-preview":"max-video-preview:-1"},"canonical":"https:\/\/aceitesunicos.com\/zh-hant\/producto\/estuche-aceite-de-oliva-virgen-extra\/","og_locale":"zh_TW","og_type":"article","og_title":"Estuche de Aceite de oliva virgen extra de calidad premium - Aceites &Uacute;nicos","og_description":"\u91c7\u7528\u78a7\u6302\u6a44\u6984\u7cbe\u69a8\u800c\u6210\u7684\u9ad8\u54c1\u8d28\u7279\u7ea7\u521d\u69a8\u6a44\u6984\u6cb9\uff0c500 ml\u542c\u88c5\uff08\u6cb9\u7f50\u5448\u91d1\u952d\u5f62\uff09\u3002  \u4f18\u8d28\u521d\u69a8\u6a44\u6984\u6cb9\uff0c\u9996\u69a8\u800c\u6210\uff0c\u5176\u539f\u6599\u53ea\u9009\u7528\u91c7\u81ea11\u6708\u548c12\u6708\u4e4b\u95f4\u6700\u4f73\u679c\u5b9e\u6210\u719f\u70b9\u7684\u78a7\u6302\u6a44\u6984\u3002  \u8be5\u6a44\u6984\u6cb9\u5177\u6709\u6781\u9ad8\u7684\u7a33\u5b9a\u6027\uff0c\u5448\u72ec\u7279\u7684\u679c\u7eff\u8272\uff0c\u53e3\u611f\u6e05\u9999\uff0c\u6709\u6de1\u6de1\u7684\u82f9\u679c\u548c\u6728\u6750\u5473\uff0c\u5177\u6709\u4e2d\u7b49\u82e6\u5473\u5e76\u7565\u5e26\u8f9b\u8fa3\u5473\u3002\u8be5\u6a44\u6984\u6cb9\u8d28\u4f53\u6781\u4f73\uff0c\u53e3\u611f\u5f3a\u70c8\u3002  \u8be5\u6a44\u6984\u6cb9\u7684\u5305\u88c5\u7f50\u91c7\u7528\u91d1\u952d\u5f62\uff0c\u4f7f\u5176\u53ef\u514d\u4e8e\u88ab\u66b4\u9732\u5728\u5149\u7ebf\u4e2d\uff0c\u907f\u514d\u5176\u8fc7\u65e9\u53d7\u5230\u6c27\u5316\u3002\u65b9\u4fbf\u7684\u6cb9\u53e3\u76d6\u5141\u8bb8\u60a8\u968f\u5fc3\u6240\u6b32\uff0c\u60f3\u5012\u591a\u5c11\u5c31\u5012\u591a\u5c11\u800c\u6beb\u65e0\u6ea2\u6e85\u4e4b\u5fe7\u3002","og_url":"https:\/\/aceitesunicos.com\/zh-hant\/producto\/estuche-aceite-de-oliva-virgen-extra\/","og_site_name":"Aceites &Uacute;nicos","article_modified_time":"2021-05-28T10:41:25+00:00","og_image":[{"width":600,"height":600,"url":"https:\/\/aceitesunicos.com\/wp-content\/uploads\/2021\/05\/estuche-dorado.jpg","type":"image\/jpeg"}],"twitter_card":"summary_large_image","schema":{"@context":"https:\/\/schema.org","@graph":[{"@type":"WebPage","@id":"https:\/\/aceitesunicos.com\/zh-hant\/producto\/estuche-aceite-de-oliva-virgen-extra\/","url":"https:\/\/aceitesunicos.com\/zh-hant\/producto\/estuche-aceite-de-oliva-virgen-extra\/","name":"Estuche de Aceite de oliva virgen extra de calidad premium - Aceites &Uacute;nicos","isPartOf":{"@id":"https:\/\/aceitesunicos.com\/en\/#website"},"primaryImageOfPage":{"@id":"https:\/\/aceitesunicos.com\/zh-hant\/producto\/estuche-aceite-de-oliva-virgen-extra\/#primaryimage"},"image":{"@id":"https:\/\/aceitesunicos.com\/zh-hant\/producto\/estuche-aceite-de-oliva-virgen-extra\/#primaryimage"},"thumbnailUrl":"https:\/\/aceitesunicos.com\/wp-content\/uploads\/2021\/05\/estuche-dorado.jpg","datePublished":"2021-05-20T09:27:29+00:00","dateModified":"2021-05-28T10:41:25+00:00","breadcrumb":{"@id":"https:\/\/aceitesunicos.com\/zh-hant\/producto\/estuche-aceite-de-oliva-virgen-extra\/#breadcrumb"},"inLanguage":"zh-TW","potentialAction":[{"@type":"ReadAction","target":["https:\/\/aceitesunicos.com\/zh-hant\/producto\/estuche-aceite-de-oliva-virgen-extra\/"]}]},{"@type":"ImageObject","inLanguage":"zh-TW","@id":"https:\/\/aceitesunicos.com\/zh-hant\/producto\/estuche-aceite-de-oliva-virgen-extra\/#primaryimage","url":"https:\/\/aceitesunicos.com\/wp-content\/uploads\/2021\/05\/estuche-dorado.jpg","contentUrl":"https:\/\/aceitesunicos.com\/wp-content\/uploads\/2021\/05\/estuche-dorado.jpg","width":600,"height":600,"caption":"estuche de lata de aceite en color dorado es una presentaci\u00f3n sofisticada y funcional que realza el valor del productos. Este acabado met\u00e1lico no solo aporta elegancia y distinci\u00f3n, sino que tambi\u00e9n protege el aceite de la luz y el aire, preservando su frescura y calidad. Ideal para aceites."},{"@type":"BreadcrumbList","@id":"https:\/\/aceitesunicos.com\/zh-hant\/producto\/estuche-aceite-de-oliva-virgen-extra\/#breadcrumb","itemListElement":[{"@type":"ListItem","position":1,"name":"Home","item":"https:\/\/aceitesunicos.com\/zh-hant\/"},{"@type":"ListItem","position":2,"name":"\u5546\u5e97","item":"https:\/\/aceitesunicos.com\/zh-hant\/%e5%95%86%e5%ba%97\/"},{"@type":"ListItem","position":3,"name":"Estuche de Aceite de oliva virgen extra de calidad premium"}]},{"@type":"WebSite","@id":"https:\/\/aceitesunicos.com\/en\/#website","url":"https:\/\/aceitesunicos.com\/en\/","name":"Aceites &Uacute;nicos","description":"Aceites &Uacute;nicos","potentialAction":[{"@type":"SearchAction","target":{"@type":"EntryPoint","urlTemplate":"https:\/\/aceitesunicos.com\/en\/?s={search_term_string}"},"query-input":{"@type":"PropertyValueSpecification","valueRequired":true,"valueName":"search_term_string"}}],"inLanguage":"zh-TW"}]}},"_links":{"self":[{"href":"https:\/\/aceitesunicos.com\/zh-hant\/wp-json\/wp\/v2\/product\/6565","targetHints":{"allow":["GET"]}}],"collection":[{"href":"https:\/\/aceitesunicos.com\/zh-hant\/wp-json\/wp\/v2\/product"}],"about":[{"href":"https:\/\/aceitesunicos.com\/zh-hant\/wp-json\/wp\/v2\/types\/product"}],"wp:featuredmedia":[{"embeddable":true,"href":"https:\/\/aceitesunicos.com\/zh-hant\/wp-json\/wp\/v2\/media\/6491"}],"wp:attachment":[{"href":"https:\/\/aceitesunicos.com\/zh-hant\/wp-json\/wp\/v2\/media?parent=6565"}],"wp:term":[{"taxonomy":"product_brand","embeddable":true,"href":"https:\/\/aceitesunicos.com\/zh-hant\/wp-json\/wp\/v2\/product_brand?post=6565"},{"taxonomy":"product_cat","embeddable":true,"href":"https:\/\/aceitesunicos.com\/zh-hant\/wp-json\/wp\/v2\/product_cat?post=6565"},{"taxonomy":"product_tag","embeddable":true,"href":"https:\/\/aceitesunicos.com\/zh-hant\/wp-json\/wp\/v2\/product_tag?post=6565"}],"curies":[{"name":"wp","href":"https:\/\/api.w.org\/{rel}","templated":true}]}}