{"id":6072,"date":"2021-03-26T12:04:02","date_gmt":"2021-03-26T12:04:02","guid":{"rendered":"https:\/\/dev.aceitesunicos.com\/producto\/aceite-de-oliva-virgen-extra-botella-dorica\/"},"modified":"2021-03-26T12:04:02","modified_gmt":"2021-03-26T12:04:02","slug":"aceite-de-oliva-virgen-extra-botella-dorica","status":"publish","type":"product","link":"https:\/\/aceitesunicos.com\/zh-hant\/producto\/aceite-de-oliva-virgen-extra-botella-dorica\/","title":{"rendered":"Aceite de oliva Virgen Extra botella d\u00f3rica"},"content":{"rendered":"","protected":false},"excerpt":{"rendered":"<h3>Aceite de Oliva Virgen Extra<\/h3>\n<p>Aceite de oliva de\u00a0<strong>categor\u00eda superior<\/strong>, obtenido directamente de aceitunas y s\u00f3lo mediante procedimientos mec\u00e1nicos. Sus propiedades y cualidades, tanto biol\u00f3gicas como organol\u00e9pticas, permanecen inalterables, as\u00ed como su intenso sabor y aroma. El grado de <strong>acidez m\u00e1xima<\/strong>\u00a0es igual o inferior a\u00a0<strong>0,8\u00a0<\/strong>y su\u00a0<strong>nota de cata<\/strong>\u00a0calificada de\u00a0<strong>6,5<\/strong> como m\u00ednimo.<\/p>\n<p>Disponible en botella de vidrio de:<\/p>\n<h4>De 250ml<\/h4>\n<h4>De 500ml<\/h4>\n<h4>De 750ml<\/h4>\n","protected":false},"featured_media":5224,"template":"","meta":{"_joinchat":[]},"product_brand":[],"product_cat":[75,105],"product_tag":[],"class_list":{"0":"post-6072","1":"product","2":"type-product","3":"status-publish","4":"has-post-thumbnail","6":"product_cat-aceites-unicos-zh-hant","7":"product_cat-vidrio-zh-hant","9":"first","10":"instock","11":"shipping-taxable","12":"product-type-simple"},"yoast_head":"<!-- This site is optimized with the Yoast SEO plugin v24.5 - https:\/\/yoast.com\/wordpress\/plugins\/seo\/ -->\n<title>Aceite de oliva Virgen Extra botella d\u00f3rica - Aceites &Uacute;nicos<\/title>\n<meta name=\"robots\" content=\"index, follow, max-snippet:-1, max-image-preview:large, max-video-preview:-1\" \/>\n<link rel=\"canonical\" href=\"https:\/\/aceitesunicos.com\/zh-hant\/producto\/aceite-de-oliva-virgen-extra-botella-dorica\/\" \/>\n<meta property=\"og:locale\" content=\"zh_TW\" \/>\n<meta property=\"og:type\" content=\"article\" \/>\n<meta property=\"og:title\" content=\"Aceite de oliva Virgen Extra botella d\u00f3rica - Aceites &Uacute;nicos\" \/>\n<meta property=\"og:description\" content=\"Aceite de Oliva Virgen Extra Aceite de oliva de\u00a0categor\u00eda superior, obtenido directamente de aceitunas y s\u00f3lo mediante procedimientos mec\u00e1nicos. Sus propiedades y cualidades, tanto biol\u00f3gicas como organol\u00e9pticas, permanecen inalterables, as\u00ed como su intenso sabor y aroma. El grado de acidez m\u00e1xima\u00a0es igual o inferior a\u00a00,8\u00a0y su\u00a0nota de cata\u00a0calificada de\u00a06,5 como m\u00ednimo. Disponible en botella de vidrio de: De 250ml De 500ml De 750ml\" \/>\n<meta property=\"og:url\" content=\"https:\/\/aceitesunicos.com\/zh-hant\/producto\/aceite-de-oliva-virgen-extra-botella-dorica\/\" \/>\n<meta property=\"og:site_name\" content=\"Aceites &Uacute;nicos\" \/>\n<meta property=\"og:image\" content=\"https:\/\/aceitesunicos.com\/wp-content\/uploads\/2021\/03\/aceites-unico-vidrio-dorica.jpg\" \/>\n\t<meta property=\"og:image:width\" content=\"600\" \/>\n\t<meta property=\"og:image:height\" content=\"600\" \/>\n\t<meta property=\"og:image:type\" content=\"image\/jpeg\" \/>\n<meta name=\"twitter:card\" content=\"summary_large_image\" \/>\n<script type=\"application\/ld+json\" class=\"yoast-schema-graph\">{\"@context\":\"https:\/\/schema.org\",\"@graph\":[{\"@type\":\"WebPage\",\"@id\":\"https:\/\/aceitesunicos.com\/zh-hant\/producto\/aceite-de-oliva-virgen-extra-botella-dorica\/\",\"url\":\"https:\/\/aceitesunicos.com\/zh-hant\/producto\/aceite-de-oliva-virgen-extra-botella-dorica\/\",\"name\":\"Aceite de oliva Virgen Extra botella d\u00f3rica - Aceites &Uacute;nicos\",\"isPartOf\":{\"@id\":\"https:\/\/aceitesunicos.com\/en\/#website\"},\"primaryImageOfPage\":{\"@id\":\"https:\/\/aceitesunicos.com\/zh-hant\/producto\/aceite-de-oliva-virgen-extra-botella-dorica\/#primaryimage\"},\"image\":{\"@id\":\"https:\/\/aceitesunicos.com\/zh-hant\/producto\/aceite-de-oliva-virgen-extra-botella-dorica\/#primaryimage\"},\"thumbnailUrl\":\"https:\/\/aceitesunicos.com\/wp-content\/uploads\/2021\/03\/aceites-unico-vidrio-dorica.jpg\",\"datePublished\":\"2021-03-26T12:04:02+00:00\",\"breadcrumb\":{\"@id\":\"https:\/\/aceitesunicos.com\/zh-hant\/producto\/aceite-de-oliva-virgen-extra-botella-dorica\/#breadcrumb\"},\"inLanguage\":\"zh-TW\",\"potentialAction\":[{\"@type\":\"ReadAction\",\"target\":[\"https:\/\/aceitesunicos.com\/zh-hant\/producto\/aceite-de-oliva-virgen-extra-botella-dorica\/\"]}]},{\"@type\":\"ImageObject\",\"inLanguage\":\"zh-TW\",\"@id\":\"https:\/\/aceitesunicos.com\/zh-hant\/producto\/aceite-de-oliva-virgen-extra-botella-dorica\/#primaryimage\",\"url\":\"https:\/\/aceitesunicos.com\/wp-content\/uploads\/2021\/03\/aceites-unico-vidrio-dorica.jpg\",\"contentUrl\":\"https:\/\/aceitesunicos.com\/wp-content\/uploads\/2021\/03\/aceites-unico-vidrio-dorica.jpg\",\"width\":600,\"height\":600,\"caption\":\"aceites-unico-vidrio-dorica\"},{\"@type\":\"BreadcrumbList\",\"@id\":\"https:\/\/aceitesunicos.com\/zh-hant\/producto\/aceite-de-oliva-virgen-extra-botella-dorica\/#breadcrumb\",\"itemListElement\":[{\"@type\":\"ListItem\",\"position\":1,\"name\":\"Home\",\"item\":\"https:\/\/aceitesunicos.com\/zh-hant\/\"},{\"@type\":\"ListItem\",\"position\":2,\"name\":\"\u5546\u5e97\",\"item\":\"https:\/\/aceitesunicos.com\/zh-hant\/%e5%95%86%e5%ba%97\/\"},{\"@type\":\"ListItem\",\"position\":3,\"name\":\"Aceite de oliva Virgen Extra botella d\u00f3rica\"}]},{\"@type\":\"WebSite\",\"@id\":\"https:\/\/aceitesunicos.com\/en\/#website\",\"url\":\"https:\/\/aceitesunicos.com\/en\/\",\"name\":\"Aceites &Uacute;nicos\",\"description\":\"Aceites &Uacute;nicos\",\"potentialAction\":[{\"@type\":\"SearchAction\",\"target\":{\"@type\":\"EntryPoint\",\"urlTemplate\":\"https:\/\/aceitesunicos.com\/en\/?s={search_term_string}\"},\"query-input\":{\"@type\":\"PropertyValueSpecification\",\"valueRequired\":true,\"valueName\":\"search_term_string\"}}],\"inLanguage\":\"zh-TW\"}]}<\/script>\n<!-- \/ Yoast SEO plugin. -->","yoast_head_json":{"title":"Aceite de oliva Virgen Extra botella d\u00f3rica - Aceites &Uacute;nicos","robots":{"index":"index","follow":"follow","max-snippet":"max-snippet:-1","max-image-preview":"max-image-preview:large","max-video-preview":"max-video-preview:-1"},"canonical":"https:\/\/aceitesunicos.com\/zh-hant\/producto\/aceite-de-oliva-virgen-extra-botella-dorica\/","og_locale":"zh_TW","og_type":"article","og_title":"Aceite de oliva Virgen Extra botella d\u00f3rica - Aceites &Uacute;nicos","og_description":"Aceite de Oliva Virgen Extra Aceite de oliva de\u00a0categor\u00eda superior, obtenido directamente de aceitunas y s\u00f3lo mediante procedimientos mec\u00e1nicos. Sus propiedades y cualidades, tanto biol\u00f3gicas como organol\u00e9pticas, permanecen inalterables, as\u00ed como su intenso sabor y aroma. El grado de acidez m\u00e1xima\u00a0es igual o inferior a\u00a00,8\u00a0y su\u00a0nota de cata\u00a0calificada de\u00a06,5 como m\u00ednimo. Disponible en botella de vidrio de: De 250ml De 500ml De 750ml","og_url":"https:\/\/aceitesunicos.com\/zh-hant\/producto\/aceite-de-oliva-virgen-extra-botella-dorica\/","og_site_name":"Aceites &Uacute;nicos","og_image":[{"width":600,"height":600,"url":"https:\/\/aceitesunicos.com\/wp-content\/uploads\/2021\/03\/aceites-unico-vidrio-dorica.jpg","type":"image\/jpeg"}],"twitter_card":"summary_large_image","schema":{"@context":"https:\/\/schema.org","@graph":[{"@type":"WebPage","@id":"https:\/\/aceitesunicos.com\/zh-hant\/producto\/aceite-de-oliva-virgen-extra-botella-dorica\/","url":"https:\/\/aceitesunicos.com\/zh-hant\/producto\/aceite-de-oliva-virgen-extra-botella-dorica\/","name":"Aceite de oliva Virgen Extra botella d\u00f3rica - Aceites &Uacute;nicos","isPartOf":{"@id":"https:\/\/aceitesunicos.com\/en\/#website"},"primaryImageOfPage":{"@id":"https:\/\/aceitesunicos.com\/zh-hant\/producto\/aceite-de-oliva-virgen-extra-botella-dorica\/#primaryimage"},"image":{"@id":"https:\/\/aceitesunicos.com\/zh-hant\/producto\/aceite-de-oliva-virgen-extra-botella-dorica\/#primaryimage"},"thumbnailUrl":"https:\/\/aceitesunicos.com\/wp-content\/uploads\/2021\/03\/aceites-unico-vidrio-dorica.jpg","datePublished":"2021-03-26T12:04:02+00:00","breadcrumb":{"@id":"https:\/\/aceitesunicos.com\/zh-hant\/producto\/aceite-de-oliva-virgen-extra-botella-dorica\/#breadcrumb"},"inLanguage":"zh-TW","potentialAction":[{"@type":"ReadAction","target":["https:\/\/aceitesunicos.com\/zh-hant\/producto\/aceite-de-oliva-virgen-extra-botella-dorica\/"]}]},{"@type":"ImageObject","inLanguage":"zh-TW","@id":"https:\/\/aceitesunicos.com\/zh-hant\/producto\/aceite-de-oliva-virgen-extra-botella-dorica\/#primaryimage","url":"https:\/\/aceitesunicos.com\/wp-content\/uploads\/2021\/03\/aceites-unico-vidrio-dorica.jpg","contentUrl":"https:\/\/aceitesunicos.com\/wp-content\/uploads\/2021\/03\/aceites-unico-vidrio-dorica.jpg","width":600,"height":600,"caption":"aceites-unico-vidrio-dorica"},{"@type":"BreadcrumbList","@id":"https:\/\/aceitesunicos.com\/zh-hant\/producto\/aceite-de-oliva-virgen-extra-botella-dorica\/#breadcrumb","itemListElement":[{"@type":"ListItem","position":1,"name":"Home","item":"https:\/\/aceitesunicos.com\/zh-hant\/"},{"@type":"ListItem","position":2,"name":"\u5546\u5e97","item":"https:\/\/aceitesunicos.com\/zh-hant\/%e5%95%86%e5%ba%97\/"},{"@type":"ListItem","position":3,"name":"Aceite de oliva Virgen Extra botella d\u00f3rica"}]},{"@type":"WebSite","@id":"https:\/\/aceitesunicos.com\/en\/#website","url":"https:\/\/aceitesunicos.com\/en\/","name":"Aceites &Uacute;nicos","description":"Aceites &Uacute;nicos","potentialAction":[{"@type":"SearchAction","target":{"@type":"EntryPoint","urlTemplate":"https:\/\/aceitesunicos.com\/en\/?s={search_term_string}"},"query-input":{"@type":"PropertyValueSpecification","valueRequired":true,"valueName":"search_term_string"}}],"inLanguage":"zh-TW"}]}},"_links":{"self":[{"href":"https:\/\/aceitesunicos.com\/zh-hant\/wp-json\/wp\/v2\/product\/6072","targetHints":{"allow":["GET"]}}],"collection":[{"href":"https:\/\/aceitesunicos.com\/zh-hant\/wp-json\/wp\/v2\/product"}],"about":[{"href":"https:\/\/aceitesunicos.com\/zh-hant\/wp-json\/wp\/v2\/types\/product"}],"wp:featuredmedia":[{"embeddable":true,"href":"https:\/\/aceitesunicos.com\/zh-hant\/wp-json\/wp\/v2\/media\/5224"}],"wp:attachment":[{"href":"https:\/\/aceitesunicos.com\/zh-hant\/wp-json\/wp\/v2\/media?parent=6072"}],"wp:term":[{"taxonomy":"product_brand","embeddable":true,"href":"https:\/\/aceitesunicos.com\/zh-hant\/wp-json\/wp\/v2\/product_brand?post=6072"},{"taxonomy":"product_cat","embeddable":true,"href":"https:\/\/aceitesunicos.com\/zh-hant\/wp-json\/wp\/v2\/product_cat?post=6072"},{"taxonomy":"product_tag","embeddable":true,"href":"https:\/\/aceitesunicos.com\/zh-hant\/wp-json\/wp\/v2\/product_tag?post=6072"}],"curies":[{"name":"wp","href":"https:\/\/api.w.org\/{rel}","templated":true}]}}