{"id":6568,"date":"2021-05-20T09:27:29","date_gmt":"2021-05-20T09:27:29","guid":{"rendered":"https:\/\/dev.aceitesunicos.com\/producto\/estuche-aceite-de-oliva-virgen-extra\/"},"modified":"2021-05-28T11:08:12","modified_gmt":"2021-05-28T11:08:12","slug":"estuche-aceite-de-oliva-virgen-extra","status":"publish","type":"product","link":"https:\/\/aceitesunicos.com\/ko\/producto\/estuche-aceite-de-oliva-virgen-extra\/","title":{"rendered":"Estuche de Aceite de oliva virgen extra de calidad premium"},"content":{"rendered":"","protected":false},"excerpt":{"rendered":"<p>\ud53c\ucfe0\uc54c \ud488\uc885\uc5d0\uc11c \ucd94\ucd9c\ud55c \uc6b0\uc218\ud55c \ud488\uc9c8\uc758 \uc5d1\uc2a4\ud2b8\ub77c \ubc84\uc9c4 \uc62c\ub9ac\ube0c \uc624\uc77c\uc740 \uae08\uad34\uc640 \uac19\uc740 \ubaa8\uc591\uc744 \ud558\uace0 \uc788\ub294 500ml\uc758 \uce94\uc5d0 \ub2f4\uaca8 \uc788\uc2b5\ub2c8\ub2e4.<\/p>\n<p>\ud504\ub9ac\ubbf8\uc5c4\uae09 \uc5d1\uc2a4\ud2b8\ub77c \ubc84\uc9c4 \uc62c\ub9ac\ube0c \uc624\uc77c\uc740\u00a0<b>\ucd5c\ucd08\ub85c \uc555\ucc29<\/b>\ub41c \uc131\ubd84\uc744 \uc0ac\uc6a9\ud558\uba70 11\uc6d4\uc5d0\uc11c 12\uc6d4 \uc0ac\uc774 \uc62c\ub9ac\ube0c\uac00 \uac00\uc7a5 \uc798 \uc775\ub294 \uc2dc\uae30\uc5d0 \uc7ac\ubc30\ud55c \ud53c\ucfe0\uc54c \ud488\uc885\uc5d0\uc11c\ub9cc \ucd94\ucd9c\ud588\uc2b5\ub2c8\ub2e4.<\/p>\n<p>\uc548\uc815\uc131\uacfc \uacfc\uc77c \ud5a5\uc774 \ud48d\ubd80\ud55c \ucd08\ub85d\uc0c9\uc758 \ud2b9\uc9d5\uc744 \uc9c0\ub2c8\uace0 \uc788\uc73c\uba70\u00a0<b>\uc0ac\uacfc \ubc0f \ub098\ubb34\uc758 \uc2e0\uc120\ud55c \ud5a5<\/b>\uacfc \ub354\ubd88\uc5b4 \ubd80\ub4dc\ub7ec\uc6b4 \uc4f4\ub9db\uacfc \uc57d\uac04\uc758 \ub9e4\uc6b4 \ub9db\uc774 \uc5b4\uc6b0\ub7ec\uc838 \uc788\uc2b5\ub2c8\ub2e4 \ud5a5\uc774 \uc544\uc8fc \ud48d\ubd80\ud558\uba70 \uc785\uc548\uc5d0\uc11c \uac15\ud55c \ub9db\uc744 \ub290\ub084 \uc218 \uc788\ub294 \uc624\uc77c\uc785\ub2c8\ub2e4.<\/p>\n<p><b>\uae08\uad34<\/b>\u00a0\ubaa8\uc591\uacfc \uac19\uc740 \uce94\uc5d0 \ud3ec\uc7a5\ub418\uc5b4 \ube5b\uc744 \ucc28\ub2e8\ud558\uace0 \uc870\uae30 \uc0b0\ud654\ub97c \ubc29\uc9c0\ud569\ub2c8\ub2e4. \ud3b8\ub9ac\ud55c \ub514\uc2a4\ud39c\uc11c \ucea1\uc774 \uc788\uc5b4 \uc81c\ud488\uc744 \ud758\ub9ac\uc9c0 \uc54a\uace0 \uc815\ud655\ud55c \uc591\uc744 \ub530\ub97c \uc218 \uc788\uc2b5\ub2c8\ub2e4.<\/p>\n","protected":false},"featured_media":6494,"template":"","meta":{"_joinchat":[]},"product_brand":[],"product_cat":[149,72],"product_tag":[],"class_list":{"0":"post-6568","1":"product","2":"type-product","3":"status-publish","4":"has-post-thumbnail","6":"product_cat-au-estuches-ko","7":"product_cat-au-ko","9":"first","10":"instock","11":"shipping-taxable","12":"product-type-simple"},"yoast_head":"<!-- This site is optimized with the Yoast SEO plugin v24.5 - https:\/\/yoast.com\/wordpress\/plugins\/seo\/ -->\n<title>Estuche de Aceite de oliva virgen extra de calidad premium - Aceites &Uacute;nicos<\/title>\n<meta name=\"robots\" content=\"index, follow, max-snippet:-1, max-image-preview:large, max-video-preview:-1\" \/>\n<link rel=\"canonical\" href=\"https:\/\/aceitesunicos.com\/ko\/producto\/estuche-aceite-de-oliva-virgen-extra\/\" \/>\n<meta property=\"og:locale\" content=\"ko_KR\" \/>\n<meta property=\"og:type\" content=\"article\" \/>\n<meta property=\"og:title\" content=\"Estuche de Aceite de oliva virgen extra de calidad premium - Aceites &Uacute;nicos\" \/>\n<meta property=\"og:description\" content=\"\ud53c\ucfe0\uc54c \ud488\uc885\uc5d0\uc11c \ucd94\ucd9c\ud55c \uc6b0\uc218\ud55c \ud488\uc9c8\uc758 \uc5d1\uc2a4\ud2b8\ub77c \ubc84\uc9c4 \uc62c\ub9ac\ube0c \uc624\uc77c\uc740 \uae08\uad34\uc640 \uac19\uc740 \ubaa8\uc591\uc744 \ud558\uace0 \uc788\ub294 500ml\uc758 \uce94\uc5d0 \ub2f4\uaca8 \uc788\uc2b5\ub2c8\ub2e4.  \ud504\ub9ac\ubbf8\uc5c4\uae09 \uc5d1\uc2a4\ud2b8\ub77c \ubc84\uc9c4 \uc62c\ub9ac\ube0c \uc624\uc77c\uc740\u00a0\ucd5c\ucd08\ub85c \uc555\ucc29\ub41c \uc131\ubd84\uc744 \uc0ac\uc6a9\ud558\uba70 11\uc6d4\uc5d0\uc11c 12\uc6d4 \uc0ac\uc774 \uc62c\ub9ac\ube0c\uac00 \uac00\uc7a5 \uc798 \uc775\ub294 \uc2dc\uae30\uc5d0 \uc7ac\ubc30\ud55c \ud53c\ucfe0\uc54c \ud488\uc885\uc5d0\uc11c\ub9cc \ucd94\ucd9c\ud588\uc2b5\ub2c8\ub2e4.  \uc548\uc815\uc131\uacfc \uacfc\uc77c \ud5a5\uc774 \ud48d\ubd80\ud55c \ucd08\ub85d\uc0c9\uc758 \ud2b9\uc9d5\uc744 \uc9c0\ub2c8\uace0 \uc788\uc73c\uba70\u00a0\uc0ac\uacfc \ubc0f \ub098\ubb34\uc758 \uc2e0\uc120\ud55c \ud5a5\uacfc \ub354\ubd88\uc5b4 \ubd80\ub4dc\ub7ec\uc6b4 \uc4f4\ub9db\uacfc \uc57d\uac04\uc758 \ub9e4\uc6b4 \ub9db\uc774 \uc5b4\uc6b0\ub7ec\uc838 \uc788\uc2b5\ub2c8\ub2e4 \ud5a5\uc774 \uc544\uc8fc \ud48d\ubd80\ud558\uba70 \uc785\uc548\uc5d0\uc11c \uac15\ud55c \ub9db\uc744 \ub290\ub084 \uc218 \uc788\ub294 \uc624\uc77c\uc785\ub2c8\ub2e4.  \uae08\uad34\u00a0\ubaa8\uc591\uacfc \uac19\uc740 \uce94\uc5d0 \ud3ec\uc7a5\ub418\uc5b4 \ube5b\uc744 \ucc28\ub2e8\ud558\uace0 \uc870\uae30 \uc0b0\ud654\ub97c \ubc29\uc9c0\ud569\ub2c8\ub2e4. \ud3b8\ub9ac\ud55c \ub514\uc2a4\ud39c\uc11c \ucea1\uc774 \uc788\uc5b4 \uc81c\ud488\uc744 \ud758\ub9ac\uc9c0 \uc54a\uace0 \uc815\ud655\ud55c \uc591\uc744 \ub530\ub97c \uc218 \uc788\uc2b5\ub2c8\ub2e4.\" \/>\n<meta property=\"og:url\" content=\"https:\/\/aceitesunicos.com\/ko\/producto\/estuche-aceite-de-oliva-virgen-extra\/\" \/>\n<meta property=\"og:site_name\" content=\"Aceites &Uacute;nicos\" \/>\n<meta property=\"article:modified_time\" content=\"2021-05-28T11:08:12+00:00\" \/>\n<meta property=\"og:image\" content=\"https:\/\/aceitesunicos.com\/wp-content\/uploads\/2021\/05\/estuche-dorado.jpg\" \/>\n\t<meta property=\"og:image:width\" content=\"600\" \/>\n\t<meta property=\"og:image:height\" content=\"600\" \/>\n\t<meta property=\"og:image:type\" content=\"image\/jpeg\" \/>\n<meta name=\"twitter:card\" content=\"summary_large_image\" \/>\n<script type=\"application\/ld+json\" class=\"yoast-schema-graph\">{\"@context\":\"https:\/\/schema.org\",\"@graph\":[{\"@type\":\"WebPage\",\"@id\":\"https:\/\/aceitesunicos.com\/ko\/producto\/estuche-aceite-de-oliva-virgen-extra\/\",\"url\":\"https:\/\/aceitesunicos.com\/ko\/producto\/estuche-aceite-de-oliva-virgen-extra\/\",\"name\":\"Estuche de Aceite de oliva virgen extra de calidad premium - Aceites &Uacute;nicos\",\"isPartOf\":{\"@id\":\"https:\/\/aceitesunicos.com\/en\/#website\"},\"primaryImageOfPage\":{\"@id\":\"https:\/\/aceitesunicos.com\/ko\/producto\/estuche-aceite-de-oliva-virgen-extra\/#primaryimage\"},\"image\":{\"@id\":\"https:\/\/aceitesunicos.com\/ko\/producto\/estuche-aceite-de-oliva-virgen-extra\/#primaryimage\"},\"thumbnailUrl\":\"https:\/\/aceitesunicos.com\/wp-content\/uploads\/2021\/05\/estuche-dorado.jpg\",\"datePublished\":\"2021-05-20T09:27:29+00:00\",\"dateModified\":\"2021-05-28T11:08:12+00:00\",\"breadcrumb\":{\"@id\":\"https:\/\/aceitesunicos.com\/ko\/producto\/estuche-aceite-de-oliva-virgen-extra\/#breadcrumb\"},\"inLanguage\":\"ko-KR\",\"potentialAction\":[{\"@type\":\"ReadAction\",\"target\":[\"https:\/\/aceitesunicos.com\/ko\/producto\/estuche-aceite-de-oliva-virgen-extra\/\"]}]},{\"@type\":\"ImageObject\",\"inLanguage\":\"ko-KR\",\"@id\":\"https:\/\/aceitesunicos.com\/ko\/producto\/estuche-aceite-de-oliva-virgen-extra\/#primaryimage\",\"url\":\"https:\/\/aceitesunicos.com\/wp-content\/uploads\/2021\/05\/estuche-dorado.jpg\",\"contentUrl\":\"https:\/\/aceitesunicos.com\/wp-content\/uploads\/2021\/05\/estuche-dorado.jpg\",\"width\":600,\"height\":600,\"caption\":\"estuche de lata de aceite en color dorado es una presentaci\u00f3n sofisticada y funcional que realza el valor del productos. Este acabado met\u00e1lico no solo aporta elegancia y distinci\u00f3n, sino que tambi\u00e9n protege el aceite de la luz y el aire, preservando su frescura y calidad. Ideal para aceites.\"},{\"@type\":\"BreadcrumbList\",\"@id\":\"https:\/\/aceitesunicos.com\/ko\/producto\/estuche-aceite-de-oliva-virgen-extra\/#breadcrumb\",\"itemListElement\":[{\"@type\":\"ListItem\",\"position\":1,\"name\":\"Home\",\"item\":\"https:\/\/aceitesunicos.com\/ko\/\"},{\"@type\":\"ListItem\",\"position\":2,\"name\":\"\uc0c1\uc810\",\"item\":\"https:\/\/aceitesunicos.com\/ko\/%ec%83%81%ec%a0%90\/\"},{\"@type\":\"ListItem\",\"position\":3,\"name\":\"Estuche de Aceite de oliva virgen extra de calidad premium\"}]},{\"@type\":\"WebSite\",\"@id\":\"https:\/\/aceitesunicos.com\/en\/#website\",\"url\":\"https:\/\/aceitesunicos.com\/en\/\",\"name\":\"Aceites &Uacute;nicos\",\"description\":\"Aceites &Uacute;nicos\",\"potentialAction\":[{\"@type\":\"SearchAction\",\"target\":{\"@type\":\"EntryPoint\",\"urlTemplate\":\"https:\/\/aceitesunicos.com\/en\/?s={search_term_string}\"},\"query-input\":{\"@type\":\"PropertyValueSpecification\",\"valueRequired\":true,\"valueName\":\"search_term_string\"}}],\"inLanguage\":\"ko-KR\"}]}<\/script>\n<!-- \/ Yoast SEO plugin. -->","yoast_head_json":{"title":"Estuche de Aceite de oliva virgen extra de calidad premium - Aceites &Uacute;nicos","robots":{"index":"index","follow":"follow","max-snippet":"max-snippet:-1","max-image-preview":"max-image-preview:large","max-video-preview":"max-video-preview:-1"},"canonical":"https:\/\/aceitesunicos.com\/ko\/producto\/estuche-aceite-de-oliva-virgen-extra\/","og_locale":"ko_KR","og_type":"article","og_title":"Estuche de Aceite de oliva virgen extra de calidad premium - Aceites &Uacute;nicos","og_description":"\ud53c\ucfe0\uc54c \ud488\uc885\uc5d0\uc11c \ucd94\ucd9c\ud55c \uc6b0\uc218\ud55c \ud488\uc9c8\uc758 \uc5d1\uc2a4\ud2b8\ub77c \ubc84\uc9c4 \uc62c\ub9ac\ube0c \uc624\uc77c\uc740 \uae08\uad34\uc640 \uac19\uc740 \ubaa8\uc591\uc744 \ud558\uace0 \uc788\ub294 500ml\uc758 \uce94\uc5d0 \ub2f4\uaca8 \uc788\uc2b5\ub2c8\ub2e4.  \ud504\ub9ac\ubbf8\uc5c4\uae09 \uc5d1\uc2a4\ud2b8\ub77c \ubc84\uc9c4 \uc62c\ub9ac\ube0c \uc624\uc77c\uc740\u00a0\ucd5c\ucd08\ub85c \uc555\ucc29\ub41c \uc131\ubd84\uc744 \uc0ac\uc6a9\ud558\uba70 11\uc6d4\uc5d0\uc11c 12\uc6d4 \uc0ac\uc774 \uc62c\ub9ac\ube0c\uac00 \uac00\uc7a5 \uc798 \uc775\ub294 \uc2dc\uae30\uc5d0 \uc7ac\ubc30\ud55c \ud53c\ucfe0\uc54c \ud488\uc885\uc5d0\uc11c\ub9cc \ucd94\ucd9c\ud588\uc2b5\ub2c8\ub2e4.  \uc548\uc815\uc131\uacfc \uacfc\uc77c \ud5a5\uc774 \ud48d\ubd80\ud55c \ucd08\ub85d\uc0c9\uc758 \ud2b9\uc9d5\uc744 \uc9c0\ub2c8\uace0 \uc788\uc73c\uba70\u00a0\uc0ac\uacfc \ubc0f \ub098\ubb34\uc758 \uc2e0\uc120\ud55c \ud5a5\uacfc \ub354\ubd88\uc5b4 \ubd80\ub4dc\ub7ec\uc6b4 \uc4f4\ub9db\uacfc \uc57d\uac04\uc758 \ub9e4\uc6b4 \ub9db\uc774 \uc5b4\uc6b0\ub7ec\uc838 \uc788\uc2b5\ub2c8\ub2e4 \ud5a5\uc774 \uc544\uc8fc \ud48d\ubd80\ud558\uba70 \uc785\uc548\uc5d0\uc11c \uac15\ud55c \ub9db\uc744 \ub290\ub084 \uc218 \uc788\ub294 \uc624\uc77c\uc785\ub2c8\ub2e4.  \uae08\uad34\u00a0\ubaa8\uc591\uacfc \uac19\uc740 \uce94\uc5d0 \ud3ec\uc7a5\ub418\uc5b4 \ube5b\uc744 \ucc28\ub2e8\ud558\uace0 \uc870\uae30 \uc0b0\ud654\ub97c \ubc29\uc9c0\ud569\ub2c8\ub2e4. \ud3b8\ub9ac\ud55c \ub514\uc2a4\ud39c\uc11c \ucea1\uc774 \uc788\uc5b4 \uc81c\ud488\uc744 \ud758\ub9ac\uc9c0 \uc54a\uace0 \uc815\ud655\ud55c \uc591\uc744 \ub530\ub97c \uc218 \uc788\uc2b5\ub2c8\ub2e4.","og_url":"https:\/\/aceitesunicos.com\/ko\/producto\/estuche-aceite-de-oliva-virgen-extra\/","og_site_name":"Aceites &Uacute;nicos","article_modified_time":"2021-05-28T11:08:12+00:00","og_image":[{"width":600,"height":600,"url":"https:\/\/aceitesunicos.com\/wp-content\/uploads\/2021\/05\/estuche-dorado.jpg","type":"image\/jpeg"}],"twitter_card":"summary_large_image","schema":{"@context":"https:\/\/schema.org","@graph":[{"@type":"WebPage","@id":"https:\/\/aceitesunicos.com\/ko\/producto\/estuche-aceite-de-oliva-virgen-extra\/","url":"https:\/\/aceitesunicos.com\/ko\/producto\/estuche-aceite-de-oliva-virgen-extra\/","name":"Estuche de Aceite de oliva virgen extra de calidad premium - Aceites &Uacute;nicos","isPartOf":{"@id":"https:\/\/aceitesunicos.com\/en\/#website"},"primaryImageOfPage":{"@id":"https:\/\/aceitesunicos.com\/ko\/producto\/estuche-aceite-de-oliva-virgen-extra\/#primaryimage"},"image":{"@id":"https:\/\/aceitesunicos.com\/ko\/producto\/estuche-aceite-de-oliva-virgen-extra\/#primaryimage"},"thumbnailUrl":"https:\/\/aceitesunicos.com\/wp-content\/uploads\/2021\/05\/estuche-dorado.jpg","datePublished":"2021-05-20T09:27:29+00:00","dateModified":"2021-05-28T11:08:12+00:00","breadcrumb":{"@id":"https:\/\/aceitesunicos.com\/ko\/producto\/estuche-aceite-de-oliva-virgen-extra\/#breadcrumb"},"inLanguage":"ko-KR","potentialAction":[{"@type":"ReadAction","target":["https:\/\/aceitesunicos.com\/ko\/producto\/estuche-aceite-de-oliva-virgen-extra\/"]}]},{"@type":"ImageObject","inLanguage":"ko-KR","@id":"https:\/\/aceitesunicos.com\/ko\/producto\/estuche-aceite-de-oliva-virgen-extra\/#primaryimage","url":"https:\/\/aceitesunicos.com\/wp-content\/uploads\/2021\/05\/estuche-dorado.jpg","contentUrl":"https:\/\/aceitesunicos.com\/wp-content\/uploads\/2021\/05\/estuche-dorado.jpg","width":600,"height":600,"caption":"estuche de lata de aceite en color dorado es una presentaci\u00f3n sofisticada y funcional que realza el valor del productos. Este acabado met\u00e1lico no solo aporta elegancia y distinci\u00f3n, sino que tambi\u00e9n protege el aceite de la luz y el aire, preservando su frescura y calidad. Ideal para aceites."},{"@type":"BreadcrumbList","@id":"https:\/\/aceitesunicos.com\/ko\/producto\/estuche-aceite-de-oliva-virgen-extra\/#breadcrumb","itemListElement":[{"@type":"ListItem","position":1,"name":"Home","item":"https:\/\/aceitesunicos.com\/ko\/"},{"@type":"ListItem","position":2,"name":"\uc0c1\uc810","item":"https:\/\/aceitesunicos.com\/ko\/%ec%83%81%ec%a0%90\/"},{"@type":"ListItem","position":3,"name":"Estuche de Aceite de oliva virgen extra de calidad premium"}]},{"@type":"WebSite","@id":"https:\/\/aceitesunicos.com\/en\/#website","url":"https:\/\/aceitesunicos.com\/en\/","name":"Aceites &Uacute;nicos","description":"Aceites &Uacute;nicos","potentialAction":[{"@type":"SearchAction","target":{"@type":"EntryPoint","urlTemplate":"https:\/\/aceitesunicos.com\/en\/?s={search_term_string}"},"query-input":{"@type":"PropertyValueSpecification","valueRequired":true,"valueName":"search_term_string"}}],"inLanguage":"ko-KR"}]}},"_links":{"self":[{"href":"https:\/\/aceitesunicos.com\/ko\/wp-json\/wp\/v2\/product\/6568","targetHints":{"allow":["GET"]}}],"collection":[{"href":"https:\/\/aceitesunicos.com\/ko\/wp-json\/wp\/v2\/product"}],"about":[{"href":"https:\/\/aceitesunicos.com\/ko\/wp-json\/wp\/v2\/types\/product"}],"wp:featuredmedia":[{"embeddable":true,"href":"https:\/\/aceitesunicos.com\/ko\/wp-json\/wp\/v2\/media\/6494"}],"wp:attachment":[{"href":"https:\/\/aceitesunicos.com\/ko\/wp-json\/wp\/v2\/media?parent=6568"}],"wp:term":[{"taxonomy":"product_brand","embeddable":true,"href":"https:\/\/aceitesunicos.com\/ko\/wp-json\/wp\/v2\/product_brand?post=6568"},{"taxonomy":"product_cat","embeddable":true,"href":"https:\/\/aceitesunicos.com\/ko\/wp-json\/wp\/v2\/product_cat?post=6568"},{"taxonomy":"product_tag","embeddable":true,"href":"https:\/\/aceitesunicos.com\/ko\/wp-json\/wp\/v2\/product_tag?post=6568"}],"curies":[{"name":"wp","href":"https:\/\/api.w.org\/{rel}","templated":true}]}}