{"id":6484,"date":"2021-05-20T09:27:29","date_gmt":"2021-05-20T09:27:29","guid":{"rendered":"https:\/\/dev.aceitesunicos.com\/?post_type=product&#038;p=6484"},"modified":"2021-05-20T11:45:58","modified_gmt":"2021-05-20T11:45:58","slug":"estuche-aceite-de-oliva-virgen-extra","status":"publish","type":"product","link":"https:\/\/aceitesunicos.com\/es\/producto\/estuche-aceite-de-oliva-virgen-extra\/","title":{"rendered":"Estuche de Aceite de oliva virgen extra de calidad premium"},"content":{"rendered":"","protected":false},"excerpt":{"rendered":"<p>Aceite de oliva virgen extra de calidad premium, de\u00a0<strong>primera prensada<\/strong>, extra do \u00fanicamente de aceitunas de la variedad picual recogidas en su punto \u00f3ptimo de maduraci\u00f3n, entre los meses de noviembre y diciembre.<\/p>\n<p>De gran estabilidad y color verde frutado caracter\u00edstico, presenta <strong>aromas frescos<\/strong>\u00a0con toques a\u00a0<strong>manzana y madera<\/strong>, con un amargor medio y un sabor ligeramente picante. Aceite de gran cuerpo con una fuerte presencia en boca.<br \/>\nEnvasado en lata con forma de\u00a0<strong>lingote de oro<\/strong> que preserva el producto de la exposici\u00f3n a la luz y de una oxidaci\u00f3n prematura. Con modo <strong>tap\u00f3n dosificador<\/strong>\u00a0que permite servir la cantidad justa sin que el producto se derrame.<\/p>\n","protected":false},"featured_media":6490,"template":"","meta":{"_joinchat":[]},"product_brand":[],"product_cat":[48,144],"product_tag":[],"class_list":{"0":"post-6484","1":"product","2":"type-product","3":"status-publish","4":"has-post-thumbnail","6":"product_cat-au","7":"product_cat-au-estuches","9":"first","10":"instock","11":"shipping-taxable","12":"product-type-simple"},"yoast_head":"<!-- This site is optimized with the Yoast SEO plugin v24.5 - https:\/\/yoast.com\/wordpress\/plugins\/seo\/ -->\n<title>Estuche de Aceite de oliva virgen extra de calidad premium - Aceites &Uacute;nicos<\/title>\n<meta name=\"robots\" content=\"index, follow, max-snippet:-1, max-image-preview:large, max-video-preview:-1\" \/>\n<link rel=\"canonical\" href=\"https:\/\/aceitesunicos.com\/es\/producto\/estuche-aceite-de-oliva-virgen-extra\/\" \/>\n<meta property=\"og:locale\" content=\"es_ES\" \/>\n<meta property=\"og:type\" content=\"article\" \/>\n<meta property=\"og:title\" content=\"Estuche de Aceite de oliva virgen extra de calidad premium - Aceites &Uacute;nicos\" \/>\n<meta property=\"og:description\" content=\"Aceite de oliva virgen extra de calidad premium, de\u00a0primera prensada, extra do \u00fanicamente de aceitunas de la variedad picual recogidas en su punto \u00f3ptimo de maduraci\u00f3n, entre los meses de noviembre y diciembre.  De gran estabilidad y color verde frutado caracter\u00edstico, presenta aromas frescos\u00a0con toques a\u00a0manzana y madera, con un amargor medio y un sabor ligeramente picante. Aceite de gran cuerpo con una fuerte presencia en boca. Envasado en lata con forma de\u00a0lingote de oro que preserva el producto de la exposici\u00f3n a la luz y de una oxidaci\u00f3n prematura. Con modo tap\u00f3n dosificador\u00a0que permite servir la cantidad justa sin que el producto se derrame.\" \/>\n<meta property=\"og:url\" content=\"https:\/\/aceitesunicos.com\/es\/producto\/estuche-aceite-de-oliva-virgen-extra\/\" \/>\n<meta property=\"og:site_name\" content=\"Aceites &Uacute;nicos\" \/>\n<meta property=\"article:modified_time\" content=\"2021-05-20T11:45:58+00:00\" \/>\n<meta property=\"og:image\" content=\"https:\/\/aceitesunicos.com\/wp-content\/uploads\/2021\/05\/estuche-dorado.jpg\" \/>\n\t<meta property=\"og:image:width\" content=\"600\" \/>\n\t<meta property=\"og:image:height\" content=\"600\" \/>\n\t<meta property=\"og:image:type\" content=\"image\/jpeg\" \/>\n<meta name=\"twitter:card\" content=\"summary_large_image\" \/>\n<script type=\"application\/ld+json\" class=\"yoast-schema-graph\">{\"@context\":\"https:\/\/schema.org\",\"@graph\":[{\"@type\":\"WebPage\",\"@id\":\"https:\/\/aceitesunicos.com\/es\/producto\/estuche-aceite-de-oliva-virgen-extra\/\",\"url\":\"https:\/\/aceitesunicos.com\/es\/producto\/estuche-aceite-de-oliva-virgen-extra\/\",\"name\":\"Estuche de Aceite de oliva virgen extra de calidad premium - Aceites &Uacute;nicos\",\"isPartOf\":{\"@id\":\"https:\/\/aceitesunicos.com\/en\/#website\"},\"primaryImageOfPage\":{\"@id\":\"https:\/\/aceitesunicos.com\/es\/producto\/estuche-aceite-de-oliva-virgen-extra\/#primaryimage\"},\"image\":{\"@id\":\"https:\/\/aceitesunicos.com\/es\/producto\/estuche-aceite-de-oliva-virgen-extra\/#primaryimage\"},\"thumbnailUrl\":\"https:\/\/aceitesunicos.com\/wp-content\/uploads\/2021\/05\/estuche-dorado.jpg\",\"datePublished\":\"2021-05-20T09:27:29+00:00\",\"dateModified\":\"2021-05-20T11:45:58+00:00\",\"breadcrumb\":{\"@id\":\"https:\/\/aceitesunicos.com\/es\/producto\/estuche-aceite-de-oliva-virgen-extra\/#breadcrumb\"},\"inLanguage\":\"es\",\"potentialAction\":[{\"@type\":\"ReadAction\",\"target\":[\"https:\/\/aceitesunicos.com\/es\/producto\/estuche-aceite-de-oliva-virgen-extra\/\"]}]},{\"@type\":\"ImageObject\",\"inLanguage\":\"es\",\"@id\":\"https:\/\/aceitesunicos.com\/es\/producto\/estuche-aceite-de-oliva-virgen-extra\/#primaryimage\",\"url\":\"https:\/\/aceitesunicos.com\/wp-content\/uploads\/2021\/05\/estuche-dorado.jpg\",\"contentUrl\":\"https:\/\/aceitesunicos.com\/wp-content\/uploads\/2021\/05\/estuche-dorado.jpg\",\"width\":600,\"height\":600,\"caption\":\"estuche de lata de aceite en color dorado es una presentaci\u00f3n sofisticada y funcional que realza el valor del productos. Este acabado met\u00e1lico no solo aporta elegancia y distinci\u00f3n, sino que tambi\u00e9n protege el aceite de la luz y el aire, preservando su frescura y calidad. Ideal para aceites.\"},{\"@type\":\"BreadcrumbList\",\"@id\":\"https:\/\/aceitesunicos.com\/es\/producto\/estuche-aceite-de-oliva-virgen-extra\/#breadcrumb\",\"itemListElement\":[{\"@type\":\"ListItem\",\"position\":1,\"name\":\"Home\",\"item\":\"https:\/\/aceitesunicos.com\/es\/\"},{\"@type\":\"ListItem\",\"position\":2,\"name\":\"Productos\",\"item\":\"https:\/\/aceitesunicos.com\/es\/productos-2\/\"},{\"@type\":\"ListItem\",\"position\":3,\"name\":\"Estuche de Aceite de oliva virgen extra de calidad premium\"}]},{\"@type\":\"WebSite\",\"@id\":\"https:\/\/aceitesunicos.com\/en\/#website\",\"url\":\"https:\/\/aceitesunicos.com\/en\/\",\"name\":\"Aceites &Uacute;nicos\",\"description\":\"Aceites &Uacute;nicos\",\"potentialAction\":[{\"@type\":\"SearchAction\",\"target\":{\"@type\":\"EntryPoint\",\"urlTemplate\":\"https:\/\/aceitesunicos.com\/en\/?s={search_term_string}\"},\"query-input\":{\"@type\":\"PropertyValueSpecification\",\"valueRequired\":true,\"valueName\":\"search_term_string\"}}],\"inLanguage\":\"es\"}]}<\/script>\n<!-- \/ Yoast SEO plugin. -->","yoast_head_json":{"title":"Estuche de Aceite de oliva virgen extra de calidad premium - Aceites &Uacute;nicos","robots":{"index":"index","follow":"follow","max-snippet":"max-snippet:-1","max-image-preview":"max-image-preview:large","max-video-preview":"max-video-preview:-1"},"canonical":"https:\/\/aceitesunicos.com\/es\/producto\/estuche-aceite-de-oliva-virgen-extra\/","og_locale":"es_ES","og_type":"article","og_title":"Estuche de Aceite de oliva virgen extra de calidad premium - Aceites &Uacute;nicos","og_description":"Aceite de oliva virgen extra de calidad premium, de\u00a0primera prensada, extra do \u00fanicamente de aceitunas de la variedad picual recogidas en su punto \u00f3ptimo de maduraci\u00f3n, entre los meses de noviembre y diciembre.  De gran estabilidad y color verde frutado caracter\u00edstico, presenta aromas frescos\u00a0con toques a\u00a0manzana y madera, con un amargor medio y un sabor ligeramente picante. Aceite de gran cuerpo con una fuerte presencia en boca. Envasado en lata con forma de\u00a0lingote de oro que preserva el producto de la exposici\u00f3n a la luz y de una oxidaci\u00f3n prematura. Con modo tap\u00f3n dosificador\u00a0que permite servir la cantidad justa sin que el producto se derrame.","og_url":"https:\/\/aceitesunicos.com\/es\/producto\/estuche-aceite-de-oliva-virgen-extra\/","og_site_name":"Aceites &Uacute;nicos","article_modified_time":"2021-05-20T11:45:58+00:00","og_image":[{"width":600,"height":600,"url":"https:\/\/aceitesunicos.com\/wp-content\/uploads\/2021\/05\/estuche-dorado.jpg","type":"image\/jpeg"}],"twitter_card":"summary_large_image","schema":{"@context":"https:\/\/schema.org","@graph":[{"@type":"WebPage","@id":"https:\/\/aceitesunicos.com\/es\/producto\/estuche-aceite-de-oliva-virgen-extra\/","url":"https:\/\/aceitesunicos.com\/es\/producto\/estuche-aceite-de-oliva-virgen-extra\/","name":"Estuche de Aceite de oliva virgen extra de calidad premium - Aceites &Uacute;nicos","isPartOf":{"@id":"https:\/\/aceitesunicos.com\/en\/#website"},"primaryImageOfPage":{"@id":"https:\/\/aceitesunicos.com\/es\/producto\/estuche-aceite-de-oliva-virgen-extra\/#primaryimage"},"image":{"@id":"https:\/\/aceitesunicos.com\/es\/producto\/estuche-aceite-de-oliva-virgen-extra\/#primaryimage"},"thumbnailUrl":"https:\/\/aceitesunicos.com\/wp-content\/uploads\/2021\/05\/estuche-dorado.jpg","datePublished":"2021-05-20T09:27:29+00:00","dateModified":"2021-05-20T11:45:58+00:00","breadcrumb":{"@id":"https:\/\/aceitesunicos.com\/es\/producto\/estuche-aceite-de-oliva-virgen-extra\/#breadcrumb"},"inLanguage":"es","potentialAction":[{"@type":"ReadAction","target":["https:\/\/aceitesunicos.com\/es\/producto\/estuche-aceite-de-oliva-virgen-extra\/"]}]},{"@type":"ImageObject","inLanguage":"es","@id":"https:\/\/aceitesunicos.com\/es\/producto\/estuche-aceite-de-oliva-virgen-extra\/#primaryimage","url":"https:\/\/aceitesunicos.com\/wp-content\/uploads\/2021\/05\/estuche-dorado.jpg","contentUrl":"https:\/\/aceitesunicos.com\/wp-content\/uploads\/2021\/05\/estuche-dorado.jpg","width":600,"height":600,"caption":"estuche de lata de aceite en color dorado es una presentaci\u00f3n sofisticada y funcional que realza el valor del productos. Este acabado met\u00e1lico no solo aporta elegancia y distinci\u00f3n, sino que tambi\u00e9n protege el aceite de la luz y el aire, preservando su frescura y calidad. Ideal para aceites."},{"@type":"BreadcrumbList","@id":"https:\/\/aceitesunicos.com\/es\/producto\/estuche-aceite-de-oliva-virgen-extra\/#breadcrumb","itemListElement":[{"@type":"ListItem","position":1,"name":"Home","item":"https:\/\/aceitesunicos.com\/es\/"},{"@type":"ListItem","position":2,"name":"Productos","item":"https:\/\/aceitesunicos.com\/es\/productos-2\/"},{"@type":"ListItem","position":3,"name":"Estuche de Aceite de oliva virgen extra de calidad premium"}]},{"@type":"WebSite","@id":"https:\/\/aceitesunicos.com\/en\/#website","url":"https:\/\/aceitesunicos.com\/en\/","name":"Aceites &Uacute;nicos","description":"Aceites &Uacute;nicos","potentialAction":[{"@type":"SearchAction","target":{"@type":"EntryPoint","urlTemplate":"https:\/\/aceitesunicos.com\/en\/?s={search_term_string}"},"query-input":{"@type":"PropertyValueSpecification","valueRequired":true,"valueName":"search_term_string"}}],"inLanguage":"es"}]}},"_links":{"self":[{"href":"https:\/\/aceitesunicos.com\/es\/wp-json\/wp\/v2\/product\/6484","targetHints":{"allow":["GET"]}}],"collection":[{"href":"https:\/\/aceitesunicos.com\/es\/wp-json\/wp\/v2\/product"}],"about":[{"href":"https:\/\/aceitesunicos.com\/es\/wp-json\/wp\/v2\/types\/product"}],"wp:featuredmedia":[{"embeddable":true,"href":"https:\/\/aceitesunicos.com\/es\/wp-json\/wp\/v2\/media\/6490"}],"wp:attachment":[{"href":"https:\/\/aceitesunicos.com\/es\/wp-json\/wp\/v2\/media?parent=6484"}],"wp:term":[{"taxonomy":"product_brand","embeddable":true,"href":"https:\/\/aceitesunicos.com\/es\/wp-json\/wp\/v2\/product_brand?post=6484"},{"taxonomy":"product_cat","embeddable":true,"href":"https:\/\/aceitesunicos.com\/es\/wp-json\/wp\/v2\/product_cat?post=6484"},{"taxonomy":"product_tag","embeddable":true,"href":"https:\/\/aceitesunicos.com\/es\/wp-json\/wp\/v2\/product_tag?post=6484"}],"curies":[{"name":"wp","href":"https:\/\/api.w.org\/{rel}","templated":true}]}}