{"id":6433,"date":"2021-05-14T10:19:38","date_gmt":"2021-05-14T10:19:38","guid":{"rendered":"https:\/\/dev.aceitesunicos.com\/?post_type=product&#038;p=6433"},"modified":"2021-05-14T10:20:17","modified_gmt":"2021-05-14T10:20:17","slug":"lingote-au-250-ml","status":"publish","type":"product","link":"https:\/\/aceitesunicos.com\/es\/producto\/lingote-au-250-ml\/","title":{"rendered":"Lingote AU 250 ML"},"content":{"rendered":"","protected":false},"excerpt":{"rendered":"<h3>Aceite de oliva virgen extra de calidad premium<\/h3>\n<p>&nbsp;<\/p>\n<p>Aceite de oliva virgen extra de calidad premium, de\u00a0<strong>primera prensada<\/strong>, extra do \u00fanicamente de aceitunas de la variedad picual recogidas en su punto ptimo de maduraci\u00f3n, entre los meses de noviembre y diciembre.De gran estabilidad y color verde frutado caracter\u00e9stico, presenta\u00a0<strong>aromas frescos<\/strong>\u00a0con toques a\u00a0<strong>manzana y madera<\/strong>, con un amargor medio y un sabor ligeramente picante. Aceite de gran cuerpo con una fuerte presencia en boca.<br \/>\nEnvasado en lata con forma de\u00a0<strong>lingote de oro<\/strong> que preserva el producto de la exposici\u00f3n a la luz y de una oxidaci\u00f3n prematura. C\u00f3modo <strong>tap\u00f3n dosificador<\/strong>\u00a0que permite servir la cantidad justa sin que el producto se derrame.<\/p>\n","protected":false},"featured_media":5110,"template":"","meta":{"_joinchat":[]},"product_brand":[],"product_cat":[48,49],"product_tag":[],"class_list":{"0":"post-6433","1":"product","2":"type-product","3":"status-publish","4":"has-post-thumbnail","6":"product_cat-au","7":"product_cat-au-gran-seleccion","9":"first","10":"instock","11":"shipping-taxable","12":"product-type-simple"},"yoast_head":"<!-- This site is optimized with the Yoast SEO plugin v24.5 - https:\/\/yoast.com\/wordpress\/plugins\/seo\/ -->\n<title>Lingote AU 250 ML - Aceites &Uacute;nicos<\/title>\n<meta name=\"robots\" content=\"index, follow, max-snippet:-1, max-image-preview:large, max-video-preview:-1\" \/>\n<link rel=\"canonical\" href=\"https:\/\/aceitesunicos.com\/es\/producto\/lingote-au-250-ml\/\" \/>\n<meta property=\"og:locale\" content=\"es_ES\" \/>\n<meta property=\"og:type\" content=\"article\" \/>\n<meta property=\"og:title\" content=\"Lingote AU 250 ML - Aceites &Uacute;nicos\" \/>\n<meta property=\"og:description\" content=\"Aceite de oliva virgen extra de calidad premium &nbsp;  Aceite de oliva virgen extra de calidad premium, de\u00a0primera prensada, extra do \u00fanicamente de aceitunas de la variedad picual recogidas en su punto ptimo de maduraci\u00f3n, entre los meses de noviembre y diciembre.De gran estabilidad y color verde frutado caracter\u00e9stico, presenta\u00a0aromas frescos\u00a0con toques a\u00a0manzana y madera, con un amargor medio y un sabor ligeramente picante. Aceite de gran cuerpo con una fuerte presencia en boca. Envasado en lata con forma de\u00a0lingote de oro que preserva el producto de la exposici\u00f3n a la luz y de una oxidaci\u00f3n prematura. C\u00f3modo tap\u00f3n dosificador\u00a0que permite servir la cantidad justa sin que el producto se derrame.\" \/>\n<meta property=\"og:url\" content=\"https:\/\/aceitesunicos.com\/es\/producto\/lingote-au-250-ml\/\" \/>\n<meta property=\"og:site_name\" content=\"Aceites &Uacute;nicos\" \/>\n<meta property=\"article:modified_time\" content=\"2021-05-14T10:20:17+00:00\" \/>\n<meta property=\"og:image\" content=\"https:\/\/aceitesunicos.com\/wp-content\/uploads\/2021\/03\/lingote-au-destacada-1.jpg\" \/>\n\t<meta property=\"og:image:width\" content=\"800\" \/>\n\t<meta property=\"og:image:height\" content=\"800\" \/>\n\t<meta property=\"og:image:type\" content=\"image\/jpeg\" \/>\n<meta name=\"twitter:card\" content=\"summary_large_image\" \/>\n<script type=\"application\/ld+json\" class=\"yoast-schema-graph\">{\"@context\":\"https:\/\/schema.org\",\"@graph\":[{\"@type\":\"WebPage\",\"@id\":\"https:\/\/aceitesunicos.com\/es\/producto\/lingote-au-250-ml\/\",\"url\":\"https:\/\/aceitesunicos.com\/es\/producto\/lingote-au-250-ml\/\",\"name\":\"Lingote AU 250 ML - Aceites &Uacute;nicos\",\"isPartOf\":{\"@id\":\"https:\/\/aceitesunicos.com\/en\/#website\"},\"primaryImageOfPage\":{\"@id\":\"https:\/\/aceitesunicos.com\/es\/producto\/lingote-au-250-ml\/#primaryimage\"},\"image\":{\"@id\":\"https:\/\/aceitesunicos.com\/es\/producto\/lingote-au-250-ml\/#primaryimage\"},\"thumbnailUrl\":\"https:\/\/aceitesunicos.com\/wp-content\/uploads\/2021\/03\/lingote-au-destacada-1.jpg\",\"datePublished\":\"2021-05-14T10:19:38+00:00\",\"dateModified\":\"2021-05-14T10:20:17+00:00\",\"breadcrumb\":{\"@id\":\"https:\/\/aceitesunicos.com\/es\/producto\/lingote-au-250-ml\/#breadcrumb\"},\"inLanguage\":\"es\",\"potentialAction\":[{\"@type\":\"ReadAction\",\"target\":[\"https:\/\/aceitesunicos.com\/es\/producto\/lingote-au-250-ml\/\"]}]},{\"@type\":\"ImageObject\",\"inLanguage\":\"es\",\"@id\":\"https:\/\/aceitesunicos.com\/es\/producto\/lingote-au-250-ml\/#primaryimage\",\"url\":\"https:\/\/aceitesunicos.com\/wp-content\/uploads\/2021\/03\/lingote-au-destacada-1.jpg\",\"contentUrl\":\"https:\/\/aceitesunicos.com\/wp-content\/uploads\/2021\/03\/lingote-au-destacada-1.jpg\",\"width\":800,\"height\":800},{\"@type\":\"BreadcrumbList\",\"@id\":\"https:\/\/aceitesunicos.com\/es\/producto\/lingote-au-250-ml\/#breadcrumb\",\"itemListElement\":[{\"@type\":\"ListItem\",\"position\":1,\"name\":\"Home\",\"item\":\"https:\/\/aceitesunicos.com\/es\/\"},{\"@type\":\"ListItem\",\"position\":2,\"name\":\"Productos\",\"item\":\"https:\/\/aceitesunicos.com\/es\/productos-2\/\"},{\"@type\":\"ListItem\",\"position\":3,\"name\":\"Lingote AU 250 ML\"}]},{\"@type\":\"WebSite\",\"@id\":\"https:\/\/aceitesunicos.com\/en\/#website\",\"url\":\"https:\/\/aceitesunicos.com\/en\/\",\"name\":\"Aceites &Uacute;nicos\",\"description\":\"Aceites &Uacute;nicos\",\"potentialAction\":[{\"@type\":\"SearchAction\",\"target\":{\"@type\":\"EntryPoint\",\"urlTemplate\":\"https:\/\/aceitesunicos.com\/en\/?s={search_term_string}\"},\"query-input\":{\"@type\":\"PropertyValueSpecification\",\"valueRequired\":true,\"valueName\":\"search_term_string\"}}],\"inLanguage\":\"es\"}]}<\/script>\n<!-- \/ Yoast SEO plugin. -->","yoast_head_json":{"title":"Lingote AU 250 ML - Aceites &Uacute;nicos","robots":{"index":"index","follow":"follow","max-snippet":"max-snippet:-1","max-image-preview":"max-image-preview:large","max-video-preview":"max-video-preview:-1"},"canonical":"https:\/\/aceitesunicos.com\/es\/producto\/lingote-au-250-ml\/","og_locale":"es_ES","og_type":"article","og_title":"Lingote AU 250 ML - Aceites &Uacute;nicos","og_description":"Aceite de oliva virgen extra de calidad premium &nbsp;  Aceite de oliva virgen extra de calidad premium, de\u00a0primera prensada, extra do \u00fanicamente de aceitunas de la variedad picual recogidas en su punto ptimo de maduraci\u00f3n, entre los meses de noviembre y diciembre.De gran estabilidad y color verde frutado caracter\u00e9stico, presenta\u00a0aromas frescos\u00a0con toques a\u00a0manzana y madera, con un amargor medio y un sabor ligeramente picante. Aceite de gran cuerpo con una fuerte presencia en boca. Envasado en lata con forma de\u00a0lingote de oro que preserva el producto de la exposici\u00f3n a la luz y de una oxidaci\u00f3n prematura. C\u00f3modo tap\u00f3n dosificador\u00a0que permite servir la cantidad justa sin que el producto se derrame.","og_url":"https:\/\/aceitesunicos.com\/es\/producto\/lingote-au-250-ml\/","og_site_name":"Aceites &Uacute;nicos","article_modified_time":"2021-05-14T10:20:17+00:00","og_image":[{"width":800,"height":800,"url":"https:\/\/aceitesunicos.com\/wp-content\/uploads\/2021\/03\/lingote-au-destacada-1.jpg","type":"image\/jpeg"}],"twitter_card":"summary_large_image","schema":{"@context":"https:\/\/schema.org","@graph":[{"@type":"WebPage","@id":"https:\/\/aceitesunicos.com\/es\/producto\/lingote-au-250-ml\/","url":"https:\/\/aceitesunicos.com\/es\/producto\/lingote-au-250-ml\/","name":"Lingote AU 250 ML - Aceites &Uacute;nicos","isPartOf":{"@id":"https:\/\/aceitesunicos.com\/en\/#website"},"primaryImageOfPage":{"@id":"https:\/\/aceitesunicos.com\/es\/producto\/lingote-au-250-ml\/#primaryimage"},"image":{"@id":"https:\/\/aceitesunicos.com\/es\/producto\/lingote-au-250-ml\/#primaryimage"},"thumbnailUrl":"https:\/\/aceitesunicos.com\/wp-content\/uploads\/2021\/03\/lingote-au-destacada-1.jpg","datePublished":"2021-05-14T10:19:38+00:00","dateModified":"2021-05-14T10:20:17+00:00","breadcrumb":{"@id":"https:\/\/aceitesunicos.com\/es\/producto\/lingote-au-250-ml\/#breadcrumb"},"inLanguage":"es","potentialAction":[{"@type":"ReadAction","target":["https:\/\/aceitesunicos.com\/es\/producto\/lingote-au-250-ml\/"]}]},{"@type":"ImageObject","inLanguage":"es","@id":"https:\/\/aceitesunicos.com\/es\/producto\/lingote-au-250-ml\/#primaryimage","url":"https:\/\/aceitesunicos.com\/wp-content\/uploads\/2021\/03\/lingote-au-destacada-1.jpg","contentUrl":"https:\/\/aceitesunicos.com\/wp-content\/uploads\/2021\/03\/lingote-au-destacada-1.jpg","width":800,"height":800},{"@type":"BreadcrumbList","@id":"https:\/\/aceitesunicos.com\/es\/producto\/lingote-au-250-ml\/#breadcrumb","itemListElement":[{"@type":"ListItem","position":1,"name":"Home","item":"https:\/\/aceitesunicos.com\/es\/"},{"@type":"ListItem","position":2,"name":"Productos","item":"https:\/\/aceitesunicos.com\/es\/productos-2\/"},{"@type":"ListItem","position":3,"name":"Lingote AU 250 ML"}]},{"@type":"WebSite","@id":"https:\/\/aceitesunicos.com\/en\/#website","url":"https:\/\/aceitesunicos.com\/en\/","name":"Aceites &Uacute;nicos","description":"Aceites &Uacute;nicos","potentialAction":[{"@type":"SearchAction","target":{"@type":"EntryPoint","urlTemplate":"https:\/\/aceitesunicos.com\/en\/?s={search_term_string}"},"query-input":{"@type":"PropertyValueSpecification","valueRequired":true,"valueName":"search_term_string"}}],"inLanguage":"es"}]}},"_links":{"self":[{"href":"https:\/\/aceitesunicos.com\/es\/wp-json\/wp\/v2\/product\/6433","targetHints":{"allow":["GET"]}}],"collection":[{"href":"https:\/\/aceitesunicos.com\/es\/wp-json\/wp\/v2\/product"}],"about":[{"href":"https:\/\/aceitesunicos.com\/es\/wp-json\/wp\/v2\/types\/product"}],"wp:featuredmedia":[{"embeddable":true,"href":"https:\/\/aceitesunicos.com\/es\/wp-json\/wp\/v2\/media\/5110"}],"wp:attachment":[{"href":"https:\/\/aceitesunicos.com\/es\/wp-json\/wp\/v2\/media?parent=6433"}],"wp:term":[{"taxonomy":"product_brand","embeddable":true,"href":"https:\/\/aceitesunicos.com\/es\/wp-json\/wp\/v2\/product_brand?post=6433"},{"taxonomy":"product_cat","embeddable":true,"href":"https:\/\/aceitesunicos.com\/es\/wp-json\/wp\/v2\/product_cat?post=6433"},{"taxonomy":"product_tag","embeddable":true,"href":"https:\/\/aceitesunicos.com\/es\/wp-json\/wp\/v2\/product_tag?post=6433"}],"curies":[{"name":"wp","href":"https:\/\/api.w.org\/{rel}","templated":true}]}}