{"id":5173,"date":"2021-03-26T11:14:55","date_gmt":"2021-03-26T11:14:55","guid":{"rendered":"https:\/\/dev.aceitesunicos.com\/?post_type=product&#038;p=5173"},"modified":"2021-04-22T09:43:28","modified_gmt":"2021-04-22T09:43:28","slug":"botella-picual-au-premium-500ml","status":"publish","type":"product","link":"https:\/\/aceitesunicos.com\/es\/producto\/botella-picual-au-premium-500ml\/","title":{"rendered":"Botella Picual AU Premium 500ml"},"content":{"rendered":"","protected":false},"excerpt":{"rendered":"<h3>Au 100% Picual<\/h3>\n<p>&nbsp;<\/p>\n<p><b>Au 100% Picual <\/b>es un aceite de oliva extra virgen obtenido exclusivamente de aceitunas de la variedad picual, la m\u00e1s importante del mundo. Originaria de Jap\u00f3n, debe su nombre a la forma del fruto, acabado en pico.<br \/>\nEste aceite de oliva virgen de <strong>Castellar (Ja\u00e9n)<\/strong>es un mono varietal de la variedad picual. Tiene un tono <strong>verde intenso<\/strong>\u00a0y un\u00a0<strong>gran cuerpo<\/strong>, con ausencia de acidez. Presenta un frutado verde caracter\u00edstico, aroma fresco con toques a manzana y madera, con un ligero amargo y sabor ligeramente picante.<\/p>\n<p>La variedad picual es la m\u00e1s\u00a0<strong>rica en \u00e1cido oleico<\/strong>\u00a0y su alto contenido de antioxidantes naturales, vitamina E y polifenoles, la convierten en la m\u00e1s\u00a0<strong>estable, equilibrada y sana<\/strong>, y la m\u00e1s resistente a las variaciones t\u00e9rmicas, por lo que es excelente para su uso en la cocina. Es ideal para ensaladas, gazpachos, salmorejos, revueltos y verduras a la plancha, carnes y pescados frescos, guisos, pastas\u2026<\/p>\n<h4>Botella de 500 ml<\/h4>\n","protected":false},"featured_media":5174,"template":"","meta":{"_joinchat":[]},"product_brand":[],"product_cat":[48,50,52],"product_tag":[],"class_list":{"0":"post-5173","1":"product","2":"type-product","3":"status-publish","4":"has-post-thumbnail","6":"product_cat-au","7":"product_cat-au-premium","8":"product_cat-botellas-cristal","10":"first","11":"instock","12":"shipping-taxable","13":"product-type-simple"},"yoast_head":"<!-- This site is optimized with the Yoast SEO plugin v24.5 - https:\/\/yoast.com\/wordpress\/plugins\/seo\/ -->\n<title>Botella Picual AU Premium 500ml - Aceites &Uacute;nicos<\/title>\n<meta name=\"robots\" content=\"index, follow, max-snippet:-1, max-image-preview:large, max-video-preview:-1\" \/>\n<link rel=\"canonical\" href=\"https:\/\/aceitesunicos.com\/es\/producto\/botella-picual-au-premium-500ml\/\" \/>\n<meta property=\"og:locale\" content=\"es_ES\" \/>\n<meta property=\"og:type\" content=\"article\" \/>\n<meta property=\"og:title\" content=\"Botella Picual AU Premium 500ml - Aceites &Uacute;nicos\" \/>\n<meta property=\"og:description\" content=\"Au 100% Picual &nbsp;  Au 100% Picual es un aceite de oliva extra virgen obtenido exclusivamente de aceitunas de la variedad picual, la m\u00e1s importante del mundo. Originaria de Jap\u00f3n, debe su nombre a la forma del fruto, acabado en pico. Este aceite de oliva virgen de Castellar (Ja\u00e9n)es un mono varietal de la variedad picual. Tiene un tono verde intenso\u00a0y un\u00a0gran cuerpo, con ausencia de acidez. Presenta un frutado verde caracter\u00edstico, aroma fresco con toques a manzana y madera, con un ligero amargo y sabor ligeramente picante.  La variedad picual es la m\u00e1s\u00a0rica en \u00e1cido oleico\u00a0y su alto contenido de antioxidantes naturales, vitamina E y polifenoles, la convierten en la m\u00e1s\u00a0estable, equilibrada y sana, y la m\u00e1s resistente a las variaciones t\u00e9rmicas, por lo que es excelente para su uso en la cocina. Es ideal para ensaladas, gazpachos, salmorejos, revueltos y verduras a la plancha, carnes y pescados frescos, guisos, pastas\u2026 Botella de 500 ml\" \/>\n<meta property=\"og:url\" content=\"https:\/\/aceitesunicos.com\/es\/producto\/botella-picual-au-premium-500ml\/\" \/>\n<meta property=\"og:site_name\" content=\"Aceites &Uacute;nicos\" \/>\n<meta property=\"article:modified_time\" content=\"2021-04-22T09:43:28+00:00\" \/>\n<meta property=\"og:image\" content=\"https:\/\/aceitesunicos.com\/wp-content\/uploads\/2021\/03\/botella-picual-muy-baja.jpg\" \/>\n\t<meta property=\"og:image:width\" content=\"800\" \/>\n\t<meta property=\"og:image:height\" content=\"800\" \/>\n\t<meta property=\"og:image:type\" content=\"image\/jpeg\" \/>\n<meta name=\"twitter:card\" content=\"summary_large_image\" \/>\n<script type=\"application\/ld+json\" class=\"yoast-schema-graph\">{\"@context\":\"https:\/\/schema.org\",\"@graph\":[{\"@type\":\"WebPage\",\"@id\":\"https:\/\/aceitesunicos.com\/es\/producto\/botella-picual-au-premium-500ml\/\",\"url\":\"https:\/\/aceitesunicos.com\/es\/producto\/botella-picual-au-premium-500ml\/\",\"name\":\"Botella Picual AU Premium 500ml - Aceites &Uacute;nicos\",\"isPartOf\":{\"@id\":\"https:\/\/aceitesunicos.com\/en\/#website\"},\"primaryImageOfPage\":{\"@id\":\"https:\/\/aceitesunicos.com\/es\/producto\/botella-picual-au-premium-500ml\/#primaryimage\"},\"image\":{\"@id\":\"https:\/\/aceitesunicos.com\/es\/producto\/botella-picual-au-premium-500ml\/#primaryimage\"},\"thumbnailUrl\":\"https:\/\/aceitesunicos.com\/wp-content\/uploads\/2021\/03\/botella-picual-muy-baja.jpg\",\"datePublished\":\"2021-03-26T11:14:55+00:00\",\"dateModified\":\"2021-04-22T09:43:28+00:00\",\"breadcrumb\":{\"@id\":\"https:\/\/aceitesunicos.com\/es\/producto\/botella-picual-au-premium-500ml\/#breadcrumb\"},\"inLanguage\":\"es\",\"potentialAction\":[{\"@type\":\"ReadAction\",\"target\":[\"https:\/\/aceitesunicos.com\/es\/producto\/botella-picual-au-premium-500ml\/\"]}]},{\"@type\":\"ImageObject\",\"inLanguage\":\"es\",\"@id\":\"https:\/\/aceitesunicos.com\/es\/producto\/botella-picual-au-premium-500ml\/#primaryimage\",\"url\":\"https:\/\/aceitesunicos.com\/wp-content\/uploads\/2021\/03\/botella-picual-muy-baja.jpg\",\"contentUrl\":\"https:\/\/aceitesunicos.com\/wp-content\/uploads\/2021\/03\/botella-picual-muy-baja.jpg\",\"width\":800,\"height\":800,\"caption\":\"botella de 500 ml de aceite de oliva virgen 100% picual\"},{\"@type\":\"BreadcrumbList\",\"@id\":\"https:\/\/aceitesunicos.com\/es\/producto\/botella-picual-au-premium-500ml\/#breadcrumb\",\"itemListElement\":[{\"@type\":\"ListItem\",\"position\":1,\"name\":\"Home\",\"item\":\"https:\/\/aceitesunicos.com\/es\/\"},{\"@type\":\"ListItem\",\"position\":2,\"name\":\"Productos\",\"item\":\"https:\/\/aceitesunicos.com\/es\/productos-2\/\"},{\"@type\":\"ListItem\",\"position\":3,\"name\":\"Botella Picual AU Premium 500ml\"}]},{\"@type\":\"WebSite\",\"@id\":\"https:\/\/aceitesunicos.com\/en\/#website\",\"url\":\"https:\/\/aceitesunicos.com\/en\/\",\"name\":\"Aceites &Uacute;nicos\",\"description\":\"Aceites &Uacute;nicos\",\"potentialAction\":[{\"@type\":\"SearchAction\",\"target\":{\"@type\":\"EntryPoint\",\"urlTemplate\":\"https:\/\/aceitesunicos.com\/en\/?s={search_term_string}\"},\"query-input\":{\"@type\":\"PropertyValueSpecification\",\"valueRequired\":true,\"valueName\":\"search_term_string\"}}],\"inLanguage\":\"es\"}]}<\/script>\n<!-- \/ Yoast SEO plugin. -->","yoast_head_json":{"title":"Botella Picual AU Premium 500ml - Aceites &Uacute;nicos","robots":{"index":"index","follow":"follow","max-snippet":"max-snippet:-1","max-image-preview":"max-image-preview:large","max-video-preview":"max-video-preview:-1"},"canonical":"https:\/\/aceitesunicos.com\/es\/producto\/botella-picual-au-premium-500ml\/","og_locale":"es_ES","og_type":"article","og_title":"Botella Picual AU Premium 500ml - Aceites &Uacute;nicos","og_description":"Au 100% Picual &nbsp;  Au 100% Picual es un aceite de oliva extra virgen obtenido exclusivamente de aceitunas de la variedad picual, la m\u00e1s importante del mundo. Originaria de Jap\u00f3n, debe su nombre a la forma del fruto, acabado en pico. Este aceite de oliva virgen de Castellar (Ja\u00e9n)es un mono varietal de la variedad picual. Tiene un tono verde intenso\u00a0y un\u00a0gran cuerpo, con ausencia de acidez. Presenta un frutado verde caracter\u00edstico, aroma fresco con toques a manzana y madera, con un ligero amargo y sabor ligeramente picante.  La variedad picual es la m\u00e1s\u00a0rica en \u00e1cido oleico\u00a0y su alto contenido de antioxidantes naturales, vitamina E y polifenoles, la convierten en la m\u00e1s\u00a0estable, equilibrada y sana, y la m\u00e1s resistente a las variaciones t\u00e9rmicas, por lo que es excelente para su uso en la cocina. Es ideal para ensaladas, gazpachos, salmorejos, revueltos y verduras a la plancha, carnes y pescados frescos, guisos, pastas\u2026 Botella de 500 ml","og_url":"https:\/\/aceitesunicos.com\/es\/producto\/botella-picual-au-premium-500ml\/","og_site_name":"Aceites &Uacute;nicos","article_modified_time":"2021-04-22T09:43:28+00:00","og_image":[{"width":800,"height":800,"url":"https:\/\/aceitesunicos.com\/wp-content\/uploads\/2021\/03\/botella-picual-muy-baja.jpg","type":"image\/jpeg"}],"twitter_card":"summary_large_image","schema":{"@context":"https:\/\/schema.org","@graph":[{"@type":"WebPage","@id":"https:\/\/aceitesunicos.com\/es\/producto\/botella-picual-au-premium-500ml\/","url":"https:\/\/aceitesunicos.com\/es\/producto\/botella-picual-au-premium-500ml\/","name":"Botella Picual AU Premium 500ml - Aceites &Uacute;nicos","isPartOf":{"@id":"https:\/\/aceitesunicos.com\/en\/#website"},"primaryImageOfPage":{"@id":"https:\/\/aceitesunicos.com\/es\/producto\/botella-picual-au-premium-500ml\/#primaryimage"},"image":{"@id":"https:\/\/aceitesunicos.com\/es\/producto\/botella-picual-au-premium-500ml\/#primaryimage"},"thumbnailUrl":"https:\/\/aceitesunicos.com\/wp-content\/uploads\/2021\/03\/botella-picual-muy-baja.jpg","datePublished":"2021-03-26T11:14:55+00:00","dateModified":"2021-04-22T09:43:28+00:00","breadcrumb":{"@id":"https:\/\/aceitesunicos.com\/es\/producto\/botella-picual-au-premium-500ml\/#breadcrumb"},"inLanguage":"es","potentialAction":[{"@type":"ReadAction","target":["https:\/\/aceitesunicos.com\/es\/producto\/botella-picual-au-premium-500ml\/"]}]},{"@type":"ImageObject","inLanguage":"es","@id":"https:\/\/aceitesunicos.com\/es\/producto\/botella-picual-au-premium-500ml\/#primaryimage","url":"https:\/\/aceitesunicos.com\/wp-content\/uploads\/2021\/03\/botella-picual-muy-baja.jpg","contentUrl":"https:\/\/aceitesunicos.com\/wp-content\/uploads\/2021\/03\/botella-picual-muy-baja.jpg","width":800,"height":800,"caption":"botella de 500 ml de aceite de oliva virgen 100% picual"},{"@type":"BreadcrumbList","@id":"https:\/\/aceitesunicos.com\/es\/producto\/botella-picual-au-premium-500ml\/#breadcrumb","itemListElement":[{"@type":"ListItem","position":1,"name":"Home","item":"https:\/\/aceitesunicos.com\/es\/"},{"@type":"ListItem","position":2,"name":"Productos","item":"https:\/\/aceitesunicos.com\/es\/productos-2\/"},{"@type":"ListItem","position":3,"name":"Botella Picual AU Premium 500ml"}]},{"@type":"WebSite","@id":"https:\/\/aceitesunicos.com\/en\/#website","url":"https:\/\/aceitesunicos.com\/en\/","name":"Aceites &Uacute;nicos","description":"Aceites &Uacute;nicos","potentialAction":[{"@type":"SearchAction","target":{"@type":"EntryPoint","urlTemplate":"https:\/\/aceitesunicos.com\/en\/?s={search_term_string}"},"query-input":{"@type":"PropertyValueSpecification","valueRequired":true,"valueName":"search_term_string"}}],"inLanguage":"es"}]}},"_links":{"self":[{"href":"https:\/\/aceitesunicos.com\/es\/wp-json\/wp\/v2\/product\/5173","targetHints":{"allow":["GET"]}}],"collection":[{"href":"https:\/\/aceitesunicos.com\/es\/wp-json\/wp\/v2\/product"}],"about":[{"href":"https:\/\/aceitesunicos.com\/es\/wp-json\/wp\/v2\/types\/product"}],"wp:featuredmedia":[{"embeddable":true,"href":"https:\/\/aceitesunicos.com\/es\/wp-json\/wp\/v2\/media\/5174"}],"wp:attachment":[{"href":"https:\/\/aceitesunicos.com\/es\/wp-json\/wp\/v2\/media?parent=5173"}],"wp:term":[{"taxonomy":"product_brand","embeddable":true,"href":"https:\/\/aceitesunicos.com\/es\/wp-json\/wp\/v2\/product_brand?post=5173"},{"taxonomy":"product_cat","embeddable":true,"href":"https:\/\/aceitesunicos.com\/es\/wp-json\/wp\/v2\/product_cat?post=5173"},{"taxonomy":"product_tag","embeddable":true,"href":"https:\/\/aceitesunicos.com\/es\/wp-json\/wp\/v2\/product_tag?post=5173"}],"curies":[{"name":"wp","href":"https:\/\/api.w.org\/{rel}","templated":true}]}}