{"id":5760,"date":"2021-04-29T10:20:09","date_gmt":"2021-04-29T10:20:09","guid":{"rendered":"https:\/\/dev.aceitesunicos.com\/?page_id=5760"},"modified":"2024-05-01T11:27:55","modified_gmt":"2024-05-01T11:27:55","slug":"productos-catalogo","status":"publish","type":"page","link":"https:\/\/aceitesunicos.com\/es\/productos-catalogo\/","title":{"rendered":"Productos"},"content":{"rendered":"<p>[vc_row css_animation=\u00bb\u00bb row_type=\u00bbrow\u00bb use_row_as_full_screen_section=\u00bbno\u00bb type=\u00bbfull_width\u00bb angled_section=\u00bbno\u00bb text_align=\u00bbleft\u00bb background_image_as_pattern=\u00bbwithout_pattern\u00bb][vc_column][layerslider_vc id=\u00bb8&#8243;][\/vc_column][\/vc_row][vc_row css_animation=\u00bb\u00bb row_type=\u00bbrow\u00bb use_row_as_full_screen_section=\u00bbno\u00bb type=\u00bbgrid\u00bb angled_section=\u00bbyes\u00bb angled_section_position=\u00bbbottom\u00bb angled_section_direction=\u00bbfrom_left_to_right\u00bb text_align=\u00bbcenter\u00bb background_image_as_pattern=\u00bbwithout_pattern\u00bb css=\u00bb.vc_custom_1619691661348{padding-top: 100px !important;padding-bottom: 100px !important;}\u00bb z_index=\u00bb\u00bb][vc_column width=\u00bb1\/2&#8243;][vc_column_text css=\u00bb.vc_custom_1619691381797{padding-bottom: 20px !important;}\u00bb]<\/p>\n<h2><strong>AU<\/strong><\/h2>\n<p>[\/vc_column_text][vc_single_image image=\u00bb6534&#8243; img_size=\u00bbfull\u00bb style=\u00bbvc_box_border\u00bb onclick=\u00bbcustom_link\u00bb qode_css_animation=\u00bb\u00bb qode_hover_animation=\u00bbdarken\u00bb link=\u00bbhttp:\/\/aceitesunicos.com\/es\/categoria-producto\/au\/\u00bb css=\u00bb.vc_custom_1621505553779{padding-bottom: 20px !important;}\u00bb]<a  itemprop=\"url\" href=\"http:\/\/aceitesunicos.com\/es\/categoria-producto\/au\/\" target=\"_self\" data-hover-background-color='#506445'  class=\"qbutton  default\" style=\"color: #ffffff; background-color: #e2b804;\">Ver productos<\/a>[\/vc_column][vc_column width=\u00bb1\/2&#8243;][vc_column_text css=\u00bb.vc_custom_1619691410833{padding-bottom: 20px !important;}\u00bb]<\/p>\n<h2><strong>Aceites \u00fanicos<\/strong><\/h2>\n<p>[\/vc_column_text][vc_single_image image=\u00bb5833&#8243; img_size=\u00bbfull\u00bb style=\u00bbvc_box_border\u00bb onclick=\u00bbcustom_link\u00bb qode_css_animation=\u00bb\u00bb qode_hover_animation=\u00bbdarken\u00bb link=\u00bbhttp:\/\/aceitesunicos.com\/es\/categoria-producto\/aceites-unicos\/\u00bb css=\u00bb.vc_custom_1619769379458{padding-bottom: 20px !important;}\u00bb]<a  itemprop=\"url\" href=\"http:\/\/aceitesunicos.com\/es\/categoria-producto\/aceites-unicos\/\" target=\"_self\" data-hover-background-color='#506445'  class=\"qbutton  default\" style=\"color: #ffffff; background-color: #e2b804;\">Ver productos<\/a>[\/vc_column][\/vc_row]<\/p>\n","protected":false},"excerpt":{"rendered":"<p>[vc_row css_animation=\u00bb\u00bb row_type=\u00bbrow\u00bb use_row_as_full_screen_section=\u00bbno\u00bb type=\u00bbfull_width\u00bb angled_section=\u00bbno\u00bb text_align=\u00bbleft\u00bb background_image_as_pattern=\u00bbwithout_pattern\u00bb][vc_column][layerslider_vc id=\u00bb8&#8243;][\/vc_column][\/vc_row][vc_row css_animation=\u00bb\u00bb row_type=\u00bbrow\u00bb use_row_as_full_screen_section=\u00bbno\u00bb type=\u00bbgrid\u00bb angled_section=\u00bbyes\u00bb angled_section_position=\u00bbbottom\u00bb angled_section_direction=\u00bbfrom_left_to_right\u00bb text_align=\u00bbcenter\u00bb background_image_as_pattern=\u00bbwithout_pattern\u00bb css=\u00bb.vc_custom_1619691661348{padding-top: 100px !important;padding-bottom: 100px !important;}\u00bb z_index=\u00bb\u00bb][vc_column width=\u00bb1\/2&#8243;][vc_column_text css=\u00bb.vc_custom_1619691381797{padding-bottom: 20px !important;}\u00bb] AU [\/vc_column_text][vc_single_image image=\u00bb6534&#8243; img_size=\u00bbfull\u00bb style=\u00bbvc_box_border\u00bb onclick=\u00bbcustom_link\u00bb qode_css_animation=\u00bb\u00bb qode_hover_animation=\u00bbdarken\u00bb link=\u00bbhttp:\/\/aceitesunicos.com\/es\/categoria-producto\/au\/\u00bb css=\u00bb.vc_custom_1621505553779{padding-bottom: 20px !important;}\u00bb][\/vc_column][vc_column width=\u00bb1\/2&#8243;][vc_column_text css=\u00bb.vc_custom_1619691410833{padding-bottom: 20px !important;}\u00bb] Aceites&#8230;<\/p>\n","protected":false},"author":1,"featured_media":0,"parent":0,"menu_order":0,"comment_status":"closed","ping_status":"closed","template":"elementor_header_footer","meta":{"_joinchat":[],"footnotes":""},"class_list":["post-5760","page","type-page","status-publish","hentry"],"yoast_head":"<!-- This site is optimized with the Yoast SEO plugin v24.5 - https:\/\/yoast.com\/wordpress\/plugins\/seo\/ -->\n<title>Productos de Cat\u00e1logo - Aceites &Uacute;nicos<\/title>\n<meta name=\"description\" content=\"Productos de cat\u00e1logo de &quot;Aceites \u00fanicos&quot;. Visita nuestra tienda con productos de alta calidad, productos de oro l\u00edquido.\" \/>\n<meta name=\"robots\" content=\"index, follow, max-snippet:-1, max-image-preview:large, max-video-preview:-1\" \/>\n<link rel=\"canonical\" href=\"https:\/\/aceitesunicos.com\/es\/productos-catalogo\/\" \/>\n<meta property=\"og:locale\" content=\"es_ES\" \/>\n<meta property=\"og:type\" content=\"article\" \/>\n<meta property=\"og:title\" content=\"Productos de Cat\u00e1logo - Aceites &Uacute;nicos\" \/>\n<meta property=\"og:description\" content=\"Productos de cat\u00e1logo de &quot;Aceites \u00fanicos&quot;. Visita nuestra tienda con productos de alta calidad, productos de oro l\u00edquido.\" \/>\n<meta property=\"og:url\" content=\"https:\/\/aceitesunicos.com\/es\/productos-catalogo\/\" \/>\n<meta property=\"og:site_name\" content=\"Aceites &Uacute;nicos\" \/>\n<meta property=\"article:modified_time\" content=\"2024-05-01T11:27:55+00:00\" \/>\n<meta property=\"og:image\" content=\"https:\/\/aceitesunicos.com\/wp-content\/uploads\/2021\/04\/AceitesUnicos_slider_productos_castellano-1.jpg\" \/>\n\t<meta property=\"og:image:width\" content=\"1920\" \/>\n\t<meta property=\"og:image:height\" content=\"622\" \/>\n\t<meta property=\"og:image:type\" content=\"image\/jpeg\" \/>\n<meta name=\"twitter:card\" content=\"summary_large_image\" \/>\n<meta name=\"twitter:label1\" content=\"Tiempo de lectura\" \/>\n\t<meta name=\"twitter:data1\" content=\"1 minuto\" \/>\n<script type=\"application\/ld+json\" class=\"yoast-schema-graph\">{\"@context\":\"https:\/\/schema.org\",\"@graph\":[{\"@type\":\"WebPage\",\"@id\":\"https:\/\/aceitesunicos.com\/es\/productos-catalogo\/\",\"url\":\"https:\/\/aceitesunicos.com\/es\/productos-catalogo\/\",\"name\":\"Productos de Cat\u00e1logo - Aceites &Uacute;nicos\",\"isPartOf\":{\"@id\":\"https:\/\/aceitesunicos.com\/en\/#website\"},\"datePublished\":\"2021-04-29T10:20:09+00:00\",\"dateModified\":\"2024-05-01T11:27:55+00:00\",\"description\":\"Productos de cat\u00e1logo de \\\"Aceites \u00fanicos\\\". Visita nuestra tienda con productos de alta calidad, productos de oro l\u00edquido.\",\"breadcrumb\":{\"@id\":\"https:\/\/aceitesunicos.com\/es\/productos-catalogo\/#breadcrumb\"},\"inLanguage\":\"es\",\"potentialAction\":[{\"@type\":\"ReadAction\",\"target\":[\"https:\/\/aceitesunicos.com\/es\/productos-catalogo\/\"]}]},{\"@type\":\"BreadcrumbList\",\"@id\":\"https:\/\/aceitesunicos.com\/es\/productos-catalogo\/#breadcrumb\",\"itemListElement\":[{\"@type\":\"ListItem\",\"position\":1,\"name\":\"Home\",\"item\":\"https:\/\/aceitesunicos.com\/es\/\"},{\"@type\":\"ListItem\",\"position\":2,\"name\":\"Productos\"}]},{\"@type\":\"WebSite\",\"@id\":\"https:\/\/aceitesunicos.com\/en\/#website\",\"url\":\"https:\/\/aceitesunicos.com\/en\/\",\"name\":\"Aceites &Uacute;nicos\",\"description\":\"Aceites &Uacute;nicos\",\"potentialAction\":[{\"@type\":\"SearchAction\",\"target\":{\"@type\":\"EntryPoint\",\"urlTemplate\":\"https:\/\/aceitesunicos.com\/en\/?s={search_term_string}\"},\"query-input\":{\"@type\":\"PropertyValueSpecification\",\"valueRequired\":true,\"valueName\":\"search_term_string\"}}],\"inLanguage\":\"es\"}]}<\/script>\n<!-- \/ Yoast SEO plugin. -->","yoast_head_json":{"title":"Productos de Cat\u00e1logo - Aceites &Uacute;nicos","description":"Productos de cat\u00e1logo de \"Aceites \u00fanicos\". Visita nuestra tienda con productos de alta calidad, productos de oro l\u00edquido.","robots":{"index":"index","follow":"follow","max-snippet":"max-snippet:-1","max-image-preview":"max-image-preview:large","max-video-preview":"max-video-preview:-1"},"canonical":"https:\/\/aceitesunicos.com\/es\/productos-catalogo\/","og_locale":"es_ES","og_type":"article","og_title":"Productos de Cat\u00e1logo - Aceites &Uacute;nicos","og_description":"Productos de cat\u00e1logo de \"Aceites \u00fanicos\". Visita nuestra tienda con productos de alta calidad, productos de oro l\u00edquido.","og_url":"https:\/\/aceitesunicos.com\/es\/productos-catalogo\/","og_site_name":"Aceites &Uacute;nicos","article_modified_time":"2024-05-01T11:27:55+00:00","og_image":[{"width":1920,"height":622,"url":"https:\/\/aceitesunicos.com\/wp-content\/uploads\/2021\/04\/AceitesUnicos_slider_productos_castellano-1.jpg","type":"image\/jpeg"}],"twitter_card":"summary_large_image","twitter_misc":{"Tiempo de lectura":"1 minuto"},"schema":{"@context":"https:\/\/schema.org","@graph":[{"@type":"WebPage","@id":"https:\/\/aceitesunicos.com\/es\/productos-catalogo\/","url":"https:\/\/aceitesunicos.com\/es\/productos-catalogo\/","name":"Productos de Cat\u00e1logo - Aceites &Uacute;nicos","isPartOf":{"@id":"https:\/\/aceitesunicos.com\/en\/#website"},"datePublished":"2021-04-29T10:20:09+00:00","dateModified":"2024-05-01T11:27:55+00:00","description":"Productos de cat\u00e1logo de \"Aceites \u00fanicos\". Visita nuestra tienda con productos de alta calidad, productos de oro l\u00edquido.","breadcrumb":{"@id":"https:\/\/aceitesunicos.com\/es\/productos-catalogo\/#breadcrumb"},"inLanguage":"es","potentialAction":[{"@type":"ReadAction","target":["https:\/\/aceitesunicos.com\/es\/productos-catalogo\/"]}]},{"@type":"BreadcrumbList","@id":"https:\/\/aceitesunicos.com\/es\/productos-catalogo\/#breadcrumb","itemListElement":[{"@type":"ListItem","position":1,"name":"Home","item":"https:\/\/aceitesunicos.com\/es\/"},{"@type":"ListItem","position":2,"name":"Productos"}]},{"@type":"WebSite","@id":"https:\/\/aceitesunicos.com\/en\/#website","url":"https:\/\/aceitesunicos.com\/en\/","name":"Aceites &Uacute;nicos","description":"Aceites &Uacute;nicos","potentialAction":[{"@type":"SearchAction","target":{"@type":"EntryPoint","urlTemplate":"https:\/\/aceitesunicos.com\/en\/?s={search_term_string}"},"query-input":{"@type":"PropertyValueSpecification","valueRequired":true,"valueName":"search_term_string"}}],"inLanguage":"es"}]}},"_links":{"self":[{"href":"https:\/\/aceitesunicos.com\/es\/wp-json\/wp\/v2\/pages\/5760","targetHints":{"allow":["GET"]}}],"collection":[{"href":"https:\/\/aceitesunicos.com\/es\/wp-json\/wp\/v2\/pages"}],"about":[{"href":"https:\/\/aceitesunicos.com\/es\/wp-json\/wp\/v2\/types\/page"}],"author":[{"embeddable":true,"href":"https:\/\/aceitesunicos.com\/es\/wp-json\/wp\/v2\/users\/1"}],"replies":[{"embeddable":true,"href":"https:\/\/aceitesunicos.com\/es\/wp-json\/wp\/v2\/comments?post=5760"}],"version-history":[{"count":25,"href":"https:\/\/aceitesunicos.com\/es\/wp-json\/wp\/v2\/pages\/5760\/revisions"}],"predecessor-version":[{"id":6696,"href":"https:\/\/aceitesunicos.com\/es\/wp-json\/wp\/v2\/pages\/5760\/revisions\/6696"}],"wp:attachment":[{"href":"https:\/\/aceitesunicos.com\/es\/wp-json\/wp\/v2\/media?parent=5760"}],"curies":[{"name":"wp","href":"https:\/\/api.w.org\/{rel}","templated":true}]}}