{"id":5720,"date":"2021-04-29T09:31:11","date_gmt":"2021-04-29T09:31:11","guid":{"rendered":"https:\/\/dev.aceitesunicos.com\/?page_id=5720"},"modified":"2024-09-25T05:18:40","modified_gmt":"2024-09-25T05:18:40","slug":"politica-de-inocuidad-alimentaria","status":"publish","type":"page","link":"https:\/\/aceitesunicos.com\/es\/politica-de-inocuidad-alimentaria\/","title":{"rendered":"Pol\u00edtica de Inocuidad Alimentaria"},"content":{"rendered":"<p>[vc_row css_animation=\u00bb\u00bb row_type=\u00bbrow\u00bb use_row_as_full_screen_section=\u00bbno\u00bb type=\u00bbfull_width\u00bb angled_section=\u00bbno\u00bb text_align=\u00bbleft\u00bb background_image_as_pattern=\u00bbwithout_pattern\u00bb][vc_column][layerslider_vc id=\u00bb7&#8243;][\/vc_column][\/vc_row][vc_row css_animation=\u00bb\u00bb row_type=\u00bbrow\u00bb use_row_as_full_screen_section=\u00bbno\u00bb type=\u00bbgrid\u00bb angled_section=\u00bbyes\u00bb angled_section_position=\u00bbbottom\u00bb angled_section_direction=\u00bbfrom_left_to_right\u00bb text_align=\u00bbleft\u00bb background_image_as_pattern=\u00bbwithout_pattern\u00bb css=\u00bb.vc_custom_1619688972936{padding-top: 150px !important;padding-bottom: 30px !important;}\u00bb z_index=\u00bb\u00bb][vc_column][vc_column_text]<\/p>\n<h1 style=\"text-align: center;\">Pol\u00edtica de Inocuidad Alimentaria<\/h1>\n<p>&nbsp;<\/p>\n<p>&nbsp;<\/p>\n<p style=\"text-align: left;\"><strong>Certificado ISO 22000:2005<\/strong><\/p>\n<p>&nbsp;<\/p>\n<p style=\"text-align: left;\">Nuestra actividad parte de la premisa fundamental de ofrecer y suministrar productos inocuos y seguros para su entrada en la cadena alimentaria. Un sello de identidad que viene caracteriz\u00e1ndonos desde nuestros inicios cuya garant\u00eda en t\u00e9rminos de seguridad alimentaria se certifica a trav\u00e9s de la implantaci\u00f3n de un <strong>Sistema de Gesti\u00f3n de la Inocuidad de los Alimentos basado en la Norma UNE-EN ISO 22000:2005<\/strong>.<\/p>\n<p>&nbsp;<\/p>\n<p style=\"text-align: left;\">Asimismo, la gerencia de\u00a0<a href=\"https:\/\/www.aceitesguadalimar.com\/comprar-aceite-oliva-virgen-extra\/\" target=\"_blank\" rel=\"noopener\"><strong>Aceites Guadalimar<\/strong><\/a> enfoca dicho Sistema de Gesti\u00f3n de la Inocuidad de los Alimentos y la mejora continua de su eficacia hacia el prop\u00f3sito de cumplir con los requisitos legales y reglamentarios, as\u00ed como con los requisitos acordados mutuamente con los clientes sobre seguridad alimentaria.<\/p>\n<p>&nbsp;<\/p>\n<p style=\"text-align: left;\"><strong>Nos esforzamos por ofrecerte lo mejor<\/strong><\/p>\n<p>&nbsp;<\/p>\n<p style=\"text-align: left;\">De ese modo, garantizamos el mantenimiento de un sistema de comunicaci\u00f3n eficaz, tanto interna como externamente, que asegura la disponibilidad de la informaci\u00f3n suficiente en lo que respecta a la inocuidad de los alimentos, especialmente centrada en el personal de la organizaci\u00f3n.<\/p>\n<p>&nbsp;<\/p>\n<p style=\"text-align: left;\">Por todo ello, la gerencia fundamenta su\u00a0<strong>compromiso en materia de inocuidad<\/strong>\u00a0a trav\u00e9s de las bases de Pol\u00edtica de Inocuidad Alimentaria que se enumeran a continuaci\u00f3n y que est\u00e1n plenamente respaldadas por objetivos medibles:<\/p>\n<p>&nbsp;<\/p>\n<ul style=\"text-align: left;\">\n<li>El correcto desarrollo de la implementaci\u00f3n del sistema de seguridad alimentaria es responsabilidad de todos y cuenta con el respaldo y el compromiso de la gerencia.<\/li>\n<li>La mejora en las garant\u00edas de seguridad alimentaria pasa por una mejora de los recursos, tanto humanos como materiales.<\/li>\n<li>La inocuidad de los productos es una caracter\u00edstica m\u00e1s del producto cuya garant\u00eda y cumplimiento es nuestra obligaci\u00f3n.<\/li>\n<\/ul>\n<p>&nbsp;<\/p>\n<p style=\"text-align: left;\">Esta pol\u00edtica de seguridad alimentaria est\u00e1 en constante evoluci\u00f3n, por lo que es revisada para su continua adecuaci\u00f3n, al menos, en lo referente a la Revisi\u00f3n del Sistema por la direcci\u00f3n, vigilando, a la vez, que los objetivos de inocuidad marcados reglamentarios sean considerados marco de referencia para establecer y revisar dichos objetivos.<\/p>\n<p>&nbsp;<\/p>\n<p style=\"text-align: left;\">La pol\u00edtica de calidad de\u00a0<strong>Aceites Guadalimar<\/strong> es el medio mediante el que se conduce a la organizaci\u00f3n hacia la mejora de su sistema de gesti\u00f3n de la inocuidad de los alimentos, permaneciendo permanente expuesta en lugar visible para el personal y comunicada en comit\u00e9 de empresa cada vez que sufre una revisi\u00f3n para que, de ese modo, sea implementada y mantenida en todos los niveles de la organizaci\u00f3n.<\/p>\n<p>&nbsp;<\/p>\n<p style=\"text-align: left;\">Controlamos y cuidamos todo el proceso, desde el campo hasta su envasado final y embalaje.<\/p>\n<p>[\/vc_column_text][\/vc_column][\/vc_row][vc_row css_animation=\u00bb\u00bb row_type=\u00bbrow\u00bb use_row_as_full_screen_section=\u00bbno\u00bb type=\u00bbgrid\u00bb angled_section=\u00bbno\u00bb text_align=\u00bbcenter\u00bb background_image_as_pattern=\u00bbwithout_pattern\u00bb z_index=\u00bb\u00bb css=\u00bb.vc_custom_1619689222364{padding-bottom: 100px !important;}\u00bb][vc_column]<a  itemprop=\"url\" href=\"https:\/\/www.aceitesguadalimar.com\/wp-content\/uploads\/2021\/03\/certificado-iso-22000-aceites_guadalimar-2019_2020-es.pdf\" target=\"_self\" data-hover-background-color='#506445' data-hover-color='#ffffff' class=\"qbutton  medium center default\" style=\"color: #ffffff; margin: 20px,0px,0px,0px; background-color: #e2b804;\">Ver certificado ISO 22000:2005<\/a>[\/vc_column][\/vc_row]<\/p>\n","protected":false},"excerpt":{"rendered":"<p>[vc_row css_animation=\u00bb\u00bb row_type=\u00bbrow\u00bb use_row_as_full_screen_section=\u00bbno\u00bb type=\u00bbfull_width\u00bb angled_section=\u00bbno\u00bb text_align=\u00bbleft\u00bb background_image_as_pattern=\u00bbwithout_pattern\u00bb][vc_column][layerslider_vc id=\u00bb7&#8243;][\/vc_column][\/vc_row][vc_row css_animation=\u00bb\u00bb row_type=\u00bbrow\u00bb use_row_as_full_screen_section=\u00bbno\u00bb type=\u00bbgrid\u00bb angled_section=\u00bbyes\u00bb angled_section_position=\u00bbbottom\u00bb angled_section_direction=\u00bbfrom_left_to_right\u00bb text_align=\u00bbleft\u00bb background_image_as_pattern=\u00bbwithout_pattern\u00bb css=\u00bb.vc_custom_1619688972936{padding-top: 150px !important;padding-bottom: 30px !important;}\u00bb z_index=\u00bb\u00bb][vc_column][vc_column_text] Pol\u00edtica de Inocuidad Alimentaria &nbsp; &nbsp; Certificado ISO 22000:2005 &nbsp; Nuestra actividad parte de la premisa fundamental de ofrecer y suministrar&#8230;<\/p>\n","protected":false},"author":1,"featured_media":0,"parent":0,"menu_order":0,"comment_status":"closed","ping_status":"closed","template":"elementor_header_footer","meta":{"_joinchat":[],"footnotes":""},"class_list":["post-5720","page","type-page","status-publish","hentry"],"yoast_head":"<!-- This site is optimized with the Yoast SEO plugin v24.5 - https:\/\/yoast.com\/wordpress\/plugins\/seo\/ -->\n<title>Pol\u00edtica de Inocuidad Alimentaria - Aceites &Uacute;nicos<\/title>\n<meta name=\"description\" content=\"Pol\u00edtica de inocuidad alimentaria. Controlamos y cuidamos todo el proceso, desde el campo hasta su envasado final y embalaje.\" \/>\n<meta name=\"robots\" content=\"noindex, nofollow\" \/>\n<meta property=\"og:locale\" content=\"es_ES\" \/>\n<meta property=\"og:type\" content=\"article\" \/>\n<meta property=\"og:title\" content=\"Pol\u00edtica de Inocuidad Alimentaria - Aceites &Uacute;nicos\" \/>\n<meta property=\"og:description\" content=\"Pol\u00edtica de inocuidad alimentaria. Controlamos y cuidamos todo el proceso, desde el campo hasta su envasado final y embalaje.\" \/>\n<meta property=\"og:url\" content=\"https:\/\/aceitesunicos.com\/es\/politica-de-inocuidad-alimentaria\/\" \/>\n<meta property=\"og:site_name\" content=\"Aceites &Uacute;nicos\" \/>\n<meta property=\"article:modified_time\" content=\"2024-09-25T05:18:40+00:00\" \/>\n<meta property=\"og:image\" content=\"https:\/\/aceitesunicos.com\/wp-content\/uploads\/2021\/04\/AceitesUnicos_sliderpoliticainocuidad-castellano.jpg\" \/>\n\t<meta property=\"og:image:width\" content=\"1920\" \/>\n\t<meta property=\"og:image:height\" content=\"622\" \/>\n\t<meta property=\"og:image:type\" content=\"image\/jpeg\" \/>\n<meta name=\"twitter:card\" content=\"summary_large_image\" \/>\n<meta name=\"twitter:label1\" content=\"Tiempo de lectura\" \/>\n\t<meta name=\"twitter:data1\" content=\"3 minutos\" \/>\n<script type=\"application\/ld+json\" class=\"yoast-schema-graph\">{\"@context\":\"https:\/\/schema.org\",\"@graph\":[{\"@type\":\"WebPage\",\"@id\":\"https:\/\/aceitesunicos.com\/es\/politica-de-inocuidad-alimentaria\/\",\"url\":\"https:\/\/aceitesunicos.com\/es\/politica-de-inocuidad-alimentaria\/\",\"name\":\"Pol\u00edtica de Inocuidad Alimentaria - Aceites &Uacute;nicos\",\"isPartOf\":{\"@id\":\"https:\/\/aceitesunicos.com\/en\/#website\"},\"datePublished\":\"2021-04-29T09:31:11+00:00\",\"dateModified\":\"2024-09-25T05:18:40+00:00\",\"description\":\"Pol\u00edtica de inocuidad alimentaria. Controlamos y cuidamos todo el proceso, desde el campo hasta su envasado final y embalaje.\",\"breadcrumb\":{\"@id\":\"https:\/\/aceitesunicos.com\/es\/politica-de-inocuidad-alimentaria\/#breadcrumb\"},\"inLanguage\":\"es\",\"potentialAction\":[{\"@type\":\"ReadAction\",\"target\":[\"https:\/\/aceitesunicos.com\/es\/politica-de-inocuidad-alimentaria\/\"]}]},{\"@type\":\"BreadcrumbList\",\"@id\":\"https:\/\/aceitesunicos.com\/es\/politica-de-inocuidad-alimentaria\/#breadcrumb\",\"itemListElement\":[{\"@type\":\"ListItem\",\"position\":1,\"name\":\"Home\",\"item\":\"https:\/\/aceitesunicos.com\/es\/\"},{\"@type\":\"ListItem\",\"position\":2,\"name\":\"Pol\u00edtica de Inocuidad Alimentaria\"}]},{\"@type\":\"WebSite\",\"@id\":\"https:\/\/aceitesunicos.com\/en\/#website\",\"url\":\"https:\/\/aceitesunicos.com\/en\/\",\"name\":\"Aceites &Uacute;nicos\",\"description\":\"Aceites &Uacute;nicos\",\"potentialAction\":[{\"@type\":\"SearchAction\",\"target\":{\"@type\":\"EntryPoint\",\"urlTemplate\":\"https:\/\/aceitesunicos.com\/en\/?s={search_term_string}\"},\"query-input\":{\"@type\":\"PropertyValueSpecification\",\"valueRequired\":true,\"valueName\":\"search_term_string\"}}],\"inLanguage\":\"es\"}]}<\/script>\n<!-- \/ Yoast SEO plugin. -->","yoast_head_json":{"title":"Pol\u00edtica de Inocuidad Alimentaria - Aceites &Uacute;nicos","description":"Pol\u00edtica de inocuidad alimentaria. Controlamos y cuidamos todo el proceso, desde el campo hasta su envasado final y embalaje.","robots":{"index":"noindex","follow":"nofollow"},"og_locale":"es_ES","og_type":"article","og_title":"Pol\u00edtica de Inocuidad Alimentaria - Aceites &Uacute;nicos","og_description":"Pol\u00edtica de inocuidad alimentaria. Controlamos y cuidamos todo el proceso, desde el campo hasta su envasado final y embalaje.","og_url":"https:\/\/aceitesunicos.com\/es\/politica-de-inocuidad-alimentaria\/","og_site_name":"Aceites &Uacute;nicos","article_modified_time":"2024-09-25T05:18:40+00:00","og_image":[{"width":1920,"height":622,"url":"https:\/\/aceitesunicos.com\/wp-content\/uploads\/2021\/04\/AceitesUnicos_sliderpoliticainocuidad-castellano.jpg","type":"image\/jpeg"}],"twitter_card":"summary_large_image","twitter_misc":{"Tiempo de lectura":"3 minutos"},"schema":{"@context":"https:\/\/schema.org","@graph":[{"@type":"WebPage","@id":"https:\/\/aceitesunicos.com\/es\/politica-de-inocuidad-alimentaria\/","url":"https:\/\/aceitesunicos.com\/es\/politica-de-inocuidad-alimentaria\/","name":"Pol\u00edtica de Inocuidad Alimentaria - Aceites &Uacute;nicos","isPartOf":{"@id":"https:\/\/aceitesunicos.com\/en\/#website"},"datePublished":"2021-04-29T09:31:11+00:00","dateModified":"2024-09-25T05:18:40+00:00","description":"Pol\u00edtica de inocuidad alimentaria. Controlamos y cuidamos todo el proceso, desde el campo hasta su envasado final y embalaje.","breadcrumb":{"@id":"https:\/\/aceitesunicos.com\/es\/politica-de-inocuidad-alimentaria\/#breadcrumb"},"inLanguage":"es","potentialAction":[{"@type":"ReadAction","target":["https:\/\/aceitesunicos.com\/es\/politica-de-inocuidad-alimentaria\/"]}]},{"@type":"BreadcrumbList","@id":"https:\/\/aceitesunicos.com\/es\/politica-de-inocuidad-alimentaria\/#breadcrumb","itemListElement":[{"@type":"ListItem","position":1,"name":"Home","item":"https:\/\/aceitesunicos.com\/es\/"},{"@type":"ListItem","position":2,"name":"Pol\u00edtica de Inocuidad Alimentaria"}]},{"@type":"WebSite","@id":"https:\/\/aceitesunicos.com\/en\/#website","url":"https:\/\/aceitesunicos.com\/en\/","name":"Aceites &Uacute;nicos","description":"Aceites &Uacute;nicos","potentialAction":[{"@type":"SearchAction","target":{"@type":"EntryPoint","urlTemplate":"https:\/\/aceitesunicos.com\/en\/?s={search_term_string}"},"query-input":{"@type":"PropertyValueSpecification","valueRequired":true,"valueName":"search_term_string"}}],"inLanguage":"es"}]}},"_links":{"self":[{"href":"https:\/\/aceitesunicos.com\/es\/wp-json\/wp\/v2\/pages\/5720","targetHints":{"allow":["GET"]}}],"collection":[{"href":"https:\/\/aceitesunicos.com\/es\/wp-json\/wp\/v2\/pages"}],"about":[{"href":"https:\/\/aceitesunicos.com\/es\/wp-json\/wp\/v2\/types\/page"}],"author":[{"embeddable":true,"href":"https:\/\/aceitesunicos.com\/es\/wp-json\/wp\/v2\/users\/1"}],"replies":[{"embeddable":true,"href":"https:\/\/aceitesunicos.com\/es\/wp-json\/wp\/v2\/comments?post=5720"}],"version-history":[{"count":10,"href":"https:\/\/aceitesunicos.com\/es\/wp-json\/wp\/v2\/pages\/5720\/revisions"}],"predecessor-version":[{"id":6723,"href":"https:\/\/aceitesunicos.com\/es\/wp-json\/wp\/v2\/pages\/5720\/revisions\/6723"}],"wp:attachment":[{"href":"https:\/\/aceitesunicos.com\/es\/wp-json\/wp\/v2\/media?parent=5720"}],"curies":[{"name":"wp","href":"https:\/\/api.w.org\/{rel}","templated":true}]}}