{"id":5366,"date":"2021-04-08T10:39:20","date_gmt":"2021-04-08T10:39:20","guid":{"rendered":"https:\/\/dev.aceitesunicos.com\/?page_id=5366"},"modified":"2024-10-17T09:44:11","modified_gmt":"2024-10-17T09:44:11","slug":"aceites-unicos","status":"publish","type":"page","link":"https:\/\/aceitesunicos.com\/es\/","title":{"rendered":"Aceites \u00danicos"},"content":{"rendered":"<p>[vc_row css_animation=\u00bb\u00bb row_type=\u00bbrow\u00bb use_row_as_full_screen_section=\u00bbyes\u00bb type=\u00bbfull_width\u00bb angled_section=\u00bbno\u00bb text_align=\u00bbleft\u00bb background_image_as_pattern=\u00bbwithout_pattern\u00bb z_index=\u00bb\u00bb][vc_column][layerslider_vc id=\u00bb1&#8243;][\/vc_column][\/vc_row][vc_row css_animation=\u00bb\u00bb row_type=\u00bbrow\u00bb use_row_as_full_screen_section=\u00bbno\u00bb type=\u00bbgrid\u00bb angled_section=\u00bbno\u00bb text_align=\u00bbleft\u00bb background_image_as_pattern=\u00bbwithout_pattern\u00bb z_index=\u00bb\u00bb css=\u00bb.vc_custom_1619005469199{padding-top: 150px !important;}\u00bb][vc_column width=\u00bb1\/2&#8243;][vc_single_image image=\u00bb5599&#8243; img_size=\u00bbfull\u00bb qode_css_animation=\u00bb\u00bb][\/vc_column][vc_column width=\u00bb1\/2&#8243;][vc_column_text css=\u00bb.vc_custom_1619781814137{padding-top: 130px !important;}\u00bb]<\/p>\n<h1>Qui\u00e9nes somos<\/h1>\n<p>Aceites Unicos lleva\u00a0<b>m\u00e1s de 200 a\u00f1os<\/b>\u00a0dedic\u00e1ndose al cultivo tradicional del olivo, escuchando a la naturaleza y respetando sus tiempos.<\/p>\n<p>[\/vc_column_text][\/vc_column][\/vc_row][vc_row css_animation=\u00bb\u00bb row_type=\u00bbrow\u00bb use_row_as_full_screen_section=\u00bbno\u00bb type=\u00bbgrid\u00bb angled_section=\u00bbno\u00bb text_align=\u00bbleft\u00bb background_image_as_pattern=\u00bbwithout_pattern\u00bb z_index=\u00bb\u00bb css=\u00bb.vc_custom_1617876793369{padding-top: 100px !important;padding-bottom: 100px !important;}\u00bb][vc_column]<span class=\"separator_with_icon\" style='color:#506445;'><i class=\"fa fa-angle-down\"><\/i><\/span>[vc_column_text css=\u00bb.vc_custom_1619781760801{padding-top: 50px !important;padding-bottom: 50px !important;}\u00bb]<\/p>\n<h2 style=\"text-align: center;\">Productos<\/h2>\n<p>[\/vc_column_text]<div class=\"qode-advanced-image-gallery  qode-aig-carousel-type qode-large-space  qode-image-behavior-custom-link \">\n\t<div class=\"qode-aig-slider qode-owl-slider\" data-number-of-items=\"3\" data-enable-loop=\"yes\" data-enable-autoplay=\"yes\" data-slider-speed=\"5000\" data-slider-speed-animation=\"600\" data-slider-padding=\"no\" data-enable-navigation=\"yes\" data-enable-pagination=\"yes\">\n\t\t\t\t\t<div class=\"qode-aig-image\">\n\t\t\t\t\t\t\t\t\t<img fetchpriority=\"high\" decoding=\"async\" width=\"800\" height=\"800\" src=\"https:\/\/aceitesunicos.com\/wp-content\/uploads\/2021\/03\/aceite-pescado.jpg\" class=\"attachment-full size-full\" alt=\"aceite-pescado\" srcset=\"https:\/\/aceitesunicos.com\/wp-content\/uploads\/2021\/03\/aceite-pescado.jpg 800w, https:\/\/aceitesunicos.com\/wp-content\/uploads\/2021\/03\/aceite-pescado-300x300.jpg 300w, https:\/\/aceitesunicos.com\/wp-content\/uploads\/2021\/03\/aceite-pescado-100x100.jpg 100w, https:\/\/aceitesunicos.com\/wp-content\/uploads\/2021\/03\/aceite-pescado-600x600.jpg 600w, https:\/\/aceitesunicos.com\/wp-content\/uploads\/2021\/03\/aceite-pescado-150x150.jpg 150w, https:\/\/aceitesunicos.com\/wp-content\/uploads\/2021\/03\/aceite-pescado-768x768.jpg 768w, https:\/\/aceitesunicos.com\/wp-content\/uploads\/2021\/03\/aceite-pescado-570x570.jpg 570w, https:\/\/aceitesunicos.com\/wp-content\/uploads\/2021\/03\/aceite-pescado-500x500.jpg 500w, https:\/\/aceitesunicos.com\/wp-content\/uploads\/2021\/03\/aceite-pescado-700x700.jpg 700w\" sizes=\"(max-width: 800px) 100vw, 800px\" \/>\t\t\t\t\t<span class=\"aig-gallery-hover\">\n\t\t\t\t\t\t\t\t\t\t\t<\/span>\n\t\t\t\t\t\t\t\t\t<\/a>\n\t\t\t\t\t\t\t<\/div>\n\t\t\t\t\t<div class=\"qode-aig-image\">\n\t\t\t\t\t\t\t\t\t<img decoding=\"async\" width=\"800\" height=\"800\" src=\"https:\/\/aceitesunicos.com\/wp-content\/uploads\/2021\/03\/aceite-ensalada.jpg\" class=\"attachment-full size-full\" alt=\"aceite-ensalada\" srcset=\"https:\/\/aceitesunicos.com\/wp-content\/uploads\/2021\/03\/aceite-ensalada.jpg 800w, https:\/\/aceitesunicos.com\/wp-content\/uploads\/2021\/03\/aceite-ensalada-300x300.jpg 300w, https:\/\/aceitesunicos.com\/wp-content\/uploads\/2021\/03\/aceite-ensalada-100x100.jpg 100w, https:\/\/aceitesunicos.com\/wp-content\/uploads\/2021\/03\/aceite-ensalada-600x600.jpg 600w, https:\/\/aceitesunicos.com\/wp-content\/uploads\/2021\/03\/aceite-ensalada-150x150.jpg 150w, https:\/\/aceitesunicos.com\/wp-content\/uploads\/2021\/03\/aceite-ensalada-768x768.jpg 768w, https:\/\/aceitesunicos.com\/wp-content\/uploads\/2021\/03\/aceite-ensalada-570x570.jpg 570w, https:\/\/aceitesunicos.com\/wp-content\/uploads\/2021\/03\/aceite-ensalada-500x500.jpg 500w, https:\/\/aceitesunicos.com\/wp-content\/uploads\/2021\/03\/aceite-ensalada-700x700.jpg 700w\" sizes=\"(max-width: 800px) 100vw, 800px\" \/>\t\t\t\t\t<span class=\"aig-gallery-hover\">\n\t\t\t\t\t\t\t\t\t\t\t<\/span>\n\t\t\t\t\t\t\t\t\t<\/a>\n\t\t\t\t\t\t\t<\/div>\n\t\t\t\t\t<div class=\"qode-aig-image\">\n\t\t\t\t\t\t\t\t\t<img decoding=\"async\" width=\"800\" height=\"800\" src=\"https:\/\/aceitesunicos.com\/wp-content\/uploads\/2021\/03\/au-gran-seleccion-botella-destacada.jpg\" class=\"attachment-full size-full\" alt=\"au gran seleccion-botella-destacada\" srcset=\"https:\/\/aceitesunicos.com\/wp-content\/uploads\/2021\/03\/au-gran-seleccion-botella-destacada.jpg 800w, https:\/\/aceitesunicos.com\/wp-content\/uploads\/2021\/03\/au-gran-seleccion-botella-destacada-300x300.jpg 300w, https:\/\/aceitesunicos.com\/wp-content\/uploads\/2021\/03\/au-gran-seleccion-botella-destacada-100x100.jpg 100w, https:\/\/aceitesunicos.com\/wp-content\/uploads\/2021\/03\/au-gran-seleccion-botella-destacada-600x600.jpg 600w, https:\/\/aceitesunicos.com\/wp-content\/uploads\/2021\/03\/au-gran-seleccion-botella-destacada-150x150.jpg 150w, https:\/\/aceitesunicos.com\/wp-content\/uploads\/2021\/03\/au-gran-seleccion-botella-destacada-768x768.jpg 768w, https:\/\/aceitesunicos.com\/wp-content\/uploads\/2021\/03\/au-gran-seleccion-botella-destacada-570x570.jpg 570w, https:\/\/aceitesunicos.com\/wp-content\/uploads\/2021\/03\/au-gran-seleccion-botella-destacada-500x500.jpg 500w, https:\/\/aceitesunicos.com\/wp-content\/uploads\/2021\/03\/au-gran-seleccion-botella-destacada-700x700.jpg 700w\" sizes=\"(max-width: 800px) 100vw, 800px\" \/>\t\t\t\t\t<span class=\"aig-gallery-hover\">\n\t\t\t\t\t\t\t\t\t\t\t<\/span>\n\t\t\t\t\t\t\t\t\t<\/a>\n\t\t\t\t\t\t\t<\/div>\n\t\t\t\t\t<div class=\"qode-aig-image\">\n\t\t\t\t\t\t\t\t\t<img loading=\"lazy\" decoding=\"async\" width=\"800\" height=\"800\" src=\"https:\/\/aceitesunicos.com\/wp-content\/uploads\/2021\/03\/lingote-au-destacada-1.jpg\" class=\"attachment-full size-full\" alt=\"\" srcset=\"https:\/\/aceitesunicos.com\/wp-content\/uploads\/2021\/03\/lingote-au-destacada-1.jpg 800w, https:\/\/aceitesunicos.com\/wp-content\/uploads\/2021\/03\/lingote-au-destacada-1-300x300.jpg 300w, https:\/\/aceitesunicos.com\/wp-content\/uploads\/2021\/03\/lingote-au-destacada-1-100x100.jpg 100w, https:\/\/aceitesunicos.com\/wp-content\/uploads\/2021\/03\/lingote-au-destacada-1-600x600.jpg 600w, https:\/\/aceitesunicos.com\/wp-content\/uploads\/2021\/03\/lingote-au-destacada-1-150x150.jpg 150w, https:\/\/aceitesunicos.com\/wp-content\/uploads\/2021\/03\/lingote-au-destacada-1-768x768.jpg 768w, https:\/\/aceitesunicos.com\/wp-content\/uploads\/2021\/03\/lingote-au-destacada-1-570x570.jpg 570w, https:\/\/aceitesunicos.com\/wp-content\/uploads\/2021\/03\/lingote-au-destacada-1-500x500.jpg 500w, https:\/\/aceitesunicos.com\/wp-content\/uploads\/2021\/03\/lingote-au-destacada-1-700x700.jpg 700w\" sizes=\"(max-width: 800px) 100vw, 800px\" \/>\t\t\t\t\t<span class=\"aig-gallery-hover\">\n\t\t\t\t\t\t\t\t\t\t\t<\/span>\n\t\t\t\t\t\t\t\t\t<\/a>\n\t\t\t\t\t\t\t<\/div>\n\t\t\t\t\t<div class=\"qode-aig-image\">\n\t\t\t\t\t\t\t\t\t<img loading=\"lazy\" decoding=\"async\" width=\"800\" height=\"800\" src=\"https:\/\/aceitesunicos.com\/wp-content\/uploads\/2021\/03\/aceite-pasta.jpg\" class=\"attachment-full size-full\" alt=\"aceite-pasta\" srcset=\"https:\/\/aceitesunicos.com\/wp-content\/uploads\/2021\/03\/aceite-pasta.jpg 800w, https:\/\/aceitesunicos.com\/wp-content\/uploads\/2021\/03\/aceite-pasta-300x300.jpg 300w, https:\/\/aceitesunicos.com\/wp-content\/uploads\/2021\/03\/aceite-pasta-100x100.jpg 100w, https:\/\/aceitesunicos.com\/wp-content\/uploads\/2021\/03\/aceite-pasta-600x600.jpg 600w, https:\/\/aceitesunicos.com\/wp-content\/uploads\/2021\/03\/aceite-pasta-150x150.jpg 150w, https:\/\/aceitesunicos.com\/wp-content\/uploads\/2021\/03\/aceite-pasta-768x768.jpg 768w, https:\/\/aceitesunicos.com\/wp-content\/uploads\/2021\/03\/aceite-pasta-570x570.jpg 570w, https:\/\/aceitesunicos.com\/wp-content\/uploads\/2021\/03\/aceite-pasta-500x500.jpg 500w, https:\/\/aceitesunicos.com\/wp-content\/uploads\/2021\/03\/aceite-pasta-700x700.jpg 700w\" sizes=\"(max-width: 800px) 100vw, 800px\" \/>\t\t\t\t\t<span class=\"aig-gallery-hover\">\n\t\t\t\t\t\t\t\t\t\t\t<\/span>\n\t\t\t\t\t\t\t\t\t<\/a>\n\t\t\t\t\t\t\t<\/div>\n\t\t\t\t\t<div class=\"qode-aig-image\">\n\t\t\t\t\t\t\t\t\t<img loading=\"lazy\" decoding=\"async\" width=\"800\" height=\"800\" src=\"https:\/\/aceitesunicos.com\/wp-content\/uploads\/2021\/03\/aceite-pizza.jpg\" class=\"attachment-full size-full\" alt=\"aceite-pizza\" srcset=\"https:\/\/aceitesunicos.com\/wp-content\/uploads\/2021\/03\/aceite-pizza.jpg 800w, https:\/\/aceitesunicos.com\/wp-content\/uploads\/2021\/03\/aceite-pizza-300x300.jpg 300w, https:\/\/aceitesunicos.com\/wp-content\/uploads\/2021\/03\/aceite-pizza-100x100.jpg 100w, https:\/\/aceitesunicos.com\/wp-content\/uploads\/2021\/03\/aceite-pizza-600x600.jpg 600w, https:\/\/aceitesunicos.com\/wp-content\/uploads\/2021\/03\/aceite-pizza-150x150.jpg 150w, https:\/\/aceitesunicos.com\/wp-content\/uploads\/2021\/03\/aceite-pizza-768x768.jpg 768w, https:\/\/aceitesunicos.com\/wp-content\/uploads\/2021\/03\/aceite-pizza-570x570.jpg 570w, https:\/\/aceitesunicos.com\/wp-content\/uploads\/2021\/03\/aceite-pizza-500x500.jpg 500w, https:\/\/aceitesunicos.com\/wp-content\/uploads\/2021\/03\/aceite-pizza-700x700.jpg 700w\" sizes=\"(max-width: 800px) 100vw, 800px\" \/>\t\t\t\t\t<span class=\"aig-gallery-hover\">\n\t\t\t\t\t\t\t\t\t\t\t<\/span>\n\t\t\t\t\t\t\t\t\t<\/a>\n\t\t\t\t\t\t\t<\/div>\n\t\t\t\t\t<div class=\"qode-aig-image\">\n\t\t\t\t\t\t\t\t\t<img loading=\"lazy\" decoding=\"async\" width=\"800\" height=\"800\" src=\"https:\/\/aceitesunicos.com\/wp-content\/uploads\/2021\/03\/lata-arbequina-muy-baja.jpg\" class=\"attachment-full size-full\" alt=\"imagen de lata de aceite virgen extra de aceituna arbequina\" srcset=\"https:\/\/aceitesunicos.com\/wp-content\/uploads\/2021\/03\/lata-arbequina-muy-baja.jpg 800w, https:\/\/aceitesunicos.com\/wp-content\/uploads\/2021\/03\/lata-arbequina-muy-baja-300x300.jpg 300w, https:\/\/aceitesunicos.com\/wp-content\/uploads\/2021\/03\/lata-arbequina-muy-baja-100x100.jpg 100w, https:\/\/aceitesunicos.com\/wp-content\/uploads\/2021\/03\/lata-arbequina-muy-baja-600x600.jpg 600w, https:\/\/aceitesunicos.com\/wp-content\/uploads\/2021\/03\/lata-arbequina-muy-baja-150x150.jpg 150w, https:\/\/aceitesunicos.com\/wp-content\/uploads\/2021\/03\/lata-arbequina-muy-baja-768x768.jpg 768w, https:\/\/aceitesunicos.com\/wp-content\/uploads\/2021\/03\/lata-arbequina-muy-baja-570x570.jpg 570w, https:\/\/aceitesunicos.com\/wp-content\/uploads\/2021\/03\/lata-arbequina-muy-baja-500x500.jpg 500w, https:\/\/aceitesunicos.com\/wp-content\/uploads\/2021\/03\/lata-arbequina-muy-baja-700x700.jpg 700w\" sizes=\"(max-width: 800px) 100vw, 800px\" \/>\t\t\t\t\t<span class=\"aig-gallery-hover\">\n\t\t\t\t\t\t\t\t\t\t\t<\/span>\n\t\t\t\t\t\t\t\t\t<\/a>\n\t\t\t\t\t\t\t<\/div>\n\t\t\t\t\t<div class=\"qode-aig-image\">\n\t\t\t\t\t\t\t\t\t<img loading=\"lazy\" decoding=\"async\" width=\"800\" height=\"800\" src=\"https:\/\/aceitesunicos.com\/wp-content\/uploads\/2021\/03\/lata-hojiblanca-muy-baja.jpg\" class=\"attachment-full size-full\" alt=\"imagen de lata de aceite virgen extra de aceituna hojiblanca\" srcset=\"https:\/\/aceitesunicos.com\/wp-content\/uploads\/2021\/03\/lata-hojiblanca-muy-baja.jpg 800w, https:\/\/aceitesunicos.com\/wp-content\/uploads\/2021\/03\/lata-hojiblanca-muy-baja-300x300.jpg 300w, https:\/\/aceitesunicos.com\/wp-content\/uploads\/2021\/03\/lata-hojiblanca-muy-baja-100x100.jpg 100w, https:\/\/aceitesunicos.com\/wp-content\/uploads\/2021\/03\/lata-hojiblanca-muy-baja-600x600.jpg 600w, https:\/\/aceitesunicos.com\/wp-content\/uploads\/2021\/03\/lata-hojiblanca-muy-baja-150x150.jpg 150w, https:\/\/aceitesunicos.com\/wp-content\/uploads\/2021\/03\/lata-hojiblanca-muy-baja-768x768.jpg 768w, https:\/\/aceitesunicos.com\/wp-content\/uploads\/2021\/03\/lata-hojiblanca-muy-baja-570x570.jpg 570w, https:\/\/aceitesunicos.com\/wp-content\/uploads\/2021\/03\/lata-hojiblanca-muy-baja-500x500.jpg 500w, https:\/\/aceitesunicos.com\/wp-content\/uploads\/2021\/03\/lata-hojiblanca-muy-baja-700x700.jpg 700w\" sizes=\"(max-width: 800px) 100vw, 800px\" \/>\t\t\t\t\t<span class=\"aig-gallery-hover\">\n\t\t\t\t\t\t\t\t\t\t\t<\/span>\n\t\t\t\t\t\t\t\t\t<\/a>\n\t\t\t\t\t\t\t<\/div>\n\t\t\t\t\t<div class=\"qode-aig-image\">\n\t\t\t\t\t\t\t\t\t<img loading=\"lazy\" decoding=\"async\" width=\"800\" height=\"800\" src=\"https:\/\/aceitesunicos.com\/wp-content\/uploads\/2021\/03\/botella-picual-muy-baja.jpg\" class=\"attachment-full size-full\" alt=\"imagen de una botella de 500 ml de aceite de oliva virgen 100% picual\" srcset=\"https:\/\/aceitesunicos.com\/wp-content\/uploads\/2021\/03\/botella-picual-muy-baja.jpg 800w, https:\/\/aceitesunicos.com\/wp-content\/uploads\/2021\/03\/botella-picual-muy-baja-300x300.jpg 300w, https:\/\/aceitesunicos.com\/wp-content\/uploads\/2021\/03\/botella-picual-muy-baja-100x100.jpg 100w, https:\/\/aceitesunicos.com\/wp-content\/uploads\/2021\/03\/botella-picual-muy-baja-600x600.jpg 600w, https:\/\/aceitesunicos.com\/wp-content\/uploads\/2021\/03\/botella-picual-muy-baja-150x150.jpg 150w, https:\/\/aceitesunicos.com\/wp-content\/uploads\/2021\/03\/botella-picual-muy-baja-768x768.jpg 768w, https:\/\/aceitesunicos.com\/wp-content\/uploads\/2021\/03\/botella-picual-muy-baja-570x570.jpg 570w, https:\/\/aceitesunicos.com\/wp-content\/uploads\/2021\/03\/botella-picual-muy-baja-500x500.jpg 500w, https:\/\/aceitesunicos.com\/wp-content\/uploads\/2021\/03\/botella-picual-muy-baja-700x700.jpg 700w\" sizes=\"(max-width: 800px) 100vw, 800px\" \/>\t\t\t\t\t<span class=\"aig-gallery-hover\">\n\t\t\t\t\t\t\t\t\t\t\t<\/span>\n\t\t\t\t\t\t\t\t\t<\/a>\n\t\t\t\t\t\t\t<\/div>\n\t\t\t\t\t<div class=\"qode-aig-image\">\n\t\t\t\t\t\t\t\t\t<img loading=\"lazy\" decoding=\"async\" width=\"800\" height=\"800\" src=\"https:\/\/aceitesunicos.com\/wp-content\/uploads\/2021\/03\/botella-arbequina-muy-baja.jpg\" class=\"attachment-full size-full\" alt=\"imagen de una botella de 500 ml de aceite de oliva virgen 100% arbequina\" srcset=\"https:\/\/aceitesunicos.com\/wp-content\/uploads\/2021\/03\/botella-arbequina-muy-baja.jpg 800w, https:\/\/aceitesunicos.com\/wp-content\/uploads\/2021\/03\/botella-arbequina-muy-baja-300x300.jpg 300w, https:\/\/aceitesunicos.com\/wp-content\/uploads\/2021\/03\/botella-arbequina-muy-baja-100x100.jpg 100w, https:\/\/aceitesunicos.com\/wp-content\/uploads\/2021\/03\/botella-arbequina-muy-baja-600x600.jpg 600w, https:\/\/aceitesunicos.com\/wp-content\/uploads\/2021\/03\/botella-arbequina-muy-baja-150x150.jpg 150w, https:\/\/aceitesunicos.com\/wp-content\/uploads\/2021\/03\/botella-arbequina-muy-baja-768x768.jpg 768w, https:\/\/aceitesunicos.com\/wp-content\/uploads\/2021\/03\/botella-arbequina-muy-baja-570x570.jpg 570w, https:\/\/aceitesunicos.com\/wp-content\/uploads\/2021\/03\/botella-arbequina-muy-baja-500x500.jpg 500w, https:\/\/aceitesunicos.com\/wp-content\/uploads\/2021\/03\/botella-arbequina-muy-baja-700x700.jpg 700w\" sizes=\"(max-width: 800px) 100vw, 800px\" \/>\t\t\t\t\t<span class=\"aig-gallery-hover\">\n\t\t\t\t\t\t\t\t\t\t\t<\/span>\n\t\t\t\t\t\t\t\t\t<\/a>\n\t\t\t\t\t\t\t<\/div>\n\t\t\t<\/div>\n<\/div>[\/vc_column][\/vc_row][vc_row css_animation=\u00bb\u00bb row_type=\u00bbrow\u00bb use_row_as_full_screen_section=\u00bbyes\u00bb type=\u00bbfull_width\u00bb angled_section=\u00bbno\u00bb text_align=\u00bbcenter\u00bb background_image_as_pattern=\u00bbwithout_pattern\u00bb css=\u00bb.vc_custom_1617883090080{background-image: url(http:\/\/aceitesunicos.com\/wp-content\/uploads\/2021\/04\/AceitesUnicos_HOME-slider02.jpg?id=5458) !important;}\u00bb z_index=\u00bb\u00bb background_image=\u00bb5458&#8243; padding_top=\u00bb180&#8243; padding_bottom=\u00bb200&#8243; background_color=\u00bb#ffffff\u00bb][vc_column][vc_column_text css=\u00bb.vc_custom_1729158245844{padding-top: 130px !important;}\u00bb]<\/p>\n<h3><\/h3>\n<h3 style=\"text-align: center;\"><span style=\"color: #ffffff;\">Un Aceite Unico en Ja\u00e9n<\/span><\/h3>\n<p>&nbsp;<\/p>\n<p style=\"text-align: center;\"><span style=\"color: #ffffff;\">Puro zumo de picual envasado en una lata de 500 ml.<\/span><\/p>\n<p style=\"text-align: center;\"><span style=\"color: #ffffff;\">As\u00ed es el aut\u00e9ntico lingote de Ja\u00e9n, que presenta la familia Hidalgo Guerrero, dedicada en los \u00faltimos 200 a\u00f1os al cultivo de los olivos.<\/span><\/p>\n<p>[\/vc_column_text][vc_empty_space]<a  itemprop=\"url\" href=\"http:\/\/aceitesunicos.com\/es\/producto\/lingote-au-500-ml\/\" target=\"_self\" data-hover-background-color='#506445' data-hover-color='#ffffff' class=\"qbutton  medium center default\" style=\"color: #ffffff; margin: 20px,0px,0px,0px; background-color: #e2b804;\">Ver m\u00e1s<\/a>[\/vc_column][\/vc_row][vc_row css_animation=\u00bb\u00bb row_type=\u00bbrow\u00bb use_row_as_full_screen_section=\u00bbno\u00bb type=\u00bbgrid\u00bb angled_section=\u00bbno\u00bb text_align=\u00bbleft\u00bb background_image_as_pattern=\u00bbwithout_pattern\u00bb z_index=\u00bb\u00bb][vc_column width=\u00bb1\/2&#8243; css=\u00bb.vc_custom_1617875661281{padding-top: 130px !important;}\u00bb][vc_column_text css=\u00bb.vc_custom_1619682945753{padding-top: 130px !important;}\u00bb]<\/p>\n<h3>Aceites arom\u00e1ticos<\/h3>\n<p>LOS ACEITES AROM\u00c1TICOS AU son una familia de aceites exclusivos, creados para dar un toque diferente y delicioso a cualquier plato.[\/vc_column_text][vc_empty_space]<a  itemprop=\"url\" href=\"http:\/\/aceitesunicos.com\/es\/categoria-producto\/au\/au-premium\/aceites-aromaticos\/\" target=\"_self\" data-hover-background-color='#506445' data-hover-color='#ffffff' class=\"qbutton  medium center default\" style=\"color: #ffffff; margin: 20px,0px,0px,0px; background-color: #e2b804;\">Ver m\u00e1s<\/a>[\/vc_column][vc_column width=\u00bb1\/2&#8243; css=\u00bb.vc_custom_1617873394070{padding-top: 130px !important;}\u00bb][vc_single_image image=\u00bb5405&#8243; img_size=\u00bbfull\u00bb qode_css_animation=\u00bb\u00bb][\/vc_column][\/vc_row]<\/p>\n","protected":false},"excerpt":{"rendered":"<p>[vc_row css_animation=\u00bb\u00bb row_type=\u00bbrow\u00bb use_row_as_full_screen_section=\u00bbyes\u00bb type=\u00bbfull_width\u00bb angled_section=\u00bbno\u00bb text_align=\u00bbleft\u00bb background_image_as_pattern=\u00bbwithout_pattern\u00bb z_index=\u00bb\u00bb][vc_column][layerslider_vc id=\u00bb1&#8243;][\/vc_column][\/vc_row][vc_row css_animation=\u00bb\u00bb row_type=\u00bbrow\u00bb use_row_as_full_screen_section=\u00bbno\u00bb type=\u00bbgrid\u00bb angled_section=\u00bbno\u00bb text_align=\u00bbleft\u00bb background_image_as_pattern=\u00bbwithout_pattern\u00bb z_index=\u00bb\u00bb css=\u00bb.vc_custom_1619005469199{padding-top: 150px !important;}\u00bb][vc_column width=\u00bb1\/2&#8243;][vc_single_image image=\u00bb5599&#8243; img_size=\u00bbfull\u00bb qode_css_animation=\u00bb\u00bb][\/vc_column][vc_column width=\u00bb1\/2&#8243;][vc_column_text css=\u00bb.vc_custom_1619781814137{padding-top: 130px !important;}\u00bb] Qui\u00e9nes somos Aceites Unicos lleva\u00a0m\u00e1s de 200 a\u00f1os\u00a0dedic\u00e1ndose al cultivo tradicional del olivo, escuchando a la&#8230;<\/p>\n","protected":false},"author":1,"featured_media":0,"parent":0,"menu_order":0,"comment_status":"closed","ping_status":"closed","template":"elementor_header_footer","meta":{"_joinchat":[],"footnotes":""},"class_list":["post-5366","page","type-page","status-publish","hentry"],"yoast_head":"<!-- This site is optimized with the Yoast SEO plugin v24.5 - https:\/\/yoast.com\/wordpress\/plugins\/seo\/ -->\n<title>Aceite de oliva de cultivo tradicional - Aceites &Uacute;nicos<\/title>\n<meta name=\"description\" content=\"Aceite de oliva de cultivo tradicional. Aceites \u00danicos lleva m\u00e1s de 200 a\u00f1os generando el mejor aceite de oliva, oliva virgen y orujo de oliva\" \/>\n<meta name=\"robots\" content=\"index, follow, max-snippet:-1, max-image-preview:large, max-video-preview:-1\" \/>\n<link rel=\"canonical\" href=\"https:\/\/aceitesunicos.com\/es\/\" \/>\n<meta property=\"og:locale\" content=\"es_ES\" \/>\n<meta property=\"og:type\" content=\"article\" \/>\n<meta property=\"og:title\" content=\"Aceite de oliva de cultivo tradicional - Aceites &Uacute;nicos\" \/>\n<meta property=\"og:description\" content=\"Aceite de oliva de cultivo tradicional. Aceites \u00danicos lleva m\u00e1s de 200 a\u00f1os generando el mejor aceite de oliva, oliva virgen y orujo de oliva\" \/>\n<meta property=\"og:url\" content=\"https:\/\/aceitesunicos.com\/es\/\" \/>\n<meta property=\"og:site_name\" content=\"Aceites &Uacute;nicos\" \/>\n<meta property=\"article:modified_time\" content=\"2024-10-17T09:44:11+00:00\" \/>\n<meta property=\"og:image\" content=\"https:\/\/aceitesunicos.com\/wp-content\/uploads\/2021\/05\/AceitesUnicos_slider_home3.jpg\" \/>\n\t<meta property=\"og:image:width\" content=\"1920\" \/>\n\t<meta property=\"og:image:height\" content=\"622\" \/>\n\t<meta property=\"og:image:type\" content=\"image\/jpeg\" \/>\n<meta name=\"twitter:card\" content=\"summary_large_image\" \/>\n<meta name=\"twitter:label1\" content=\"Tiempo de lectura\" \/>\n\t<meta name=\"twitter:data1\" content=\"4 minutos\" \/>\n<script type=\"application\/ld+json\" class=\"yoast-schema-graph\">{\"@context\":\"https:\/\/schema.org\",\"@graph\":[{\"@type\":\"WebPage\",\"@id\":\"https:\/\/aceitesunicos.com\/es\/\",\"url\":\"https:\/\/aceitesunicos.com\/es\/\",\"name\":\"Aceite de oliva de cultivo tradicional - Aceites &Uacute;nicos\",\"isPartOf\":{\"@id\":\"https:\/\/aceitesunicos.com\/en\/#website\"},\"datePublished\":\"2021-04-08T10:39:20+00:00\",\"dateModified\":\"2024-10-17T09:44:11+00:00\",\"description\":\"Aceite de oliva de cultivo tradicional. Aceites \u00danicos lleva m\u00e1s de 200 a\u00f1os generando el mejor aceite de oliva, oliva virgen y orujo de oliva\",\"breadcrumb\":{\"@id\":\"https:\/\/aceitesunicos.com\/es\/#breadcrumb\"},\"inLanguage\":\"es\",\"potentialAction\":[{\"@type\":\"ReadAction\",\"target\":[\"https:\/\/aceitesunicos.com\/es\/\"]}]},{\"@type\":\"BreadcrumbList\",\"@id\":\"https:\/\/aceitesunicos.com\/es\/#breadcrumb\",\"itemListElement\":[{\"@type\":\"ListItem\",\"position\":1,\"name\":\"Home\",\"item\":\"https:\/\/aceitesunicos.com\/es\/\"},{\"@type\":\"ListItem\",\"position\":2,\"name\":\"Aceites \u00danicos\"}]},{\"@type\":\"WebSite\",\"@id\":\"https:\/\/aceitesunicos.com\/en\/#website\",\"url\":\"https:\/\/aceitesunicos.com\/en\/\",\"name\":\"Aceites &Uacute;nicos\",\"description\":\"Aceites &Uacute;nicos\",\"potentialAction\":[{\"@type\":\"SearchAction\",\"target\":{\"@type\":\"EntryPoint\",\"urlTemplate\":\"https:\/\/aceitesunicos.com\/en\/?s={search_term_string}\"},\"query-input\":{\"@type\":\"PropertyValueSpecification\",\"valueRequired\":true,\"valueName\":\"search_term_string\"}}],\"inLanguage\":\"es\"}]}<\/script>\n<!-- \/ Yoast SEO plugin. -->","yoast_head_json":{"title":"Aceite de oliva de cultivo tradicional - Aceites &Uacute;nicos","description":"Aceite de oliva de cultivo tradicional. Aceites \u00danicos lleva m\u00e1s de 200 a\u00f1os generando el mejor aceite de oliva, oliva virgen y orujo de oliva","robots":{"index":"index","follow":"follow","max-snippet":"max-snippet:-1","max-image-preview":"max-image-preview:large","max-video-preview":"max-video-preview:-1"},"canonical":"https:\/\/aceitesunicos.com\/es\/","og_locale":"es_ES","og_type":"article","og_title":"Aceite de oliva de cultivo tradicional - Aceites &Uacute;nicos","og_description":"Aceite de oliva de cultivo tradicional. Aceites \u00danicos lleva m\u00e1s de 200 a\u00f1os generando el mejor aceite de oliva, oliva virgen y orujo de oliva","og_url":"https:\/\/aceitesunicos.com\/es\/","og_site_name":"Aceites &Uacute;nicos","article_modified_time":"2024-10-17T09:44:11+00:00","og_image":[{"width":1920,"height":622,"url":"https:\/\/aceitesunicos.com\/wp-content\/uploads\/2021\/05\/AceitesUnicos_slider_home3.jpg","type":"image\/jpeg"}],"twitter_card":"summary_large_image","twitter_misc":{"Tiempo de lectura":"4 minutos"},"schema":{"@context":"https:\/\/schema.org","@graph":[{"@type":"WebPage","@id":"https:\/\/aceitesunicos.com\/es\/","url":"https:\/\/aceitesunicos.com\/es\/","name":"Aceite de oliva de cultivo tradicional - Aceites &Uacute;nicos","isPartOf":{"@id":"https:\/\/aceitesunicos.com\/en\/#website"},"datePublished":"2021-04-08T10:39:20+00:00","dateModified":"2024-10-17T09:44:11+00:00","description":"Aceite de oliva de cultivo tradicional. Aceites \u00danicos lleva m\u00e1s de 200 a\u00f1os generando el mejor aceite de oliva, oliva virgen y orujo de oliva","breadcrumb":{"@id":"https:\/\/aceitesunicos.com\/es\/#breadcrumb"},"inLanguage":"es","potentialAction":[{"@type":"ReadAction","target":["https:\/\/aceitesunicos.com\/es\/"]}]},{"@type":"BreadcrumbList","@id":"https:\/\/aceitesunicos.com\/es\/#breadcrumb","itemListElement":[{"@type":"ListItem","position":1,"name":"Home","item":"https:\/\/aceitesunicos.com\/es\/"},{"@type":"ListItem","position":2,"name":"Aceites \u00danicos"}]},{"@type":"WebSite","@id":"https:\/\/aceitesunicos.com\/en\/#website","url":"https:\/\/aceitesunicos.com\/en\/","name":"Aceites &Uacute;nicos","description":"Aceites &Uacute;nicos","potentialAction":[{"@type":"SearchAction","target":{"@type":"EntryPoint","urlTemplate":"https:\/\/aceitesunicos.com\/en\/?s={search_term_string}"},"query-input":{"@type":"PropertyValueSpecification","valueRequired":true,"valueName":"search_term_string"}}],"inLanguage":"es"}]}},"_links":{"self":[{"href":"https:\/\/aceitesunicos.com\/es\/wp-json\/wp\/v2\/pages\/5366","targetHints":{"allow":["GET"]}}],"collection":[{"href":"https:\/\/aceitesunicos.com\/es\/wp-json\/wp\/v2\/pages"}],"about":[{"href":"https:\/\/aceitesunicos.com\/es\/wp-json\/wp\/v2\/types\/page"}],"author":[{"embeddable":true,"href":"https:\/\/aceitesunicos.com\/es\/wp-json\/wp\/v2\/users\/1"}],"replies":[{"embeddable":true,"href":"https:\/\/aceitesunicos.com\/es\/wp-json\/wp\/v2\/comments?post=5366"}],"version-history":[{"count":101,"href":"https:\/\/aceitesunicos.com\/es\/wp-json\/wp\/v2\/pages\/5366\/revisions"}],"predecessor-version":[{"id":6725,"href":"https:\/\/aceitesunicos.com\/es\/wp-json\/wp\/v2\/pages\/5366\/revisions\/6725"}],"wp:attachment":[{"href":"https:\/\/aceitesunicos.com\/es\/wp-json\/wp\/v2\/media?parent=5366"}],"curies":[{"name":"wp","href":"https:\/\/api.w.org\/{rel}","templated":true}]}}