{"id":1742,"date":"2013-03-04T14:11:50","date_gmt":"2013-03-04T14:11:50","guid":{"rendered":"http:\/\/aceitesunicos.com\/?page_id=1742"},"modified":"2024-07-31T03:55:33","modified_gmt":"2024-07-31T03:55:33","slug":"quienes-somos","status":"publish","type":"page","link":"https:\/\/aceitesunicos.com\/es\/quienes-somos\/","title":{"rendered":"Quienes Somos"},"content":{"rendered":"<p>[vc_row css_animation=\u00bb\u00bb row_type=\u00bbrow\u00bb use_row_as_full_screen_section=\u00bbno\u00bb type=\u00bbfull_width\u00bb angled_section=\u00bbno\u00bb text_align=\u00bbleft\u00bb background_image_as_pattern=\u00bbwithout_pattern\u00bb][vc_column][layerslider_vc id=\u00bb4&#8243;][\/vc_column][\/vc_row][vc_row css_animation=\u00bb\u00bb row_type=\u00bbrow\u00bb use_row_as_full_screen_section=\u00bbno\u00bb type=\u00bbgrid\u00bb angled_section=\u00bbyes\u00bb angled_section_position=\u00bbbottom\u00bb angled_section_direction=\u00bbfrom_left_to_right\u00bb text_align=\u00bbcenter\u00bb background_image_as_pattern=\u00bbwithout_pattern\u00bb css=\u00bb.vc_custom_1619005537614{padding-top: 150px !important;padding-bottom: 30px !important;}\u00bb z_index=\u00bb\u00bb][vc_column width=\u00bb1\/2&#8243;][vc_column_text]<\/p>\n<h1>Historia<\/h1>\n<p>&nbsp;<\/p>\n<p>Aceites \u00danicos lleva <b>m\u00e1s de 200 a\u00f1os<\/b> dedic\u00e1ndose al cultivo tradicional del olivo, escuchando a la naturaleza y respetando sus tiempos.<\/p>\n<p>&nbsp;<\/p>\n<p>Durante generaciones, la familia Hidalgo Guerrero ha formado parte de la historia olivarera espa\u00f1ola, elaborando aceites de la <b>m\u00e1xima calidad.<\/b> Llevando cada d\u00eda m\u00e1s lejos la exigencia. Incorporando innovaciones t\u00e9cnicas all\u00e1 donde la mano del hombre no era suficiente, pero sin borrar las valiosas huellas de la tradici\u00f3n. Entregados por completo a la b\u00fasqueda de un aceite de oliva distinto. Exquisito. Perfecto.<\/p>\n<p>&nbsp;<\/p>\n<p>Ahora, Mariano y Julio Gonz\u00e1lez-Hidalgo han desarrollado un nuevo concepto y, reafirmando esa obsesi\u00f3n por las cosas bien hechas, han creado un aceite \u00fanico: <b>Au Oro l\u00edquido.<\/b>[\/vc_column_text][\/vc_column][vc_column width=\u00bb1\/2&#8243;][vc_gallery interval=\u00bb3&#8243; images=\u00bb5690,5816,6382&#8243; img_size=\u00bbfull\u00bb onclick=\u00bb\u00bb direction_nav=\u00bbyes\u00bb control_nav=\u00bbyes\u00bb][\/vc_column][\/vc_row][vc_row css_animation=\u00bb\u00bb row_type=\u00bbrow\u00bb use_row_as_full_screen_section=\u00bbno\u00bb type=\u00bbfull_width\u00bb angled_section=\u00bbno\u00bb text_align=\u00bbleft\u00bb background_image_as_pattern=\u00bbwithout_pattern\u00bb css=\u00bb.vc_custom_1618999305153{padding-top: 20px !important;padding-bottom: 100px !important;}\u00bb z_index=\u00bb\u00bb][vc_column][vc_separator type=\u00bbnormal\u00bb color=\u00bb#e2e2e2&#8243;][\/vc_column][\/vc_row][vc_row css_animation=\u00bb\u00bb row_type=\u00bbrow\u00bb use_row_as_full_screen_section=\u00bbyes\u00bb type=\u00bbgrid\u00bb angled_section=\u00bbno\u00bb text_align=\u00bbleft\u00bb background_image_as_pattern=\u00bbwithout_pattern\u00bb z_index=\u00bb\u00bb css=\u00bb.vc_custom_1618996364473{padding-bottom: 100px !important;}\u00bb][vc_column width=\u00bb1\/2&#8243;][vc_single_image image=\u00bb2770&#8243; img_size=\u00bbfull\u00bb qode_css_animation=\u00bb\u00bb][\/vc_column][vc_column width=\u00bb1\/2&#8243; css=\u00bb.vc_custom_1618998570985{padding-left: 20px !important;}\u00bb][vc_column_text]<\/p>\n<div class=\"eight columns\">\n<div class=\"shortcode-unorderedlist bullet\">\n<h2>La Marca Au<\/h2>\n<p>&nbsp;<\/p>\n<p><b>Au<\/b> son las letras del <b>s\u00edmbolo qu\u00edmico del oro<\/b>. Un metal que proyecta, metaf\u00f3ricamente, todas las virtudes de nuestro aceite. Hay un parecido en su brillo, en su color, en su reacci\u00f3n ante la luz, pero sobre todo simboliza su valor, su belleza y su pureza.<\/p>\n<p>&nbsp;<\/p>\n<p>El <b>Aceite de Oliva Virgen Extra Au<\/b>, procedente de la primera prensa de la aceituna, rescata la esencia m\u00e1s pura del fruto. Es un aut\u00e9ntico tesoro, extra\u00eddo desde lo m\u00e1s profundo de la tierra. Un alimento tan antiguo como la civilizaci\u00f3n y tan preciado como el oro. Un aceite exquisito, arom\u00e1tico, vers\u00e1til y saludable. La piedra angular de la dieta mediterr\u00e1nea, cuyos beneficios sobre el organismo han sido constatados por numerosos estudios cient\u00edficos.<\/p>\n<p>&nbsp;<\/p>\n<p><b>Au<\/b> recoge todos esos beneficios, los multiplica por cada una de sus variedades y les aporta unas caracter\u00edsticas y un sabor inconfundibles.<\/p>\n<p>&nbsp;<\/p>\n<p><b>Au<\/b> es mucho m\u00e1s que aceite de oliva extra virgen. Es <b>el alma de la aceituna<\/b>.<\/p>\n<p>&nbsp;<\/p>\n<p>Oro puro.<\/p>\n<\/div>\n<\/div>\n<div class=\"eight columns\">\n<p style=\"text-align: center;\"><b>\u00a0<\/b><\/p>\n<\/div>\n<p>[\/vc_column_text][\/vc_column][\/vc_row]<\/p>\n","protected":false},"excerpt":{"rendered":"<p>[vc_row css_animation=\u00bb\u00bb row_type=\u00bbrow\u00bb use_row_as_full_screen_section=\u00bbno\u00bb type=\u00bbfull_width\u00bb angled_section=\u00bbno\u00bb text_align=\u00bbleft\u00bb background_image_as_pattern=\u00bbwithout_pattern\u00bb][vc_column][layerslider_vc id=\u00bb4&#8243;][\/vc_column][\/vc_row][vc_row css_animation=\u00bb\u00bb row_type=\u00bbrow\u00bb use_row_as_full_screen_section=\u00bbno\u00bb type=\u00bbgrid\u00bb angled_section=\u00bbyes\u00bb angled_section_position=\u00bbbottom\u00bb angled_section_direction=\u00bbfrom_left_to_right\u00bb text_align=\u00bbcenter\u00bb background_image_as_pattern=\u00bbwithout_pattern\u00bb css=\u00bb.vc_custom_1619005537614{padding-top: 150px !important;padding-bottom: 30px !important;}\u00bb z_index=\u00bb\u00bb][vc_column width=\u00bb1\/2&#8243;][vc_column_text] Historia &nbsp; Aceites \u00danicos lleva m\u00e1s de 200 a\u00f1os dedic\u00e1ndose al cultivo tradicional del olivo, escuchando a la naturaleza y&#8230;<\/p>\n","protected":false},"author":1,"featured_media":0,"parent":0,"menu_order":0,"comment_status":"closed","ping_status":"closed","template":"elementor_header_footer","meta":{"_joinchat":[],"footnotes":""},"class_list":["post-1742","page","type-page","status-publish","hentry"],"yoast_head":"<!-- This site is optimized with the Yoast SEO plugin v24.5 - https:\/\/yoast.com\/wordpress\/plugins\/seo\/ -->\n<title>Cultivo tradicional del olivo \ud83d\udc9a Aceites \u00fanicos<\/title>\n<meta name=\"description\" content=\"Aceites \u00danicos lleva m\u00e1s de 200 a\u00f1os dedic\u00e1ndose al cultivo tradicional del olivo y elaborando aceites de la m\u00e1xima calidad.\" \/>\n<meta name=\"robots\" content=\"index, follow, max-snippet:-1, max-image-preview:large, max-video-preview:-1\" \/>\n<link rel=\"canonical\" href=\"https:\/\/aceitesunicos.com\/es\/quienes-somos\/\" \/>\n<meta property=\"og:locale\" content=\"es_ES\" \/>\n<meta property=\"og:type\" content=\"article\" \/>\n<meta property=\"og:title\" content=\"Cultivo tradicional del olivo \ud83d\udc9a Aceites \u00fanicos\" \/>\n<meta property=\"og:description\" content=\"Aceites \u00danicos lleva m\u00e1s de 200 a\u00f1os dedic\u00e1ndose al cultivo tradicional del olivo y elaborando aceites de la m\u00e1xima calidad.\" \/>\n<meta property=\"og:url\" content=\"https:\/\/aceitesunicos.com\/es\/quienes-somos\/\" \/>\n<meta property=\"og:site_name\" content=\"Aceites &Uacute;nicos\" \/>\n<meta property=\"article:modified_time\" content=\"2024-07-31T03:55:33+00:00\" \/>\n<meta property=\"og:image\" content=\"https:\/\/aceitesunicos.com\/wp-content\/uploads\/2021\/04\/Slider_QuienesSomos_Nuevo-1.jpg\" \/>\n\t<meta property=\"og:image:width\" content=\"1920\" \/>\n\t<meta property=\"og:image:height\" content=\"622\" \/>\n\t<meta property=\"og:image:type\" content=\"image\/jpeg\" \/>\n<meta name=\"twitter:card\" content=\"summary_large_image\" \/>\n<meta name=\"twitter:label1\" content=\"Tiempo de lectura\" \/>\n\t<meta name=\"twitter:data1\" content=\"3 minutos\" \/>\n<script type=\"application\/ld+json\" class=\"yoast-schema-graph\">{\"@context\":\"https:\/\/schema.org\",\"@graph\":[{\"@type\":\"WebPage\",\"@id\":\"https:\/\/aceitesunicos.com\/es\/quienes-somos\/\",\"url\":\"https:\/\/aceitesunicos.com\/es\/quienes-somos\/\",\"name\":\"Cultivo tradicional del olivo \ud83d\udc9a Aceites \u00fanicos\",\"isPartOf\":{\"@id\":\"https:\/\/aceitesunicos.com\/en\/#website\"},\"datePublished\":\"2013-03-04T14:11:50+00:00\",\"dateModified\":\"2024-07-31T03:55:33+00:00\",\"description\":\"Aceites \u00danicos lleva m\u00e1s de 200 a\u00f1os dedic\u00e1ndose al cultivo tradicional del olivo y elaborando aceites de la m\u00e1xima calidad.\",\"breadcrumb\":{\"@id\":\"https:\/\/aceitesunicos.com\/es\/quienes-somos\/#breadcrumb\"},\"inLanguage\":\"es\",\"potentialAction\":[{\"@type\":\"ReadAction\",\"target\":[\"https:\/\/aceitesunicos.com\/es\/quienes-somos\/\"]}]},{\"@type\":\"BreadcrumbList\",\"@id\":\"https:\/\/aceitesunicos.com\/es\/quienes-somos\/#breadcrumb\",\"itemListElement\":[{\"@type\":\"ListItem\",\"position\":1,\"name\":\"Home\",\"item\":\"https:\/\/aceitesunicos.com\/es\/\"},{\"@type\":\"ListItem\",\"position\":2,\"name\":\"Quienes Somos\"}]},{\"@type\":\"WebSite\",\"@id\":\"https:\/\/aceitesunicos.com\/en\/#website\",\"url\":\"https:\/\/aceitesunicos.com\/en\/\",\"name\":\"Aceites &Uacute;nicos\",\"description\":\"Aceites &Uacute;nicos\",\"potentialAction\":[{\"@type\":\"SearchAction\",\"target\":{\"@type\":\"EntryPoint\",\"urlTemplate\":\"https:\/\/aceitesunicos.com\/en\/?s={search_term_string}\"},\"query-input\":{\"@type\":\"PropertyValueSpecification\",\"valueRequired\":true,\"valueName\":\"search_term_string\"}}],\"inLanguage\":\"es\"}]}<\/script>\n<!-- \/ Yoast SEO plugin. -->","yoast_head_json":{"title":"Cultivo tradicional del olivo \ud83d\udc9a Aceites \u00fanicos","description":"Aceites \u00danicos lleva m\u00e1s de 200 a\u00f1os dedic\u00e1ndose al cultivo tradicional del olivo y elaborando aceites de la m\u00e1xima calidad.","robots":{"index":"index","follow":"follow","max-snippet":"max-snippet:-1","max-image-preview":"max-image-preview:large","max-video-preview":"max-video-preview:-1"},"canonical":"https:\/\/aceitesunicos.com\/es\/quienes-somos\/","og_locale":"es_ES","og_type":"article","og_title":"Cultivo tradicional del olivo \ud83d\udc9a Aceites \u00fanicos","og_description":"Aceites \u00danicos lleva m\u00e1s de 200 a\u00f1os dedic\u00e1ndose al cultivo tradicional del olivo y elaborando aceites de la m\u00e1xima calidad.","og_url":"https:\/\/aceitesunicos.com\/es\/quienes-somos\/","og_site_name":"Aceites &Uacute;nicos","article_modified_time":"2024-07-31T03:55:33+00:00","og_image":[{"width":1920,"height":622,"url":"https:\/\/aceitesunicos.com\/wp-content\/uploads\/2021\/04\/Slider_QuienesSomos_Nuevo-1.jpg","type":"image\/jpeg"}],"twitter_card":"summary_large_image","twitter_misc":{"Tiempo de lectura":"3 minutos"},"schema":{"@context":"https:\/\/schema.org","@graph":[{"@type":"WebPage","@id":"https:\/\/aceitesunicos.com\/es\/quienes-somos\/","url":"https:\/\/aceitesunicos.com\/es\/quienes-somos\/","name":"Cultivo tradicional del olivo \ud83d\udc9a Aceites \u00fanicos","isPartOf":{"@id":"https:\/\/aceitesunicos.com\/en\/#website"},"datePublished":"2013-03-04T14:11:50+00:00","dateModified":"2024-07-31T03:55:33+00:00","description":"Aceites \u00danicos lleva m\u00e1s de 200 a\u00f1os dedic\u00e1ndose al cultivo tradicional del olivo y elaborando aceites de la m\u00e1xima calidad.","breadcrumb":{"@id":"https:\/\/aceitesunicos.com\/es\/quienes-somos\/#breadcrumb"},"inLanguage":"es","potentialAction":[{"@type":"ReadAction","target":["https:\/\/aceitesunicos.com\/es\/quienes-somos\/"]}]},{"@type":"BreadcrumbList","@id":"https:\/\/aceitesunicos.com\/es\/quienes-somos\/#breadcrumb","itemListElement":[{"@type":"ListItem","position":1,"name":"Home","item":"https:\/\/aceitesunicos.com\/es\/"},{"@type":"ListItem","position":2,"name":"Quienes Somos"}]},{"@type":"WebSite","@id":"https:\/\/aceitesunicos.com\/en\/#website","url":"https:\/\/aceitesunicos.com\/en\/","name":"Aceites &Uacute;nicos","description":"Aceites &Uacute;nicos","potentialAction":[{"@type":"SearchAction","target":{"@type":"EntryPoint","urlTemplate":"https:\/\/aceitesunicos.com\/en\/?s={search_term_string}"},"query-input":{"@type":"PropertyValueSpecification","valueRequired":true,"valueName":"search_term_string"}}],"inLanguage":"es"}]}},"_links":{"self":[{"href":"https:\/\/aceitesunicos.com\/es\/wp-json\/wp\/v2\/pages\/1742","targetHints":{"allow":["GET"]}}],"collection":[{"href":"https:\/\/aceitesunicos.com\/es\/wp-json\/wp\/v2\/pages"}],"about":[{"href":"https:\/\/aceitesunicos.com\/es\/wp-json\/wp\/v2\/types\/page"}],"author":[{"embeddable":true,"href":"https:\/\/aceitesunicos.com\/es\/wp-json\/wp\/v2\/users\/1"}],"replies":[{"embeddable":true,"href":"https:\/\/aceitesunicos.com\/es\/wp-json\/wp\/v2\/comments?post=1742"}],"version-history":[{"count":10,"href":"https:\/\/aceitesunicos.com\/es\/wp-json\/wp\/v2\/pages\/1742\/revisions"}],"predecessor-version":[{"id":6718,"href":"https:\/\/aceitesunicos.com\/es\/wp-json\/wp\/v2\/pages\/1742\/revisions\/6718"}],"wp:attachment":[{"href":"https:\/\/aceitesunicos.com\/es\/wp-json\/wp\/v2\/media?parent=1742"}],"curies":[{"name":"wp","href":"https:\/\/api.w.org\/{rel}","templated":true}]}}