{"id":6566,"date":"2021-05-20T09:27:29","date_gmt":"2021-05-20T09:27:29","guid":{"rendered":"https:\/\/dev.aceitesunicos.com\/producto\/estuche-aceite-de-oliva-virgen-extra\/"},"modified":"2021-05-28T10:16:44","modified_gmt":"2021-05-28T10:16:44","slug":"estuche-aceite-de-oliva-virgen-extra","status":"publish","type":"product","link":"https:\/\/aceitesunicos.com\/en\/producto\/estuche-aceite-de-oliva-virgen-extra\/","title":{"rendered":"Estuche de Aceite de oliva virgen extra de calidad premium"},"content":{"rendered":"","protected":false},"excerpt":{"rendered":"<p>Superior quality extra virgin olive oil from the Picual variety, in a 500ml can shaped like an ingot.<\/p>\n<p>Premium quality extra virgin olive oil, from the\u00a0<b>first press<\/b>, extracted only from olives of the Picual variety that have been harvested at their best point of maturity, between the months of November and December.<\/p>\n<p>&nbsp;<\/p>\n<p>With great stability and characteristic fruity green colour, it has a\u00a0<b>fresh aroma\u00a0<\/b>with a touch of\u00a0<b>apple and wood,<\/b>\u00a0with a medium bitterness and slightly spicy taste. An oil with a great body and strong taste in the mouth.<\/p>\n<p>&nbsp;<\/p>\n<p>Packaged in a can that is shaped like a\u00a0<b>gold ingot,<\/b>\u00a0which preserves the product from being exposed to the light and avoiding its early oxidation. Convenient dispenser cap which allows you to pour the exact amount without spilling the product.<\/p>\n<p>&nbsp;<\/p>\n<p>500 ml Can<\/p>\n","protected":false},"featured_media":6492,"template":"","meta":{"_joinchat":[]},"product_brand":[],"product_cat":[66,145],"product_tag":[],"class_list":{"0":"post-6566","1":"product","2":"type-product","3":"status-publish","4":"has-post-thumbnail","6":"product_cat-au-en","7":"product_cat-cases","9":"first","10":"instock","11":"shipping-taxable","12":"product-type-simple"},"yoast_head":"<!-- This site is optimized with the Yoast SEO plugin v24.5 - https:\/\/yoast.com\/wordpress\/plugins\/seo\/ -->\n<title>Estuche de Aceite de oliva virgen extra de calidad premium - Aceites &Uacute;nicos<\/title>\n<meta name=\"robots\" content=\"index, follow, max-snippet:-1, max-image-preview:large, max-video-preview:-1\" \/>\n<link rel=\"canonical\" href=\"https:\/\/aceitesunicos.com\/en\/producto\/estuche-aceite-de-oliva-virgen-extra\/\" \/>\n<meta property=\"og:locale\" content=\"en_US\" \/>\n<meta property=\"og:type\" content=\"article\" \/>\n<meta property=\"og:title\" content=\"Estuche de Aceite de oliva virgen extra de calidad premium - Aceites &Uacute;nicos\" \/>\n<meta property=\"og:description\" content=\"Superior quality extra virgin olive oil from the Picual variety, in a 500ml can shaped like an ingot.  Premium quality extra virgin olive oil, from the\u00a0first press, extracted only from olives of the Picual variety that have been harvested at their best point of maturity, between the months of November and December.  &nbsp;  With great stability and characteristic fruity green colour, it has a\u00a0fresh aroma\u00a0with a touch of\u00a0apple and wood,\u00a0with a medium bitterness and slightly spicy taste. An oil with a great body and strong taste in the mouth.  &nbsp;  Packaged in a can that is shaped like a\u00a0gold ingot,\u00a0which preserves the product from being exposed to the light and avoiding its early oxidation. Convenient dispenser cap which allows you to pour the exact amount without spilling the product.  &nbsp;  500 ml Can\" \/>\n<meta property=\"og:url\" content=\"https:\/\/aceitesunicos.com\/en\/producto\/estuche-aceite-de-oliva-virgen-extra\/\" \/>\n<meta property=\"og:site_name\" content=\"Aceites &Uacute;nicos\" \/>\n<meta property=\"article:modified_time\" content=\"2021-05-28T10:16:44+00:00\" \/>\n<meta property=\"og:image\" content=\"https:\/\/aceitesunicos.com\/wp-content\/uploads\/2021\/05\/estuche-dorado.jpg\" \/>\n\t<meta property=\"og:image:width\" content=\"600\" \/>\n\t<meta property=\"og:image:height\" content=\"600\" \/>\n\t<meta property=\"og:image:type\" content=\"image\/jpeg\" \/>\n<meta name=\"twitter:card\" content=\"summary_large_image\" \/>\n<script type=\"application\/ld+json\" class=\"yoast-schema-graph\">{\"@context\":\"https:\/\/schema.org\",\"@graph\":[{\"@type\":\"WebPage\",\"@id\":\"https:\/\/aceitesunicos.com\/en\/producto\/estuche-aceite-de-oliva-virgen-extra\/\",\"url\":\"https:\/\/aceitesunicos.com\/en\/producto\/estuche-aceite-de-oliva-virgen-extra\/\",\"name\":\"Estuche de Aceite de oliva virgen extra de calidad premium - Aceites &Uacute;nicos\",\"isPartOf\":{\"@id\":\"https:\/\/aceitesunicos.com\/en\/#website\"},\"primaryImageOfPage\":{\"@id\":\"https:\/\/aceitesunicos.com\/en\/producto\/estuche-aceite-de-oliva-virgen-extra\/#primaryimage\"},\"image\":{\"@id\":\"https:\/\/aceitesunicos.com\/en\/producto\/estuche-aceite-de-oliva-virgen-extra\/#primaryimage\"},\"thumbnailUrl\":\"https:\/\/aceitesunicos.com\/wp-content\/uploads\/2021\/05\/estuche-dorado.jpg\",\"datePublished\":\"2021-05-20T09:27:29+00:00\",\"dateModified\":\"2021-05-28T10:16:44+00:00\",\"breadcrumb\":{\"@id\":\"https:\/\/aceitesunicos.com\/en\/producto\/estuche-aceite-de-oliva-virgen-extra\/#breadcrumb\"},\"inLanguage\":\"en-US\",\"potentialAction\":[{\"@type\":\"ReadAction\",\"target\":[\"https:\/\/aceitesunicos.com\/en\/producto\/estuche-aceite-de-oliva-virgen-extra\/\"]}]},{\"@type\":\"ImageObject\",\"inLanguage\":\"en-US\",\"@id\":\"https:\/\/aceitesunicos.com\/en\/producto\/estuche-aceite-de-oliva-virgen-extra\/#primaryimage\",\"url\":\"https:\/\/aceitesunicos.com\/wp-content\/uploads\/2021\/05\/estuche-dorado.jpg\",\"contentUrl\":\"https:\/\/aceitesunicos.com\/wp-content\/uploads\/2021\/05\/estuche-dorado.jpg\",\"width\":600,\"height\":600,\"caption\":\"estuche de lata de aceite en color dorado es una presentaci\u00f3n sofisticada y funcional que realza el valor del productos. Este acabado met\u00e1lico no solo aporta elegancia y distinci\u00f3n, sino que tambi\u00e9n protege el aceite de la luz y el aire, preservando su frescura y calidad. Ideal para aceites.\"},{\"@type\":\"BreadcrumbList\",\"@id\":\"https:\/\/aceitesunicos.com\/en\/producto\/estuche-aceite-de-oliva-virgen-extra\/#breadcrumb\",\"itemListElement\":[{\"@type\":\"ListItem\",\"position\":1,\"name\":\"Home\",\"item\":\"https:\/\/aceitesunicos.com\/en\/\"},{\"@type\":\"ListItem\",\"position\":2,\"name\":\"Shop\",\"item\":\"https:\/\/aceitesunicos.com\/en\/shop-2\/\"},{\"@type\":\"ListItem\",\"position\":3,\"name\":\"Estuche de Aceite de oliva virgen extra de calidad premium\"}]},{\"@type\":\"WebSite\",\"@id\":\"https:\/\/aceitesunicos.com\/en\/#website\",\"url\":\"https:\/\/aceitesunicos.com\/en\/\",\"name\":\"Aceites &Uacute;nicos\",\"description\":\"Aceites &Uacute;nicos\",\"potentialAction\":[{\"@type\":\"SearchAction\",\"target\":{\"@type\":\"EntryPoint\",\"urlTemplate\":\"https:\/\/aceitesunicos.com\/en\/?s={search_term_string}\"},\"query-input\":{\"@type\":\"PropertyValueSpecification\",\"valueRequired\":true,\"valueName\":\"search_term_string\"}}],\"inLanguage\":\"en-US\"}]}<\/script>\n<!-- \/ Yoast SEO plugin. -->","yoast_head_json":{"title":"Estuche de Aceite de oliva virgen extra de calidad premium - Aceites &Uacute;nicos","robots":{"index":"index","follow":"follow","max-snippet":"max-snippet:-1","max-image-preview":"max-image-preview:large","max-video-preview":"max-video-preview:-1"},"canonical":"https:\/\/aceitesunicos.com\/en\/producto\/estuche-aceite-de-oliva-virgen-extra\/","og_locale":"en_US","og_type":"article","og_title":"Estuche de Aceite de oliva virgen extra de calidad premium - Aceites &Uacute;nicos","og_description":"Superior quality extra virgin olive oil from the Picual variety, in a 500ml can shaped like an ingot.  Premium quality extra virgin olive oil, from the\u00a0first press, extracted only from olives of the Picual variety that have been harvested at their best point of maturity, between the months of November and December.  &nbsp;  With great stability and characteristic fruity green colour, it has a\u00a0fresh aroma\u00a0with a touch of\u00a0apple and wood,\u00a0with a medium bitterness and slightly spicy taste. An oil with a great body and strong taste in the mouth.  &nbsp;  Packaged in a can that is shaped like a\u00a0gold ingot,\u00a0which preserves the product from being exposed to the light and avoiding its early oxidation. Convenient dispenser cap which allows you to pour the exact amount without spilling the product.  &nbsp;  500 ml Can","og_url":"https:\/\/aceitesunicos.com\/en\/producto\/estuche-aceite-de-oliva-virgen-extra\/","og_site_name":"Aceites &Uacute;nicos","article_modified_time":"2021-05-28T10:16:44+00:00","og_image":[{"width":600,"height":600,"url":"https:\/\/aceitesunicos.com\/wp-content\/uploads\/2021\/05\/estuche-dorado.jpg","type":"image\/jpeg"}],"twitter_card":"summary_large_image","schema":{"@context":"https:\/\/schema.org","@graph":[{"@type":"WebPage","@id":"https:\/\/aceitesunicos.com\/en\/producto\/estuche-aceite-de-oliva-virgen-extra\/","url":"https:\/\/aceitesunicos.com\/en\/producto\/estuche-aceite-de-oliva-virgen-extra\/","name":"Estuche de Aceite de oliva virgen extra de calidad premium - Aceites &Uacute;nicos","isPartOf":{"@id":"https:\/\/aceitesunicos.com\/en\/#website"},"primaryImageOfPage":{"@id":"https:\/\/aceitesunicos.com\/en\/producto\/estuche-aceite-de-oliva-virgen-extra\/#primaryimage"},"image":{"@id":"https:\/\/aceitesunicos.com\/en\/producto\/estuche-aceite-de-oliva-virgen-extra\/#primaryimage"},"thumbnailUrl":"https:\/\/aceitesunicos.com\/wp-content\/uploads\/2021\/05\/estuche-dorado.jpg","datePublished":"2021-05-20T09:27:29+00:00","dateModified":"2021-05-28T10:16:44+00:00","breadcrumb":{"@id":"https:\/\/aceitesunicos.com\/en\/producto\/estuche-aceite-de-oliva-virgen-extra\/#breadcrumb"},"inLanguage":"en-US","potentialAction":[{"@type":"ReadAction","target":["https:\/\/aceitesunicos.com\/en\/producto\/estuche-aceite-de-oliva-virgen-extra\/"]}]},{"@type":"ImageObject","inLanguage":"en-US","@id":"https:\/\/aceitesunicos.com\/en\/producto\/estuche-aceite-de-oliva-virgen-extra\/#primaryimage","url":"https:\/\/aceitesunicos.com\/wp-content\/uploads\/2021\/05\/estuche-dorado.jpg","contentUrl":"https:\/\/aceitesunicos.com\/wp-content\/uploads\/2021\/05\/estuche-dorado.jpg","width":600,"height":600,"caption":"estuche de lata de aceite en color dorado es una presentaci\u00f3n sofisticada y funcional que realza el valor del productos. Este acabado met\u00e1lico no solo aporta elegancia y distinci\u00f3n, sino que tambi\u00e9n protege el aceite de la luz y el aire, preservando su frescura y calidad. Ideal para aceites."},{"@type":"BreadcrumbList","@id":"https:\/\/aceitesunicos.com\/en\/producto\/estuche-aceite-de-oliva-virgen-extra\/#breadcrumb","itemListElement":[{"@type":"ListItem","position":1,"name":"Home","item":"https:\/\/aceitesunicos.com\/en\/"},{"@type":"ListItem","position":2,"name":"Shop","item":"https:\/\/aceitesunicos.com\/en\/shop-2\/"},{"@type":"ListItem","position":3,"name":"Estuche de Aceite de oliva virgen extra de calidad premium"}]},{"@type":"WebSite","@id":"https:\/\/aceitesunicos.com\/en\/#website","url":"https:\/\/aceitesunicos.com\/en\/","name":"Aceites &Uacute;nicos","description":"Aceites &Uacute;nicos","potentialAction":[{"@type":"SearchAction","target":{"@type":"EntryPoint","urlTemplate":"https:\/\/aceitesunicos.com\/en\/?s={search_term_string}"},"query-input":{"@type":"PropertyValueSpecification","valueRequired":true,"valueName":"search_term_string"}}],"inLanguage":"en-US"}]}},"_links":{"self":[{"href":"https:\/\/aceitesunicos.com\/en\/wp-json\/wp\/v2\/product\/6566","targetHints":{"allow":["GET"]}}],"collection":[{"href":"https:\/\/aceitesunicos.com\/en\/wp-json\/wp\/v2\/product"}],"about":[{"href":"https:\/\/aceitesunicos.com\/en\/wp-json\/wp\/v2\/types\/product"}],"wp:featuredmedia":[{"embeddable":true,"href":"https:\/\/aceitesunicos.com\/en\/wp-json\/wp\/v2\/media\/6492"}],"wp:attachment":[{"href":"https:\/\/aceitesunicos.com\/en\/wp-json\/wp\/v2\/media?parent=6566"}],"wp:term":[{"taxonomy":"product_brand","embeddable":true,"href":"https:\/\/aceitesunicos.com\/en\/wp-json\/wp\/v2\/product_brand?post=6566"},{"taxonomy":"product_cat","embeddable":true,"href":"https:\/\/aceitesunicos.com\/en\/wp-json\/wp\/v2\/product_cat?post=6566"},{"taxonomy":"product_tag","embeddable":true,"href":"https:\/\/aceitesunicos.com\/en\/wp-json\/wp\/v2\/product_tag?post=6566"}],"curies":[{"name":"wp","href":"https:\/\/api.w.org\/{rel}","templated":true}]}}